{"id":10558,"date":"2026-02-05T16:07:57","date_gmt":"2026-02-05T15:07:57","guid":{"rendered":"https:\/\/web-dev.sondermuenze.ch\/?page_id=10558"},"modified":"2026-02-05T16:20:49","modified_gmt":"2026-02-05T15:20:49","slug":"silbermedaille-wmf26","status":"publish","type":"page","link":"https:\/\/web-dev.sondermuenze.ch\/de\/silbermedaille-wmf26\/","title":{"rendered":"Silbermedaille World Money Fair 2026"},"content":{"rendered":"<div class=\"wpb-content-wrapper\">[vc_row][vc_column]<div class=\"section__text section__text--center intro-animation intro-animation--bottom\"><h1>Silbermedaille World Money Fair 2026<\/h1>\n<\/div><div class=\"section__text section__text--lead section__text--center intro-animation intro-animation--bottom\"><p>Auf der World Money Fair 2026, die vom 29. bis 31. Januar 2026 in Berlin stattfand, wurden alle 600 Exemplare der Medaille erfolgreich verkauft. An jedem Messetag wurden 200 Medaillen zum Verkauf angeboten.<\/p>\n<\/div><div class=\"section__teaser\"><div class=\"teaser row\"><div class=\"teaser__media col-l-6 col-xs-12 intro-animation-mobile\"><div class=\"picture_container picture_container--cover picture_container--hover\"><picture><source srcset=\"https:\/\/web-dev.sondermuenze.ch\/wp-content\/uploads\/fabia-2-new-960x850.jpg\"><img loading=\"lazy\" decoding=\"async\" src=\"https:\/\/web-dev.sondermuenze.ch\/wp-content\/uploads\/fabia-2-new-960x850.jpg\" alt=\"Eine einzigartige Medaille \" width=\"960\" height=\"850\"\/><\/picture><a href=\"https:\/\/worldmoneyfair.de\/\" class=\"full\" target=\"_blank\" rel=\"noopener noreferrer\" >Mehr \u00fcber die World Money Fair erfahren<\/a><\/div><\/div><div class=\"teaser__content col-l-6 col-xs-12 intro-animation intro-animation--left\"><div class=\"teaser__content__inside row_simple\"><h2>Eine einzigartige Medaille <\/h2><div class=\"teaser__content__container\"><p>Diese aussergew\u00f6hnliche Medaille wurde aus 999er Silber gepr\u00e4gt, wiegt 20 Gramm und verf\u00fcgt \u00fcber ein Hochrelief von 0,75 mm \u2013 dreimal so hoch wie der \u00fcbliche Standard von 0,25 mm. Diese aussergew\u00f6hnliche Pr\u00e4gequalit\u00e4t verleiht dem Motiv eine beeindruckende Tiefe. Dar\u00fcber hinaus ist die Medaille mit einer Randschrift in drei Landessprachen versehen \u2013 + SUISSE + + SCHWEIZ + + SVIZZERA + \u2013, getrennt durch Schweizer Kreuze, die ihren offiziellen und helvetischen Charakter unterstreichen. Jedes Exemplar ist zudem direkt auf der Medaille mit einer individuellen Lasernummerierung versehen.<\/p>\n<div class=\"button button--arrow button--transparent\"><a href=\"https:\/\/worldmoneyfair.de\/\" class=\"full\" target=\"_blank\" rel=\"noopener noreferrer\" >Mehr \u00fcber die World Money Fair erfahren<\/a><span><svg class=\"icon icon--arrow icon--arrow-left\"><use href=\"#icon_arrow\"><\/use><\/svg><span>Mehr \u00fcber die World Money Fair erfahren<\/span><svg class=\"icon icon--arrow icon--arrow-right\"><use href=\"#icon_arrow\"><\/use><\/svg><\/span><\/div><\/div><\/div><\/div><\/div><\/div><div class=\"section__teaser_special\"><div class=\"teaser_special row_simple reverse \"><div class=\"teaser_special__media col-l-6 col-xs-12 intro-animation-mobile\"><div class=\"picture_container\"><picture><source srcset=\"https:\/\/web-dev.sondermuenze.ch\/wp-content\/uploads\/swissmint-wmf-ib1-final-scaled.jpg\"><img loading=\"lazy\" decoding=\"async\" src=\"https:\/\/web-dev.sondermuenze.ch\/wp-content\/uploads\/swissmint-wmf-ib1-final-scaled.jpg\" alt=\"Medaille World Money fair 2026\" width=\"2560\" height=\"2560\"\/><\/picture><\/div><\/div><div class=\"teaser_special__content col-l-6 col-xs-12 intro-animation intro-animation--right\"><div class=\"teaser_special__content__inside\"><h2>Angaben der Medaille<\/h2>\n<p>Legierung: Silber 999<br \/>\nDurchmesser: 33 mm<br \/>\nGewicht: 20 g<br \/>\nRelief: 0.75mm auf die Bildseite<br \/>\nRandschrift: + SUISSE + + SCHWEIZ + + SVIZZERA +<br \/>\nAuflage: 600 nummerierte St\u00fccke in polierte Platte<br \/>\nPreis: 110 EUR<\/p>\n<\/div><\/div><\/div><\/div>[\/vc_column][\/vc_row]<\/div>","protected":false},"excerpt":{"rendered":"[vc_row][vc_column][\/vc_column][\/vc_row]","protected":false},"author":4,"featured_media":0,"parent":0,"menu_order":8,"comment_status":"closed","ping_status":"closed","template":"","meta":{"_acf_changed":false,"footnotes":""},"class_list":["post-10558","page","type-page","status-publish","hentry"],"acf":[],"_links":{"self":[{"href":"https:\/\/web-dev.sondermuenze.ch\/de\/wp-json\/wp\/v2\/pages\/10558","targetHints":{"allow":["GET"]}}],"collection":[{"href":"https:\/\/web-dev.sondermuenze.ch\/de\/wp-json\/wp\/v2\/pages"}],"about":[{"href":"https:\/\/web-dev.sondermuenze.ch\/de\/wp-json\/wp\/v2\/types\/page"}],"author":[{"embeddable":true,"href":"https:\/\/web-dev.sondermuenze.ch\/de\/wp-json\/wp\/v2\/users\/4"}],"replies":[{"embeddable":true,"href":"https:\/\/web-dev.sondermuenze.ch\/de\/wp-json\/wp\/v2\/comments?post=10558"}],"version-history":[{"count":3,"href":"https:\/\/web-dev.sondermuenze.ch\/de\/wp-json\/wp\/v2\/pages\/10558\/revisions"}],"predecessor-version":[{"id":10561,"href":"https:\/\/web-dev.sondermuenze.ch\/de\/wp-json\/wp\/v2\/pages\/10558\/revisions\/10561"}],"wp:attachment":[{"href":"https:\/\/web-dev.sondermuenze.ch\/de\/wp-json\/wp\/v2\/media?parent=10558"}],"curies":[{"name":"wp","href":"https:\/\/api.w.org\/{rel}","templated":true}]}}