{"id":24,"date":"2022-10-24T09:06:34","date_gmt":"2022-10-24T07:06:34","guid":{"rendered":"https:\/\/web-dev.sondermuenze.ch\/?page_id=24"},"modified":"2026-02-19T16:57:53","modified_gmt":"2026-02-19T15:57:53","slug":"startseite","status":"publish","type":"page","link":"https:\/\/web-dev.sondermuenze.ch\/de\/","title":{"rendered":"Eidgen\u00f6ssische Sonder\u00adm\u00fcnzen"},"content":{"rendered":"<div class=\"wpb-content-wrapper\">[vc_row][vc_column]<div class=\"section__text section__text--lead section__text--center intro-animation intro-animation--bottom\"><p>Die eidgen\u00f6ssische M\u00fcnzst\u00e4tte Swissmint pr\u00e4gt im Auftrag der schweizerischen Eidgenossenschaft den Schweizer Franken. Seit 1936 pr\u00e4gt sie zudem Sonderm\u00fcnzen zur Erinnerung an bedeutende historische und kulturelle Ereignisse oder zu Ehren grosser Pers\u00f6nlichkeiten. Jede dieser Sonderm\u00fcnzen ist ein Kleinstkunstwerk in k\u00fcnstlerisch und handwerklich einzigartiger Tradition.<\/p>\n<\/div><div class=\"section__teaser\"><div class=\"teaser row\"><div class=\"teaser__media col-l-6 col-xs-12 intro-animation-mobile\"><div class=\"picture_container picture_container--cover picture_container--hover\"><picture><source srcset=\"https:\/\/web-dev.sondermuenze.ch\/wp-content\/uploads\/unternehmen-swissmint-960x850.jpg\"><img loading=\"lazy\" decoding=\"async\" src=\"https:\/\/web-dev.sondermuenze.ch\/wp-content\/uploads\/unternehmen-swissmint-960x850.jpg\" alt=\"Das Unternehmen Swissmint\" width=\"960\" height=\"850\"\/><\/picture><a href=\"https:\/\/web-dev.sondermuenze.ch\/de\/unternehmen\/\" class=\"full\">Zum Unternehmen<\/a><\/div><\/div><div class=\"teaser__content col-l-6 col-xs-12 intro-animation intro-animation--left\"><div class=\"teaser__content__inside row_simple\"><h2>Das Unternehmen Swissmint<\/h2><div class=\"teaser__content__container\"><div class=\"button button--arrow button--transparent\"><a href=\"https:\/\/web-dev.sondermuenze.ch\/de\/unternehmen\/\" class=\"full\">Zum Unternehmen<\/a><span><svg class=\"icon icon--arrow icon--arrow-left\"><use href=\"#icon_arrow\"><\/use><\/svg><span>Zum Unternehmen<\/span><svg class=\"icon icon--arrow icon--arrow-right\"><use href=\"#icon_arrow\"><\/use><\/svg><\/span><\/div><\/div><\/div><\/div><\/div><\/div><div class=\"section__teaser\"><div class=\"teaser row reverse\"><div class=\"teaser__media col-l-6 col-xs-12 intro-animation-mobile\"><div class=\"picture_container picture_container--cover picture_container--hover\"><picture><source srcset=\"https:\/\/web-dev.sondermuenze.ch\/wp-content\/uploads\/muenzstaette-swissmint-960x850.jpg\"><img loading=\"lazy\" decoding=\"async\" src=\"https:\/\/web-dev.sondermuenze.ch\/wp-content\/uploads\/muenzstaette-swissmint-960x850.jpg\" alt=\"Die M\u00fcnzst\u00e4tte\" width=\"960\" height=\"850\"\/><\/picture><a href=\"https:\/\/web-dev.sondermuenze.ch\/de\/unternehmen\/#muenzstaette\" class=\"full\">Zur M\u00fcnzst\u00e4tte<\/a><\/div><\/div><div class=\"teaser__content col-l-6 col-xs-12 intro-animation intro-animation--right\"><div class=\"teaser__content__inside row_simple\"><h2>Die M\u00fcnz\u00adst\u00e4tte<\/h2><div class=\"teaser__content__container\"><div class=\"button button--arrow button--transparent\"><a href=\"https:\/\/web-dev.sondermuenze.ch\/de\/unternehmen\/#muenzstaette\" class=\"full\">Zur M\u00fcnzst\u00e4tte<\/a><span><svg class=\"icon icon--arrow icon--arrow-left\"><use href=\"#icon_arrow\"><\/use><\/svg><span>Zur M\u00fcnzst\u00e4tte<\/span><svg class=\"icon icon--arrow icon--arrow-right\"><use href=\"#icon_arrow\"><\/use><\/svg><\/span><\/div><\/div><\/div><\/div><\/div><\/div><div class=\"section__title section__title--center intro-animation intro-animation--bottom\"><h2>Geburtstags M\u00fcnzsatz Erwachsene<\/h2><\/div><div class=\"section__coin_set fullwidth\"><div class=\"coin_set\"><div class=\"coin_set__inside inside intro-animation-container\"><div class=\"coin_set__image intro-animation intro-animation--top\"><div class=\"picture_container\"><picture><source media=\"(min-width: 768px)\" srcset=\"https:\/\/web-dev.sondermuenze.ch\/wp-content\/uploads\/swissmint-startseite-verpackung-mockup-offen-geburtstag-erwachsene-1400x820px-1.png\"><source media=\"(max-width: 767.98px)\" srcset=\"https:\/\/web-dev.sondermuenze.ch\/wp-content\/uploads\/swissmint-startseite-verpackung-mockup-offen-geburtstag-erwachsene-768x660px.png\"><img decoding=\"async\" src=\"https:\/\/web-dev.sondermuenze.ch\/wp-content\/uploads\/swissmint-startseite-verpackung-mockup-offen-geburtstag-erwachsene-1400x820px-1.png\" alt=\"Geburtstags M\u00fcnzsatz Erwachsene\"><\/picture><\/div><\/div><div class=\"coin_set__content intro-animation intro-animation--left\"><p>Ein ganz besonderes Geschenk, M\u00fcnzsatz aus dem aktuellen Jahr mit Sternzeichen und Grusskarte.<\/p><div class=\"button button--arrow button--filled\"><a href=\"https:\/\/www.swissmintshop.admin.ch\/de\/c\/MUENZSAETZE\" class=\"full\" target=\"_blank\" rel=\"noopener noreferrer\">M\u00fcnzsatz kaufen<\/a><span><svg class=\"icon icon--arrow icon--arrow-left\"><use href=\"#icon_arrow\"><\/use><\/svg><span>M\u00fcnzsatz kaufen<\/span><svg class=\"icon icon--arrow icon--arrow-right\"><use href=\"#icon_arrow\"><\/use><\/svg><\/span><\/div><\/div><\/div><\/div><\/div><div class=\"section__title section__title--center intro-animation intro-animation--bottom\"><h2>Aus dem Magazin<\/h2><\/div><div class=\"section__magazines_preview\"><div class=\"preview__row preview__row--big row intro-animation-container\"><div class=\"preview col-s-6 col-xs-12 intro-animation intro-animation--bottom\"><div class=\"preview__media\"><div class=\"picture_container picture_container--hover\"><picture><source srcset=\"https:\/\/web-dev.sondermuenze.ch\/wp-content\/uploads\/11-620x620-2.jpg\"><img loading=\"lazy\" decoding=\"async\" src=\"https:\/\/web-dev.sondermuenze.ch\/wp-content\/uploads\/11-620x620-2.jpg\" alt=\"Ausserkurssetzung der Einrappenst\u00fccke \" width=\"620\" height=\"620\"\/><\/picture><a href=\"https:\/\/web-dev.sondermuenze.ch\/de\/magazin\/ausserkurssetzung-der-einrappenstuecke\/\" class=\"full\">Zum Beitrag<\/a><\/div><\/div><div class=\"preview__content\"><span class=\"meta\">Aus dem Archiv<\/span><h3 class=\"typography--h3-small\"><a href=\"https:\/\/web-dev.sondermuenze.ch\/de\/magazin\/ausserkurssetzung-der-einrappenstuecke\/\">Ausserkurssetzung der Einrappenst\u00fccke <\/a><\/h3><div class=\"button button--arrow button--transparent\"><a href=\"https:\/\/web-dev.sondermuenze.ch\/de\/magazin\/ausserkurssetzung-der-einrappenstuecke\/\" class=\"full\">Zum Beitrag<\/a><span><svg class=\"icon icon--arrow icon--arrow-left\"><use href=\"#icon_arrow\"><\/use><\/svg><span>Zum Beitrag<\/span><svg class=\"icon icon--arrow icon--arrow-right\"><use href=\"#icon_arrow\"><\/use><\/svg><\/span><\/div><\/div><\/div><div class=\"preview col-s-6 col-xs-12 intro-animation intro-animation--bottom\"><div class=\"preview__media\"><div class=\"picture_container picture_container--hover\"><picture><source srcset=\"https:\/\/web-dev.sondermuenze.ch\/wp-content\/uploads\/09-620x620-2.jpg\"><img loading=\"lazy\" decoding=\"async\" src=\"https:\/\/web-dev.sondermuenze.ch\/wp-content\/uploads\/09-620x620-2.jpg\" alt=\"Von der Idee bis zur versandfertigen Sonderm\u00fcnze\" width=\"620\" height=\"620\"\/><\/picture><a href=\"https:\/\/web-dev.sondermuenze.ch\/de\/magazin\/von-der-idee-bis-zur-versandfertigen-sondermuenze\/\" class=\"full\">Zum Beitrag<\/a><\/div><\/div><div class=\"preview__content\"><span class=\"meta\">Sonderm\u00fcnzen<\/span><h3 class=\"typography--h3-small\"><a href=\"https:\/\/web-dev.sondermuenze.ch\/de\/magazin\/von-der-idee-bis-zur-versandfertigen-sondermuenze\/\">Von der Idee bis zur versandfertigen Sonderm\u00fcnze<\/a><\/h3><div class=\"button button--arrow button--transparent\"><a href=\"https:\/\/web-dev.sondermuenze.ch\/de\/magazin\/von-der-idee-bis-zur-versandfertigen-sondermuenze\/\" class=\"full\">Zum Beitrag<\/a><span><svg class=\"icon icon--arrow icon--arrow-left\"><use href=\"#icon_arrow\"><\/use><\/svg><span>Zum Beitrag<\/span><svg class=\"icon icon--arrow icon--arrow-right\"><use href=\"#icon_arrow\"><\/use><\/svg><\/span><\/div><\/div><\/div><\/div><\/div><div class=\"section__coins_preview fullwidth\" style=\"background-image: url(\/wp-content\/themes\/swissmint_child\/img\/bg-swissmint.jpg);\"><div class=\"coins_container coins_container--button inside\"><div class=\"coins row center-xs intro-animation-container\"><div class=\"coin col-l-4 col-xs-12 intro-animation intro-animation--bottom\"><div class=\"coin__media_container\"><div class=\"coin__media\"><div class=\"coin__media__face coin__media__face--heads\"><img loading=\"lazy\" decoding=\"async\" src=\"https:\/\/web-dev.sondermuenze.ch\/wp-content\/uploads\/swissmint-tier-des-jahres-igel-10fr-bs-620x620px.png\" alt=\"Bimetallm\u00fcnze Tier des Jahres: der Igel\" width=\"310\" height=\"310\"\/><\/div><div class=\"coin__media__face coin__media__face--tails\"><img loading=\"lazy\" decoding=\"async\" src=\"https:\/\/web-dev.sondermuenze.ch\/wp-content\/uploads\/swissmint-tier-des-jahres-igel-10fr-ws-620x620px.png\" alt=\"Bimetallm\u00fcnze Tier des Jahres: der Igel\" width=\"310\" height=\"310\"\/><\/div><\/div><\/div><div class=\"coin__content\"><h3 class=\"typography--h3-tiny\"><a href=\"https:\/\/www.swissmintshop.admin.ch\/de\/product\/000000000510000933\/der-igel-polierte-platte\" target=\"_blank\" rel=\"noopener noreferrer\">Bimetallm\u00fcnze Tier des Jahres: der Igel<\/a><\/h3><p>Die von Pro Natura ausgew\u00e4hlte Tierart 2026 steht symbolisch f\u00fcr Artenvielfalt, Naturschutz und die enge Verbindung zwischen Mensch und Umwelt in der Schweiz.<\/p><div class=\"button button--arrow button--transparent button--white\"><a href=\"https:\/\/www.swissmintshop.admin.ch\/de\/product\/000000000510000933\/der-igel-polierte-platte\" class=\"full\" target=\"_blank\" rel=\"noopener noreferrer\">M\u00fcnze bestellen<\/a><span><svg class=\"icon icon--arrow icon--arrow-left\"><use href=\"#icon_arrow\"><\/use><\/svg><span>M\u00fcnze bestellen<\/span><svg class=\"icon icon--arrow icon--arrow-right\"><use href=\"#icon_arrow\"><\/use><\/svg><\/span><\/div><\/div><\/div><div class=\"coin col-l-4 col-xs-12 intro-animation intro-animation--bottom\"><div class=\"coin__media_container\"><div class=\"coin__media\"><div class=\"coin__media__face coin__media__face--heads\"><img loading=\"lazy\" decoding=\"async\" src=\"https:\/\/web-dev.sondermuenze.ch\/wp-content\/uploads\/swissmint-lac-leman-bs-620x620px.png\" alt=\"Silberm\u00fcnze Genfersee\" width=\"310\" height=\"310\"\/><\/div><div class=\"coin__media__face coin__media__face--tails\"><img loading=\"lazy\" decoding=\"async\" src=\"https:\/\/web-dev.sondermuenze.ch\/wp-content\/uploads\/swissmint-lac-leman-ws-620x620px.png\" alt=\"Silberm\u00fcnze Genfersee\" width=\"310\" height=\"310\"\/><\/div><\/div><\/div><div class=\"coin__content\"><h3 class=\"typography--h3-tiny\"><a href=\"https:\/\/www.swissmintshop.admin.ch\/de\/product\/000000000510000931\/genfersee-polierte-platte\" target=\"_blank\" rel=\"noopener noreferrer\">Silberm\u00fcnze Genfersee<\/a><\/h3><p>Die Sonderm\u00fcnze \"Genfersee\" aus Feinsilber (999) ist die dritte Ausgabe der vierteiligen Serie \u00abSchweizer Seen\u00bb und w\u00fcrdigt den gr\u00f6ssten See der Schweiz als einzigartiges Natur- und Kulturerbe im Herzen Europas.<\/p><div class=\"button button--arrow button--transparent button--white\"><a href=\"https:\/\/www.swissmintshop.admin.ch\/de\/product\/000000000510000931\/genfersee-polierte-platte\" class=\"full\" target=\"_blank\" rel=\"noopener noreferrer\">M\u00fcnze bestellen<\/a><span><svg class=\"icon icon--arrow icon--arrow-left\"><use href=\"#icon_arrow\"><\/use><\/svg><span>M\u00fcnze bestellen<\/span><svg class=\"icon icon--arrow icon--arrow-right\"><use href=\"#icon_arrow\"><\/use><\/svg><\/span><\/div><\/div><\/div><div class=\"coin col-l-4 col-xs-12 intro-animation intro-animation--bottom\"><div class=\"coin__media_container\"><div class=\"coin__media\"><div class=\"coin__media__face coin__media__face--heads\"><img loading=\"lazy\" decoding=\"async\" src=\"https:\/\/web-dev.sondermuenze.ch\/wp-content\/uploads\/swissmint-lago-di-lugano-20fr-bs-620x620px-300dpi.png\" alt=\"Silberm\u00fcnze Luganersee\" width=\"310\" height=\"310\"\/><\/div><div class=\"coin__media__face coin__media__face--tails\"><img loading=\"lazy\" decoding=\"async\" src=\"https:\/\/web-dev.sondermuenze.ch\/wp-content\/uploads\/swissmint-lago-di-lugano-20fr-ws-620x620px-300dpi.png\" alt=\"Silberm\u00fcnze Luganersee\" width=\"310\" height=\"310\"\/><\/div><\/div><\/div><div class=\"coin__content\"><h3 class=\"typography--h3-tiny\"><a href=\"https:\/\/www.swissmintshop.admin.ch\/de\/product\/000000000510000881\/luganersee-polierte-platte\" target=\"_blank\" rel=\"noopener noreferrer\">Silberm\u00fcnze Luganersee<\/a><\/h3><p>Mit der neuen Sonderm\u00fcnzserie \u00abSchweizer Seen\u00bb werden die Schweizer Gew\u00e4sser verewigt in Silber. Den Auftakt der neuen Serie bilden die beiden Silberm\u00fcnzen \u00abLago Maggiore\u00bb und \u00abLuganersee\u00bb.<\/p><div class=\"button button--arrow button--transparent button--white\"><a href=\"https:\/\/www.swissmintshop.admin.ch\/de\/product\/000000000510000881\/luganersee-polierte-platte\" class=\"full\" target=\"_blank\" rel=\"noopener noreferrer\">M\u00fcnze bestellen<\/a><span><svg class=\"icon icon--arrow icon--arrow-left\"><use href=\"#icon_arrow\"><\/use><\/svg><span>M\u00fcnze bestellen<\/span><svg class=\"icon icon--arrow icon--arrow-right\"><use href=\"#icon_arrow\"><\/use><\/svg><\/span><\/div><\/div><\/div><\/div><div class=\"coins_button intro-animation intro-animation--bottom\"><div class=\"button button--arrow button--filled button--white\"><a href=\"https:\/\/web-dev.sondermuenze.ch\/de\/sondermuenzen\/#muenzen\" class=\"full\">Zu allen Sonderm\u00fcnzen<\/a><span><svg class=\"icon icon--arrow icon--arrow-left\"><use href=\"#icon_arrow\"><\/use><\/svg><span>Zu allen Sonderm\u00fcnzen<\/span><svg class=\"icon icon--arrow icon--arrow-right\"><use href=\"#icon_arrow\"><\/use><\/svg><\/span><\/div><\/div><\/div><\/div>[\/vc_column][\/vc_row]<\/div>","protected":false},"excerpt":{"rendered":"[vc_row][vc_column][\/vc_column][\/vc_row]","protected":false},"author":1,"featured_media":0,"parent":0,"menu_order":14,"comment_status":"closed","ping_status":"closed","template":"","meta":{"_acf_changed":false,"footnotes":""},"class_list":["post-24","page","type-page","status-publish","hentry"],"acf":[],"_links":{"self":[{"href":"https:\/\/web-dev.sondermuenze.ch\/de\/wp-json\/wp\/v2\/pages\/24","targetHints":{"allow":["GET"]}}],"collection":[{"href":"https:\/\/web-dev.sondermuenze.ch\/de\/wp-json\/wp\/v2\/pages"}],"about":[{"href":"https:\/\/web-dev.sondermuenze.ch\/de\/wp-json\/wp\/v2\/types\/page"}],"author":[{"embeddable":true,"href":"https:\/\/web-dev.sondermuenze.ch\/de\/wp-json\/wp\/v2\/users\/1"}],"replies":[{"embeddable":true,"href":"https:\/\/web-dev.sondermuenze.ch\/de\/wp-json\/wp\/v2\/comments?post=24"}],"version-history":[{"count":45,"href":"https:\/\/web-dev.sondermuenze.ch\/de\/wp-json\/wp\/v2\/pages\/24\/revisions"}],"predecessor-version":[{"id":10623,"href":"https:\/\/web-dev.sondermuenze.ch\/de\/wp-json\/wp\/v2\/pages\/24\/revisions\/10623"}],"wp:attachment":[{"href":"https:\/\/web-dev.sondermuenze.ch\/de\/wp-json\/wp\/v2\/media?parent=24"}],"curies":[{"name":"wp","href":"https:\/\/api.w.org\/{rel}","templated":true}]}}