{"id":242,"date":"2022-12-05T14:11:41","date_gmt":"2022-12-05T13:11:41","guid":{"rendered":"https:\/\/web-dev.sondermuenze.ch\/?page_id=242"},"modified":"2023-01-30T16:06:17","modified_gmt":"2023-01-30T15:06:17","slug":"kontakt","status":"publish","type":"page","link":"https:\/\/web-dev.sondermuenze.ch\/de\/kontakt\/","title":{"rendered":"Kontakt"},"content":{"rendered":"<div class=\"wpb-content-wrapper\">[vc_row vc_row_checkbox=&#8220;true&#8220; el_class=&#8220;section&#8211;contact&#8220;][vc_column]<div class=\"section__title section__title--center intro-animation intro-animation--bottom\"><h1>Eidgen\u00f6ssische M\u00fcnzst\u00e4tte Swissmint<\/h1><\/div><div class=\"section__image section__image--center intro-animation intro-animation--bottom\"><div class=\"picture_container\"><picture><source media=\"(min-width: 768px)\" srcset=\"https:\/\/web-dev.sondermuenze.ch\/wp-content\/uploads\/swissmint-kontakt-1280x730px.jpg\"><source media=\"(max-width: 767.98px)\" srcset=\"https:\/\/web-dev.sondermuenze.ch\/wp-content\/uploads\/swissmint-kontakt-1280x730px-768x438.jpg\"><img loading=\"lazy\" decoding=\"async\" src=\"https:\/\/web-dev.sondermuenze.ch\/wp-content\/uploads\/swissmint-kontakt-1280x730px.jpg\" alt=\"Eidgen\u00f6ssische M\u00fcnzst\u00e4tte Swissmint\" width=\"1280\" height=\"730\" \/><\/picture><\/div><\/div><div class=\"section__text section__text--address intro-animation intro-animation--bottom\"><div class=\"address row_simple\"><div class=\"address__detail\"><p><b>Swissmint<\/b><br>Bernastrasse 28<br>3003 Bern<\/p><div class=\"button button--arrow button--transparent\"><a href=\"https:\/\/maps.app.goo.gl\/pmrJ2jyKzKFrwDXJ8\" class=\"full\" target=\"_blank\" rel=\"noopener noreferrer nofollow\">Anfahrt<\/a><span><svg class=\"icon icon--arrow icon--arrow-left\"><use href=\"#icon_arrow\"><\/use><\/svg><span>Anfahrt<\/span><svg class=\"icon icon--arrow icon--arrow-right\"><use href=\"#icon_arrow\"><\/use><\/svg><\/span><\/div><\/div><div class=\"address__contact\"><div class=\"address__contact__phone\">Tel. <a href=\"tel:+41584800800\">+41 (0)58 4 800 800<\/a><\/div><div class=\"address__contact__fax\">Fax <span>+41 (0)58 462 60 07<\/span><\/div><div class=\"address__contact__email\">E-Mail <a href=\"mailto:info@swissmint.ch\" target=\"_blank\" rel=\"noopener\">info@swissmint.ch<\/a><\/div><\/div><\/div><\/div><div class=\"section__googlemaps intro-animation intro-animation--bottom\"><div id=\"googlemaps_1\" class=\"googlemaps\"><\/div><script>var map1; function initMap1() {var place = {lat: 46.9405866, lng: 7.4485749};map1 = new google.maps.Map(document.getElementById(\"googlemaps_1\"), {center: place,zoom: 17,zoomControl: true,streetViewControl: false,mapTypeControl: false,fullscreenControl: false,scrollwheel: false,styles: [ { \"featureType\": \"administrative\", \"elementType\": \"labels.text.fill\", \"stylers\": [ { \"color\": \"#444444\" } ] }, { \"featureType\": \"landscape\", \"elementType\": \"geometry.fill\", \"stylers\": [ { \"visibility\": \"on\" }, { \"hue\": \"#ff0000\" }, { \"saturation\": \"-100\" } ] }, { \"featureType\": \"landscape\", \"elementType\": \"geometry.stroke\", \"stylers\": [ { \"visibility\": \"on\" }, { \"hue\": \"#ff0000\" }, { \"saturation\": \"-100\" }, { \"lightness\": \"15\" }, { \"gamma\": \"1.00\" } ] }, { \"featureType\": \"poi\", \"elementType\": \"all\", \"stylers\": [ { \"visibility\": \"off\" } ] }, { \"featureType\": \"road\", \"elementType\": \"all\", \"stylers\": [ { \"saturation\": -100 }, { \"lightness\": 45 } ] }, { \"featureType\": \"road.highway\", \"elementType\": \"all\", \"stylers\": [ { \"visibility\": \"simplified\" } ] }, { \"featureType\": \"road.arterial\", \"elementType\": \"labels.icon\", \"stylers\": [ { \"visibility\": \"off\" } ] }, { \"featureType\": \"transit\", \"elementType\": \"all\", \"stylers\": [ { \"visibility\": \"on\" } ] }, { \"featureType\": \"transit.line\", \"elementType\": \"all\", \"stylers\": [ { \"visibility\": \"on\" }, { \"saturation\": \"0\" }, { \"lightness\": \"-10\" }, { \"gamma\": \"1.00\" } ] }, { \"featureType\": \"transit.station\", \"elementType\": \"all\", \"stylers\": [ { \"visibility\": \"on\" } ] }, { \"featureType\": \"water\", \"elementType\": \"all\", \"stylers\": [ { \"color\": \"#46bcec\" }, { \"visibility\": \"on\" } ] } ]});var icon = {url: \"\/wp-content\/themes\/swissmint_child\/img\/pin.png\",size: new google.maps.Size(45, 60),scaledSize: new google.maps.Size(45, 60)};var marker = new google.maps.Marker({position: place, map: map1,animation: google.maps.Animation.DROP,icon: icon});marker.addListener(\"click\", function(){window.open(\"https:\/\/maps.app.goo.gl\/pmrJ2jyKzKFrwDXJ8\", \"_blank\")});}<\/script><div class=\"googlemaps_site_plan inside\"><div class=\"button button--pdf\"><a href=\"https:\/\/web-dev.sondermuenze.ch\/wp-content\/uploads\/situationsplan-swissmint-dfie.pdf\" target=\"_blank\"><svg class=\"icon icon--download icon--download--top icon--black\"><use href=\"#icon_download\"><\/use><\/svg><span>Lageplan herunterladen<\/span><svg class=\"icon icon--download icon--download--bottom icon--black\"><use href=\"#icon_download\"><\/use><\/svg><\/a><\/div><\/div><\/div>[\/vc_column][\/vc_row]<\/div>","protected":false},"excerpt":{"rendered":"[vc_row vc_row_checkbox=&#8220;true&#8220; el_class=&#8220;section&#8211;contact&#8220;][vc_column][\/vc_column][\/vc_row]","protected":false},"author":1,"featured_media":0,"parent":0,"menu_order":138,"comment_status":"closed","ping_status":"closed","template":"","meta":{"_acf_changed":false,"footnotes":""},"class_list":["post-242","page","type-page","status-publish","hentry"],"acf":[],"_links":{"self":[{"href":"https:\/\/web-dev.sondermuenze.ch\/de\/wp-json\/wp\/v2\/pages\/242","targetHints":{"allow":["GET"]}}],"collection":[{"href":"https:\/\/web-dev.sondermuenze.ch\/de\/wp-json\/wp\/v2\/pages"}],"about":[{"href":"https:\/\/web-dev.sondermuenze.ch\/de\/wp-json\/wp\/v2\/types\/page"}],"author":[{"embeddable":true,"href":"https:\/\/web-dev.sondermuenze.ch\/de\/wp-json\/wp\/v2\/users\/1"}],"replies":[{"embeddable":true,"href":"https:\/\/web-dev.sondermuenze.ch\/de\/wp-json\/wp\/v2\/comments?post=242"}],"version-history":[{"count":0,"href":"https:\/\/web-dev.sondermuenze.ch\/de\/wp-json\/wp\/v2\/pages\/242\/revisions"}],"wp:attachment":[{"href":"https:\/\/web-dev.sondermuenze.ch\/de\/wp-json\/wp\/v2\/media?parent=242"}],"curies":[{"name":"wp","href":"https:\/\/api.w.org\/{rel}","templated":true}]}}