{"id":32,"date":"2022-10-24T09:07:18","date_gmt":"2022-10-24T07:07:18","guid":{"rendered":"https:\/\/web-dev.sondermuenze.ch\/?page_id=32"},"modified":"2026-03-27T13:45:43","modified_gmt":"2026-03-27T12:45:43","slug":"unternehmen","status":"publish","type":"page","link":"https:\/\/web-dev.sondermuenze.ch\/de\/unternehmen\/","title":{"rendered":"Unternehmen"},"content":{"rendered":"<div class=\"wpb-content-wrapper\">[vc_row][vc_column]<div class=\"section__text section__text--lead section__text--center intro-animation intro-animation--bottom\"><h1>Traditionsreiche und innovative Pr\u00e4gekunst<\/h1>\n<p>Swissmint versorgt im Auftrag der Eidgenossenschaft die Schweiz mit Umlaufm\u00fcnzen f\u00fcr den t\u00e4glichen Zahlungsverkehr. Seit 1936 pr\u00e4gt Swissmint ausserdem Sonderm\u00fcnzen wie zum Beispiel das bekannte Goldvreneli. Im Vordergrund unserer Arbeit stehen Handwerk und Qualit\u00e4t sowie Wirtschaftlichkeit und Nachhaltigkeit.<\/p>\n<\/div><div class=\"section__teaser\"><div class=\"teaser row\"><div class=\"teaser__media col-l-6 col-xs-12 intro-animation-mobile\"><div class=\"picture_container picture_container--cover\"><picture><source srcset=\"https:\/\/web-dev.sondermuenze.ch\/wp-content\/uploads\/swissmint-unternehmen-960x850px-960x850.jpg\"><img loading=\"lazy\" decoding=\"async\" src=\"https:\/\/web-dev.sondermuenze.ch\/wp-content\/uploads\/swissmint-unternehmen-960x850px-960x850.jpg\" alt=\"Fenster der Swissmint\" width=\"960\" height=\"850\"\/><\/picture><\/div><\/div><div class=\"teaser__content col-l-6 col-xs-12 intro-animation intro-animation--left\"><div class=\"teaser__content__inside row_simple\"><h2>Unsere Vision<\/h2><div class=\"teaser__content__container\"><p>Unsere Arbeit und unsere Kompetenz erm\u00f6glichen uns, die Schweiz mit f\u00e4lschungssicheren Umlaufm\u00fcnzen zu versorgen. Mit unserem Knowhow und unserer Flexibilit\u00e4t schaffen wir Kleinstkunstwerke und emotionale Werte. Im Zentrum steht ein Team von kreativen Mitarbeiterinnen und Mitarbeitern.<\/p>\n<div class=\"teaser__content__button button button--pdf\"><a href=\"https:\/\/web-dev.sondermuenze.ch\/wp-content\/uploads\/leitbild-swissmint-d.pdf\" target=\"_blank\"><svg class=\"icon icon--download icon--download--top icon--black\"><use href=\"#icon_download\"><\/use><\/svg><span>Leitbild als PDF herunterladen<\/span><svg class=\"icon icon--download icon--download--bottom icon--black\"><use href=\"#icon_download\"><\/use><\/svg><\/a><\/div><\/div><\/div><\/div><\/div><\/div>[\/vc_column][\/vc_row][vc_row][vc_column]<div class=\"section__text section__text--center intro-animation intro-animation--bottom\"><h2>Langj\u00e4hrige Schweizer Geschichte<\/h2>\n<p>Die Eidgen\u00f6ssische M\u00fcnzst\u00e4tte Swissmint steht seit 1906 im Kirchenfeldquartier in Bern und pr\u00e4gt seither den Schweizer Franken. Seit 1936 gibt die Schweizerische Eidgenossenschaft Sonderm\u00fcnzen zur Erinnerung an bedeutende historische und kulturelle Anl\u00e4sse oder zu Ehren grosser Pers\u00f6nlichkeiten heraus.<\/p>\n<\/div><div class=\"section__gallery\"><div class=\"gallery intro-animation intro-animation--bottom\"><div class=\"swiper swiper--gallery swiper--gallery1\"><div class=\"swiper-container\"><div class=\"swiper-wrapper\"><div class=\"swiper-slide gallery__img\"><div class=\"gallery__img__container\"><div class=\"picture_container\"><picture><source media=\"(min-width: 768px)\" srcset=\"https:\/\/web-dev.sondermuenze.ch\/wp-content\/uploads\/swissmint-geschichte-1-1280x760pxpx-1280x730.jpg\"><source media=\"(max-width: 767.98px)\" srcset=\"https:\/\/web-dev.sondermuenze.ch\/wp-content\/uploads\/swissmint-geschichte-1-1280x760pxpx-768x438.jpg\"><img loading=\"lazy\" decoding=\"async\" src=\"https:\/\/web-dev.sondermuenze.ch\/wp-content\/uploads\/swissmint-geschichte-1-1280x760pxpx-1280x730.jpg\" alt=\"Umsenken auf der grossen Friktionsspindelpresse\" width=\"1280\" height=\"730\" \/><\/picture><\/div><\/div><span class=\"gallery__desc\">Umsenken auf der grossen Friktionsspindelpresse<\/span><\/div><div class=\"swiper-slide gallery__img\"><div class=\"gallery__img__container\"><div class=\"picture_container\"><picture><source media=\"(min-width: 768px)\" srcset=\"https:\/\/web-dev.sondermuenze.ch\/wp-content\/uploads\/swissmint-geschichte-2-1280x760pxpx-1280x730.jpg\"><source media=\"(max-width: 767.98px)\" srcset=\"https:\/\/web-dev.sondermuenze.ch\/wp-content\/uploads\/swissmint-geschichte-2-1280x760pxpx-768x438.jpg\"><img loading=\"lazy\" decoding=\"async\" src=\"https:\/\/web-dev.sondermuenze.ch\/wp-content\/uploads\/swissmint-geschichte-2-1280x760pxpx-1280x730.jpg\" alt=\"In der Packerei werden die von den beiden Herren links auf einem Z\u00e4hlbrett abgez\u00e4hlten M\u00fcnzen von den Damen mit einem Trichter in die vorgefertigten Papierrollen abgef\u00fcllt.\" width=\"1280\" height=\"730\" \/><\/picture><\/div><\/div><span class=\"gallery__desc\">In der Packerei werden die von den beiden Herren links auf einem Z\u00e4hlbrett abgez\u00e4hlten M\u00fcnzen von den Damen mit einem Trichter in die vorgefertigten Papierrollen abgef\u00fcllt.<\/span><\/div><div class=\"swiper-slide gallery__img\"><div class=\"gallery__img__container\"><div class=\"picture_container\"><picture><source media=\"(min-width: 768px)\" srcset=\"https:\/\/web-dev.sondermuenze.ch\/wp-content\/uploads\/swissmint-geschichte-3-1280x760pxpx-1280x730.jpg\"><source media=\"(max-width: 767.98px)\" srcset=\"https:\/\/web-dev.sondermuenze.ch\/wp-content\/uploads\/swissmint-geschichte-3-1280x760pxpx-768x438.jpg\"><img loading=\"lazy\" decoding=\"async\" src=\"https:\/\/web-dev.sondermuenze.ch\/wp-content\/uploads\/swissmint-geschichte-3-1280x760pxpx-1280x730.jpg\" alt=\"Verifikation Rondellen\" width=\"1280\" height=\"730\" \/><\/picture><\/div><\/div><span class=\"gallery__desc\">Verifikation der Rondellen<\/span><\/div><div class=\"swiper-slide gallery__img\"><div class=\"gallery__img__container\"><div class=\"picture_container\"><picture><source media=\"(min-width: 768px)\" srcset=\"https:\/\/web-dev.sondermuenze.ch\/wp-content\/uploads\/swissmint-geschichte-4-1280x760pxpx-1280x730.jpg\"><source media=\"(max-width: 767.98px)\" srcset=\"https:\/\/web-dev.sondermuenze.ch\/wp-content\/uploads\/swissmint-geschichte-4-1280x760pxpx-768x438.jpg\"><img loading=\"lazy\" decoding=\"async\" src=\"https:\/\/web-dev.sondermuenze.ch\/wp-content\/uploads\/swissmint-geschichte-4-1280x760pxpx-1280x730.jpg\" alt=\"M\u00fcnzpr\u00e4gung. Die Rohlinge werden von Hand in den r\u00f6hrenf\u00f6rmigen Einf\u00fcllstutzen der Pr\u00e4gemaschine eingef\u00fcllt.\" width=\"1280\" height=\"730\" \/><\/picture><\/div><\/div><span class=\"gallery__desc\">M\u00fcnzpr\u00e4gung. Die Rohlinge werden von Hand in den r\u00f6hrenf\u00f6rmigen Einf\u00fcllstutzen der Pr\u00e4gemaschine eingef\u00fcllt.<\/span><\/div><div class=\"swiper-slide gallery__img\"><div class=\"gallery__img__container\"><div class=\"picture_container\"><picture><source media=\"(min-width: 768px)\" srcset=\"https:\/\/web-dev.sondermuenze.ch\/wp-content\/uploads\/swissmint-geschichte-5-1280x760pxpx-1280x730.jpg\"><source media=\"(max-width: 767.98px)\" srcset=\"https:\/\/web-dev.sondermuenze.ch\/wp-content\/uploads\/swissmint-geschichte-5-1280x760pxpx-768x438.jpg\"><img loading=\"lazy\" decoding=\"async\" src=\"https:\/\/web-dev.sondermuenze.ch\/wp-content\/uploads\/swissmint-geschichte-5-1280x760pxpx-1280x730.jpg\" alt=\"Pr\u00e4gen Umlaufmuenzen Pius Cotting\" width=\"1280\" height=\"730\" \/><\/picture><\/div><\/div><span class=\"gallery__desc\">Pr\u00e4gen der Umlaufm\u00fcnzen<\/span><\/div><div class=\"swiper-slide gallery__img\"><div class=\"gallery__img__container\"><div class=\"picture_container\"><picture><source media=\"(min-width: 768px)\" srcset=\"https:\/\/web-dev.sondermuenze.ch\/wp-content\/uploads\/swissmint-geschichte-6-1280x760pxpx-1280x730.jpg\"><source media=\"(max-width: 767.98px)\" srcset=\"https:\/\/web-dev.sondermuenze.ch\/wp-content\/uploads\/swissmint-geschichte-6-1280x760pxpx-768x438.jpg\"><img loading=\"lazy\" decoding=\"async\" src=\"https:\/\/web-dev.sondermuenze.ch\/wp-content\/uploads\/swissmint-geschichte-6-1280x760pxpx-1280x730.jpg\" alt=\"Handverpacken S\u00e4cke\" width=\"1280\" height=\"730\" \/><\/picture><\/div><\/div><span class=\"gallery__desc\">Handverpacken der S\u00e4cke<\/span><\/div><div class=\"swiper-slide gallery__img\"><div class=\"gallery__img__container\"><div class=\"picture_container\"><picture><source media=\"(min-width: 768px)\" srcset=\"https:\/\/web-dev.sondermuenze.ch\/wp-content\/uploads\/swissmint-geschichte-7-1280x760pxpx-1280x730.jpg\"><source media=\"(max-width: 767.98px)\" srcset=\"https:\/\/web-dev.sondermuenze.ch\/wp-content\/uploads\/swissmint-geschichte-7-1280x760pxpx-768x438.jpg\"><img loading=\"lazy\" decoding=\"async\" src=\"https:\/\/web-dev.sondermuenze.ch\/wp-content\/uploads\/swissmint-geschichte-7-1280x760pxpx-1280x730.jpg\" alt=\"Weichgl\u00fchen der Rondellen im Gl\u00fchofen\" width=\"1280\" height=\"730\" \/><\/picture><\/div><\/div><span class=\"gallery__desc\">Weichgl\u00fchen der Rondellen im Gl\u00fchofen<\/span><\/div><div class=\"swiper-slide gallery__img\"><div class=\"gallery__img__container\"><div class=\"picture_container\"><picture><source media=\"(min-width: 768px)\" srcset=\"https:\/\/web-dev.sondermuenze.ch\/wp-content\/uploads\/swissmint-geschichte-8-1280x760pxpx-1280x730.jpg\"><source media=\"(max-width: 767.98px)\" srcset=\"https:\/\/web-dev.sondermuenze.ch\/wp-content\/uploads\/swissmint-geschichte-8-1280x760pxpx-768x438.jpg\"><img loading=\"lazy\" decoding=\"async\" src=\"https:\/\/web-dev.sondermuenze.ch\/wp-content\/uploads\/swissmint-geschichte-8-1280x760pxpx-1280x730.jpg\" alt=\"Giesserei\" width=\"1280\" height=\"730\" \/><\/picture><\/div><\/div><span class=\"gallery__desc\">In der Giesserei<\/span><\/div><div class=\"swiper-slide gallery__img\"><div class=\"gallery__img__container\"><div class=\"picture_container\"><picture><source media=\"(min-width: 768px)\" srcset=\"https:\/\/web-dev.sondermuenze.ch\/wp-content\/uploads\/swissmint-geschichte-9-1280x760pxpx-1280x730.jpg\"><source media=\"(max-width: 767.98px)\" srcset=\"https:\/\/web-dev.sondermuenze.ch\/wp-content\/uploads\/swissmint-geschichte-9-1280x760pxpx-768x438.jpg\"><img loading=\"lazy\" decoding=\"async\" src=\"https:\/\/web-dev.sondermuenze.ch\/wp-content\/uploads\/swissmint-geschichte-9-1280x760pxpx-1280x730.jpg\" alt=\"Giessen der Zainen\" width=\"1280\" height=\"730\" \/><\/picture><\/div><\/div><span class=\"gallery__desc\">Giessen der Zainen<\/span><\/div><\/div><div class=\"swiper-pagination\"><\/div><\/div><div class=\"swiper-button swiper-button-prev\"><div class=\"swiper-button__container\"><div class=\"swiper-button__inside\"><svg class=\"icon icon--gallery-left icon--gallery-left--first icon--black\"><use href=\"#icon_gallery_left\"><\/use><\/svg><svg class=\"icon icon--gallery-left icon--gallery-left--second icon--black\"><use href=\"#icon_gallery_left\"><\/use><\/svg><\/div><\/div><\/div><div class=\"swiper-button swiper-button-next\"><div class=\"swiper-button__container\"><div class=\"swiper-button__inside\"><svg class=\"icon icon--gallery-right icon--gallery-right--second icon--black\"><use href=\"#icon_gallery_right\"><\/use><\/svg><svg class=\"icon icon--gallery-right icon--gallery-right--first icon--black\"><use href=\"#icon_gallery_right\"><\/use><\/svg><\/div><\/div><\/div><\/div><\/div><\/div>[\/vc_column][\/vc_row][vc_row vc_row_checkbox=&#8220;true&#8220; el_id=&#8220;muenzstaette&#8220;][vc_column]<div class=\"section__text section__text--center intro-animation intro-animation--bottom\"><h2>Die M\u00fcnzst\u00e4tte<\/h2>\n<p>Die eidgen\u00f6ssische M\u00fcnzst\u00e4tte Swissmint geniesst bei Numismatikern in der Schweiz und auf der ganzen Welt einen hervorragenden Ruf. Die Numismatik, auch M\u00fcnzkunde genannt, ist genau genommen die wissenschaftliche Besch\u00e4ftigung mit dem Geld und seiner Geschichte. Aber auch das M\u00fcnzsammeln wird gemeinhin als Numismatik bezeichnet. Es ist denn auch die Verbindung von M\u00fcnzen und Geschichte, die das Sammeln erst interessant macht. Dabei kann ein altes, abgen\u00fctztes St\u00fcck sicherlich mehr erz\u00e4hlen als eine gut erhaltene Pr\u00e4gung, die ihr ganzes Leben in einem Spark\u00e4sseli zugebracht hat. Trotzdem: Der Sammler bevorzugt M\u00fcnzen in m\u00f6glichst guter Erhaltung.<\/p>\n<\/div><div class=\"section__teaser_special\"><div class=\"teaser_special row_simple \"><div class=\"teaser_special__media col-l-6 col-xs-12 intro-animation-mobile\"><div class=\"picture_container\"><picture><source srcset=\"https:\/\/web-dev.sondermuenze.ch\/wp-content\/uploads\/704455674.jpg\"><img loading=\"lazy\" decoding=\"async\" src=\"https:\/\/web-dev.sondermuenze.ch\/wp-content\/uploads\/704455674.jpg\" alt=\"Vielen Senkstempeln\" width=\"1800\" height=\"1200\"\/><\/picture><\/div><\/div><div class=\"teaser_special__content col-l-6 col-xs-12 intro-animation intro-animation--left\"><div class=\"teaser_special__content__inside\"><p><strong>Vom K\u00fcnstlerischen Entwurf zum fertigen Stempel<\/strong><br \/>\nAm Anfang jeder M\u00fcnze steht der Entwurf des K\u00fcnstlers. Davon ausgehend, erstellt der Graveur auf dem Computer ein virtuelles dreidimensionales Bild. Entspricht dieses dem gew\u00fcnschten Resultat, wird auf Grund der Daten auf einer CNC-gesteuerten Fr\u00e4smaschine zun\u00e4chst ein \u00fcbergrosses Modell aus Kunststoff gefr\u00e4st. Dieses dient in erster Linie zur Begutachtung des Resultats der Umsetzung. Ist das Modell in Ordnung, kann das M\u00fcnzbild direkt ab den Daten auf M\u00fcnzgr\u00f6sse reduziert, in einen ungeh\u00e4rteten Stahlzylinder gefr\u00e4st werden. Zwischen 8\u201314 Stunden sind notwendig, um alle Einzelheiten des Modells in den ungeh\u00e4rteten Stahl zu \u00fcbertragen.<\/p>\n<p>Beim Umsenken wird jeweils der geh\u00e4rtete Stahl in einen ungeh\u00e4rteten Stahl eingedr\u00fcckt und es entsteht ein pr\u00e4ziser Abdruck der Vorlage. Mit Hilfe des Senkstempels fabriziert man schliesslich die eigentlichen Pr\u00e4gestempel im Negativ. Diese werden nach dem Umsenken in die richtige Form gedreht, geh\u00e4rtet und um die Lebensdauer zu verl\u00e4ngern eine d\u00fcnne und harte Chromschicht aufgebracht. Mit einem Paar Pr\u00e4gestempel lassen sich bis zu 1 Million Geldst\u00fccke pr\u00e4gen.<\/p>\n<\/div><\/div><\/div><\/div><div class=\"section__text intro-animation intro-animation--bottom\"><p><strong>Pr\u00e4gung und Verpackung der Sonderm\u00fcnzen<\/strong><br \/>\nIm Gegensatz zu den Umlaufm\u00fcnzen, die im normalen Durchlauf gepr\u00e4gt werden, erfolgt die Pr\u00e4gung der Sonderm\u00fcnzen entweder im reduzierten Durchlauf f\u00fcr die M\u00fcnzen in der Stempelglanz-Qualit\u00e4t oder einzeln im Doppelschlag f\u00fcr die M\u00fcnzen in polierter Platte (auch Proof, PP oder Spiegelglanz genannt). Sonderm\u00fcnzen in normaler Pr\u00e4gequalit\u00e4t werden wie die Umlaufm\u00fcnzen gepr\u00e4gt. W\u00e4hrend f\u00fcr die M\u00fcnzen in Normalpr\u00e4gung und Stempelglanz die angelieferten Rondellen \u2013 gleich wie bei den Umlaufm\u00fcnzen \u2013 ohne weitere Vorbereitung verpr\u00e4gt werden, so durchlaufen die f\u00fcr die Proof-Pr\u00e4gung vorgesehenen M\u00fcnzpl\u00e4ttchen einen Vorbereitungsprozess. Dieser umfasst das Gl\u00fchen, Beizen, Polieren, Waschen und fleckenfreie Trocknen und hat zum Ziel, eine optimale Oberfl\u00e4chenqualit\u00e4t zu erreichen. Um einen bestm\u00f6glichen Kontrast zwischen gl\u00e4nzendem M\u00fcnzgrund und matten Relief zu erhalten, werden die Pr\u00e4gestempel f\u00fcr die Proof-M\u00fcnzen ebenfalls poliert.<\/p>\n<p>Die Sonderm\u00fcnzen in polierter Platte werden von Hand in M\u00fcnzdosen und anschliessend in Kartonetuis mit Schuber verpackt, diejenigen in Normalpr\u00e4gung werden in Folie eingeschweisst. Die Jahress\u00e4tze der Umlaufm\u00fcnzen pr\u00e4sentieren sich sowohl in der Proof- als auch der Stempelglanz-Ausf\u00fchrung in einer transparenten Schalenverpackung mit modernem, farbig bedrucktem Kartonschuber, ebenso die Sonderm\u00fcnzs\u00e4tze zu Geburt und Weihnacht oder zum Geburtstag.<\/p>\n<\/div><div class=\"section__gallery\"><div class=\"gallery intro-animation intro-animation--bottom\"><div class=\"swiper swiper--gallery swiper--gallery2\"><div class=\"swiper-container\"><div class=\"swiper-wrapper\"><div class=\"swiper-slide gallery__img\"><div class=\"gallery__img__container\"><div class=\"picture_container\"><picture><source media=\"(min-width: 768px)\" srcset=\"https:\/\/web-dev.sondermuenze.ch\/wp-content\/uploads\/swissmint-muenzstaette-1-1280x730px-1280x730.jpg\"><source media=\"(max-width: 767.98px)\" srcset=\"https:\/\/web-dev.sondermuenze.ch\/wp-content\/uploads\/swissmint-muenzstaette-1-1280x730px-768x438.jpg\"><img loading=\"lazy\" decoding=\"async\" src=\"https:\/\/web-dev.sondermuenze.ch\/wp-content\/uploads\/swissmint-muenzstaette-1-1280x730px-1280x730.jpg\" alt=\"M\u00fcnzst\u00e4tte\" width=\"1280\" height=\"730\" \/><\/picture><\/div><\/div><span class=\"gallery__desc\"><\/span><\/div><div class=\"swiper-slide gallery__img\"><div class=\"gallery__img__container\"><div class=\"picture_container\"><picture><source media=\"(min-width: 768px)\" srcset=\"https:\/\/web-dev.sondermuenze.ch\/wp-content\/uploads\/swissmint-muenzstaette-5-1280x730px-1280x730.jpg\"><source media=\"(max-width: 767.98px)\" srcset=\"https:\/\/web-dev.sondermuenze.ch\/wp-content\/uploads\/swissmint-muenzstaette-5-1280x730px-768x438.jpg\"><img loading=\"lazy\" decoding=\"async\" src=\"https:\/\/web-dev.sondermuenze.ch\/wp-content\/uploads\/swissmint-muenzstaette-5-1280x730px-1280x730.jpg\" alt=\"M\u00fcnzst\u00e4tte\" width=\"1280\" height=\"730\" \/><\/picture><\/div><\/div><span class=\"gallery__desc\"><\/span><\/div><div class=\"swiper-slide gallery__img\"><div class=\"gallery__img__container\"><div class=\"picture_container\"><picture><source media=\"(min-width: 768px)\" srcset=\"https:\/\/web-dev.sondermuenze.ch\/wp-content\/uploads\/swissmint-muenzstaette-3-1280x730px-1-1280x730.jpg\"><source media=\"(max-width: 767.98px)\" srcset=\"https:\/\/web-dev.sondermuenze.ch\/wp-content\/uploads\/swissmint-muenzstaette-3-1280x730px-1-768x438.jpg\"><img loading=\"lazy\" decoding=\"async\" src=\"https:\/\/web-dev.sondermuenze.ch\/wp-content\/uploads\/swissmint-muenzstaette-3-1280x730px-1-1280x730.jpg\" alt=\"M\u00fcnzst\u00e4tte\" width=\"1280\" height=\"730\" \/><\/picture><\/div><\/div><span class=\"gallery__desc\"><\/span><\/div><div class=\"swiper-slide gallery__img\"><div class=\"gallery__img__container\"><div class=\"picture_container\"><picture><source media=\"(min-width: 768px)\" srcset=\"https:\/\/web-dev.sondermuenze.ch\/wp-content\/uploads\/swissmint-muenzstaette-4-1280x730px-1-1280x730.jpg\"><source media=\"(max-width: 767.98px)\" srcset=\"https:\/\/web-dev.sondermuenze.ch\/wp-content\/uploads\/swissmint-muenzstaette-4-1280x730px-1-768x438.jpg\"><img loading=\"lazy\" decoding=\"async\" src=\"https:\/\/web-dev.sondermuenze.ch\/wp-content\/uploads\/swissmint-muenzstaette-4-1280x730px-1-1280x730.jpg\" alt=\"M\u00fcnzst\u00e4tte\" width=\"1280\" height=\"730\" \/><\/picture><\/div><\/div><span class=\"gallery__desc\"><\/span><\/div><div class=\"swiper-slide gallery__img\"><div class=\"gallery__img__container\"><div class=\"picture_container\"><picture><source media=\"(min-width: 768px)\" srcset=\"https:\/\/web-dev.sondermuenze.ch\/wp-content\/uploads\/swissmint-muenzstaette-5-1280x730px-1-1280x730.jpg\"><source media=\"(max-width: 767.98px)\" srcset=\"https:\/\/web-dev.sondermuenze.ch\/wp-content\/uploads\/swissmint-muenzstaette-5-1280x730px-1-768x438.jpg\"><img loading=\"lazy\" decoding=\"async\" src=\"https:\/\/web-dev.sondermuenze.ch\/wp-content\/uploads\/swissmint-muenzstaette-5-1280x730px-1-1280x730.jpg\" alt=\"M\u00fcnzst\u00e4tte\" width=\"1280\" height=\"730\" \/><\/picture><\/div><\/div><span class=\"gallery__desc\"><\/span><\/div><div class=\"swiper-slide gallery__img\"><div class=\"gallery__img__container\"><div class=\"picture_container\"><picture><source media=\"(min-width: 768px)\" srcset=\"https:\/\/web-dev.sondermuenze.ch\/wp-content\/uploads\/swissmint-muenzstaette-6-1280x730px-1280x730.jpg\"><source media=\"(max-width: 767.98px)\" srcset=\"https:\/\/web-dev.sondermuenze.ch\/wp-content\/uploads\/swissmint-muenzstaette-6-1280x730px-768x438.jpg\"><img loading=\"lazy\" decoding=\"async\" src=\"https:\/\/web-dev.sondermuenze.ch\/wp-content\/uploads\/swissmint-muenzstaette-6-1280x730px-1280x730.jpg\" alt=\"M\u00fcnzst\u00e4tte\" width=\"1280\" height=\"730\" \/><\/picture><\/div><\/div><span class=\"gallery__desc\"><\/span><\/div><\/div><div class=\"swiper-pagination\"><\/div><\/div><div class=\"swiper-button swiper-button-prev\"><div class=\"swiper-button__container\"><div class=\"swiper-button__inside\"><svg class=\"icon icon--gallery-left icon--gallery-left--first icon--black\"><use href=\"#icon_gallery_left\"><\/use><\/svg><svg class=\"icon icon--gallery-left icon--gallery-left--second icon--black\"><use href=\"#icon_gallery_left\"><\/use><\/svg><\/div><\/div><\/div><div class=\"swiper-button swiper-button-next\"><div class=\"swiper-button__container\"><div class=\"swiper-button__inside\"><svg class=\"icon icon--gallery-right icon--gallery-right--second icon--black\"><use href=\"#icon_gallery_right\"><\/use><\/svg><svg class=\"icon icon--gallery-right icon--gallery-right--first icon--black\"><use href=\"#icon_gallery_right\"><\/use><\/svg><\/div><\/div><\/div><\/div><\/div><\/div>[\/vc_column][\/vc_row][vc_row][vc_column]<div class=\"section__teaser\"><div class=\"teaser row\"><div class=\"teaser__media col-l-6 col-xs-12 intro-animation-mobile\"><div class=\"picture_container picture_container--cover\"><picture><source srcset=\"https:\/\/web-dev.sondermuenze.ch\/wp-content\/uploads\/swissmint-medaille-960x850px-6-960x850.jpg\"><img loading=\"lazy\" decoding=\"async\" src=\"https:\/\/web-dev.sondermuenze.ch\/wp-content\/uploads\/swissmint-medaille-960x850px-6-960x850.jpg\" alt=\"Medaille\" width=\"960\" height=\"850\"\/><\/picture><\/div><\/div><div class=\"teaser__content col-l-6 col-xs-12 intro-animation intro-animation--left\"><div class=\"teaser__content__inside row_simple\"><h2>Medaille<\/h2><div class=\"teaser__content__container\"><p>Eine Medaille ist ein rundes oder ovales m\u00fcnz\u00e4hnliches Metallst\u00fcck mit Pr\u00e4gung, das keine Zahlungsmittelfunktion besitzt. Medaillen werden vor allem als Sammlerobjekte oder Ehren- und Verdienstauszeichnung verwendet. Medaillen k\u00f6nnen von privaten Institutionen gepr\u00e4gt werden und haben keinen Nominalwert.<\/p>\n<\/div><\/div><\/div><\/div><\/div><div class=\"section__teaser\"><div class=\"teaser row reverse\"><div class=\"teaser__media col-l-6 col-xs-12 intro-animation-mobile\"><div class=\"picture_container picture_container--cover\"><picture><source srcset=\"https:\/\/web-dev.sondermuenze.ch\/wp-content\/uploads\/swissmint-muenze-960x850px-960x850.jpg\"><img loading=\"lazy\" decoding=\"async\" src=\"https:\/\/web-dev.sondermuenze.ch\/wp-content\/uploads\/swissmint-muenze-960x850px-960x850.jpg\" alt=\"M\u00fcnze aus aller Welt\" width=\"960\" height=\"850\"\/><\/picture><\/div><\/div><div class=\"teaser__content col-l-6 col-xs-12 intro-animation intro-animation--right\"><div class=\"teaser__content__inside row_simple\"><h2>Die M\u00fcnze<\/h2><div class=\"teaser__content__container\"><p>Eine M\u00fcnze ist mit einem gesetzlichen Nennwert versehen und kann als Zahlungsmittel verwendet werden. Je nach Ausf\u00fchrung der M\u00fcnze ist jedoch zu beachten, ob es sich um eine kursf\u00e4hige M\u00fcnze oder eine Sonderm\u00fcnze handelt. Sonderm\u00fcnzen k\u00f6nnen aus hochwertigen Metallen gefertigt sein. Der Metallwert oder auch Sammlerwert ist meist h\u00f6her als der Nennwert einer solchen M\u00fcnze. M\u00fcnzen werden in der Regel von staatlichen M\u00fcnzst\u00e4tten ausgegeben oder in Auftrag von Staaten produziert.<\/p>\n<\/div><\/div><\/div><\/div><\/div>[\/vc_column][\/vc_row]<\/div>","protected":false},"excerpt":{"rendered":"[vc_row][vc_column][\/vc_column][\/vc_row][vc_row][vc_column][\/vc_column][\/vc_row][vc_row vc_row_checkbox=&#8220;true&#8220; el_id=&#8220;muenzstaette&#8220;][vc_column][\/vc_column][\/vc_row][vc_row][vc_column][\/vc_column][\/vc_row]","protected":false},"author":1,"featured_media":0,"parent":0,"menu_order":126,"comment_status":"closed","ping_status":"closed","template":"","meta":{"_acf_changed":false,"footnotes":""},"class_list":["post-32","page","type-page","status-publish","hentry"],"acf":[],"_links":{"self":[{"href":"https:\/\/web-dev.sondermuenze.ch\/de\/wp-json\/wp\/v2\/pages\/32","targetHints":{"allow":["GET"]}}],"collection":[{"href":"https:\/\/web-dev.sondermuenze.ch\/de\/wp-json\/wp\/v2\/pages"}],"about":[{"href":"https:\/\/web-dev.sondermuenze.ch\/de\/wp-json\/wp\/v2\/types\/page"}],"author":[{"embeddable":true,"href":"https:\/\/web-dev.sondermuenze.ch\/de\/wp-json\/wp\/v2\/users\/1"}],"replies":[{"embeddable":true,"href":"https:\/\/web-dev.sondermuenze.ch\/de\/wp-json\/wp\/v2\/comments?post=32"}],"version-history":[{"count":15,"href":"https:\/\/web-dev.sondermuenze.ch\/de\/wp-json\/wp\/v2\/pages\/32\/revisions"}],"predecessor-version":[{"id":10702,"href":"https:\/\/web-dev.sondermuenze.ch\/de\/wp-json\/wp\/v2\/pages\/32\/revisions\/10702"}],"wp:attachment":[{"href":"https:\/\/web-dev.sondermuenze.ch\/de\/wp-json\/wp\/v2\/media?parent=32"}],"curies":[{"name":"wp","href":"https:\/\/api.w.org\/{rel}","templated":true}]}}