{"id":35,"date":"2022-10-24T09:08:04","date_gmt":"2022-10-24T07:08:04","guid":{"rendered":"https:\/\/web-dev.sondermuenze.ch\/?page_id=35"},"modified":"2023-09-21T16:36:13","modified_gmt":"2023-09-21T14:36:13","slug":"impressum","status":"publish","type":"page","link":"https:\/\/web-dev.sondermuenze.ch\/de\/impressum\/","title":{"rendered":"Impressum"},"content":{"rendered":"<div class=\"wpb-content-wrapper\">[vc_row][vc_column]<div class=\"section__text intro-animation intro-animation--bottom\"><h1>Impressum<\/h1>\n<p><strong>Kontakt<\/strong><br \/>\nEidgen\u00f6ssische M\u00fcnzst\u00e4tte Swissmint<br \/>\nBernastrasse 28<br>3003 Bern<br><br>Tel. <a href=\"tel:+41584800800\">+41 (0)58 4 800 800<\/a><br>Fax <span>+41 (0)58 462 60 07<\/span><br>E-Mail <a href=\"mailto:info@swissmint.ch\" target=\"_blank\" rel=\"noopener\">info@swissmint.ch<\/a><\/p>\n<p><strong>Haftung<\/strong><br \/>\nObwohl die Bundesbeh\u00f6rden mit aller Sorgfalt auf die Richtigkeit der ver\u00f6ffentlichten Informationen achten, kann hinsichtlich der inhaltlichen Richtigkeit, Genauigkeit, Aktualit\u00e4t, Zuverl\u00e4ssigkeit und Vollst\u00e4ndigkeit dieser Informationen keine Gew\u00e4hrleistung \u00fcbernommen werden. Die Bundesbeh\u00f6rden behalten sich ausdr\u00fccklich vor, jederzeit Inhalte ohne Ank\u00fcndigung ganz oder teilweise zu \u00e4ndern, zu l\u00f6schen oder zeitweise nicht zu ver\u00f6ffentlichen.<\/p>\n<p>Haftungsanspr\u00fcche gegen die Bundesbeh\u00f6rden wegen Sch\u00e4den materieller oder immaterieller Art, welche aus dem Zugriff oder der Nutzung bzw. Nichtnutzung der ver\u00f6ffentlichten Informationen, durch Missbrauch der Verbindung oder durch technische St\u00f6rungen entstanden sind, werden ausgeschlossen.<\/p>\n<p><strong>Verweise und Links<\/strong><br \/>\nVerweise und Links auf Webseiten Dritter liegen ausserhalb des Verantwortungsbereichs der Bundesbeh\u00f6rden. Der Zugriff und die Nutzung solcher Webseiten erfolgen auf eigene Gefahr des Nutzers oder der Nutzerin. Die Bundesbeh\u00f6rden erkl\u00e4ren ausdr\u00fccklich, dass sie keinerlei Einfluss auf die Gestaltung, den Inhalt und die Angebote der verkn\u00fcpften Seiten haben. Informationen und Dienstleistungen von verkn\u00fcpften Webseiten liegen vollumf\u00e4nglich in der Verantwortung des jeweiligen Dritten. Es wird jegliche Verantwortung f\u00fcr solche Webseiten abgelehnt.<\/p>\n<p><strong>Copyright<\/strong><br \/>\nCopyright, Bundesbeh\u00f6rden der Schweizerischen Eidgenossenschaft.<br \/>\nDie auf den Websites der Bundesbeh\u00f6rden enthaltenen Informationen werden der \u00d6ffentlichkeit zug\u00e4nglich gemacht. Durch das Herunterladen oder Kopieren von Inhalten, Bildern, Fotos oder anderen Dateien werden keinerlei Rechte bez\u00fcglich der Inhalte \u00fcbertragen.<br \/>\nDie Urheber- und alle anderen Rechte an Inhalten, Bildern, Fotos oder anderen Dateien auf den Websites der Bundesbeh\u00f6rden geh\u00f6ren ausschliesslich diesen oder den speziell genannten Rechtsinhabern. F\u00fcr die Reproduktion jeglicher Elemente ist die schriftliche Zustimmung der Urheberrechtstr\u00e4ger im Voraus einzuholen.<\/p>\n<p><strong>Website<\/strong><br \/>\nAugenweide Kommunikation GmbH<br \/>\nNiedermattstrasse 6<br \/>\n4528 Zuchwil<br \/>\n<a href=\"https:\/\/www.augenweide.swiss\" target=\"_blank\" rel=\"noopener\">www.augenweide.swiss<\/a><\/p>\n<\/div>[\/vc_column][\/vc_row]<\/div>","protected":false},"excerpt":{"rendered":"[vc_row][vc_column][\/vc_column][\/vc_row]","protected":false},"author":1,"featured_media":0,"parent":0,"menu_order":143,"comment_status":"closed","ping_status":"closed","template":"","meta":{"_acf_changed":false,"footnotes":""},"class_list":["post-35","page","type-page","status-publish","hentry"],"acf":[],"_links":{"self":[{"href":"https:\/\/web-dev.sondermuenze.ch\/de\/wp-json\/wp\/v2\/pages\/35","targetHints":{"allow":["GET"]}}],"collection":[{"href":"https:\/\/web-dev.sondermuenze.ch\/de\/wp-json\/wp\/v2\/pages"}],"about":[{"href":"https:\/\/web-dev.sondermuenze.ch\/de\/wp-json\/wp\/v2\/types\/page"}],"author":[{"embeddable":true,"href":"https:\/\/web-dev.sondermuenze.ch\/de\/wp-json\/wp\/v2\/users\/1"}],"replies":[{"embeddable":true,"href":"https:\/\/web-dev.sondermuenze.ch\/de\/wp-json\/wp\/v2\/comments?post=35"}],"version-history":[{"count":3,"href":"https:\/\/web-dev.sondermuenze.ch\/de\/wp-json\/wp\/v2\/pages\/35\/revisions"}],"predecessor-version":[{"id":3955,"href":"https:\/\/web-dev.sondermuenze.ch\/de\/wp-json\/wp\/v2\/pages\/35\/revisions\/3955"}],"wp:attachment":[{"href":"https:\/\/web-dev.sondermuenze.ch\/de\/wp-json\/wp\/v2\/media?parent=35"}],"curies":[{"name":"wp","href":"https:\/\/api.w.org\/{rel}","templated":true}]}}