{"id":4219,"date":"2023-11-01T11:35:45","date_gmt":"2023-11-01T10:35:45","guid":{"rendered":"https:\/\/web-dev.sondermuenze.ch\/?page_id=4219"},"modified":"2025-05-12T15:40:04","modified_gmt":"2025-05-12T13:40:04","slug":"nuetzliche-links","status":"publish","type":"page","link":"https:\/\/web-dev.sondermuenze.ch\/de\/sondermuenzen\/nuetzliche-links\/","title":{"rendered":"N\u00fctzliche Links"},"content":{"rendered":"<div class=\"wpb-content-wrapper\">[vc_row][vc_column]<div class=\"section__title section__title--center intro-animation intro-animation--bottom\"><h1>N\u00fctzliche Links<br>f\u00fcr Sammler<\/h1><\/div><div class=\"section__link_toggle intro-animation intro-animation--bottom\"><div class=\"link_toggle link_toggle_1\"><div class=\"link_toggle__header\" id=\"link_toggle__header_1\"><div class=\"link_toggle__trigger js-link_toggle__trigger\" role=\"button\" data-toggle=\"collapse\" data-target=\"#link_toggle__content_1\" aria-expanded=\"false\" aria-controls=\"link_toggle__content_1\"><h2 class=\"typography--h4\">Austausch mit anderen Sammler<\/h2><svg class=\"icon icon--arrow-simple\"><use href=\"#icon_simple\"><\/use><\/svg><\/div><\/div><div class=\"link_toggle__content\" id=\"link_toggle__content_1\" aria-labelledby=\"link_toggle__header_1\"><div class=\"link_toggle__inside\"><ul><li><a href=\"https:\/\/www.numismatikforum.de\/\" target=\"_blank\" rel=\"noopener\">Numismatik Forum<\/a><\/li><li><a href=\"https:\/\/www.numismatik-cafe.at\/\" target=\"_blank\" rel=\"noopener\">Numismatik Caf\u00e9<\/a><\/li><li><a href=\"https:\/\/www.embmv.de\/muenzen\/forum\/\" target=\"_blank\" rel=\"noopener\">Embmv M\u00fcnzen Forum<\/a><\/li><li><a href=\"https:\/\/www.muenzauktion.info\/forum\/\" target=\"_blank\" rel=\"noopener\">M\u00fcnzenauktion Forum<\/a><\/li><li><a href=\"https:\/\/www.numis-online.ch\/service\/adressen\/muenzensammlervereine-und-numismatikverbaende.html\" target=\"_blank\" rel=\"noopener\">Numismatikverband<\/a><\/li><\/ul><\/div><\/div><\/div><\/div><div class=\"section__link_toggle intro-animation intro-animation--bottom\"><div class=\"link_toggle link_toggle_2\"><div class=\"link_toggle__header\" id=\"link_toggle__header_2\"><div class=\"link_toggle__trigger js-link_toggle__trigger\" role=\"button\" data-toggle=\"collapse\" data-target=\"#link_toggle__content_2\" aria-expanded=\"false\" aria-controls=\"link_toggle__content_2\"><h2 class=\"typography--h4\">M\u00fcnzenwissen<\/h2><svg class=\"icon icon--arrow-simple\"><use href=\"#icon_simple\"><\/use><\/svg><\/div><\/div><div class=\"link_toggle__content\" id=\"link_toggle__content_2\" aria-labelledby=\"link_toggle__header_2\"><div class=\"link_toggle__inside\"><ul><li><a href=\"https:\/\/www.numis-online.ch\/die-numis-post\/\" target=\"_blank\" rel=\"noopener\">Numis Online<\/a><\/li><li><a href=\"http:\/\/www.reppa.de\/lexikon\" target=\"_blank\" rel=\"noopener\">Das grosse M\u00fcnzlexikon vom Verlag Reppa, Pirmasens<\/a><\/li><li><a href=\"https:\/\/www.muenzen-hardelt.de\/dic\/diction1.html\" target=\"_blank\" rel=\"noopener\">Lexikon der Fachausdr\u00fccke f\u00fcr M\u00fcnzsammler von Claus Hardelt<\/a><\/li><li><a href=\"https:\/\/muenzenwoche.de\/\" target=\"_blank\" rel=\"noopener\">M\u00fcnzenWoche<\/a><\/li><li><a href=\"http:\/\/Gold.de\" target=\"_blank\" rel=\"noopener\">Deutschlands bekanntester Gold-Preisvergleich<\/a><\/li><\/ul><\/div><\/div><\/div><\/div><div class=\"section__link_toggle intro-animation intro-animation--bottom\"><div class=\"link_toggle link_toggle_3\"><div class=\"link_toggle__header\" id=\"link_toggle__header_3\"><div class=\"link_toggle__trigger js-link_toggle__trigger\" role=\"button\" data-toggle=\"collapse\" data-target=\"#link_toggle__content_3\" aria-expanded=\"false\" aria-controls=\"link_toggle__content_3\"><h2 class=\"typography--h4\">Schweizer Verb\u00e4nde<\/h2><svg class=\"icon icon--arrow-simple\"><use href=\"#icon_simple\"><\/use><\/svg><\/div><\/div><div class=\"link_toggle__content\" id=\"link_toggle__content_3\" aria-labelledby=\"link_toggle__header_3\"><div class=\"link_toggle__inside\"><ul><li><a href=\"http:\/\/www.numisuisse.ch\/\" target=\"_blank\" rel=\"noopener\">Schweizerische Numismatische Gesellschaft<\/a><\/li><li><a href=\"https:\/\/www.vsbn.ch\/\" target=\"_blank\" rel=\"noopener\">Verband Schweizer Berufsnumismatiker<\/a><\/li><li><a href=\"https:\/\/www.numisbern.ch\/\" target=\"_blank\" rel=\"noopener\">Numismatischer Verein Bern<\/a><\/li><li><a href=\"http:\/\/nvz-ch.org\/\" target=\"_blank\" rel=\"noopener\">Numismatischer Verein Z\u00fcrich<\/a><\/li><li><a href=\"http:\/\/www.circolonumismaticoticinese.ch\/index.php?id=23\" target=\"_blank\" rel=\"noopener\">Circolo Numismatico Ticinese<\/a><\/li><\/ul><\/div><\/div><\/div><\/div>[\/vc_column][\/vc_row]<\/div>","protected":false},"excerpt":{"rendered":"[vc_row][vc_column][\/vc_column][\/vc_row]","protected":false},"author":1,"featured_media":0,"parent":26,"menu_order":28,"comment_status":"closed","ping_status":"closed","template":"","meta":{"_acf_changed":false,"footnotes":""},"class_list":["post-4219","page","type-page","status-publish","hentry"],"acf":[],"_links":{"self":[{"href":"https:\/\/web-dev.sondermuenze.ch\/de\/wp-json\/wp\/v2\/pages\/4219","targetHints":{"allow":["GET"]}}],"collection":[{"href":"https:\/\/web-dev.sondermuenze.ch\/de\/wp-json\/wp\/v2\/pages"}],"about":[{"href":"https:\/\/web-dev.sondermuenze.ch\/de\/wp-json\/wp\/v2\/types\/page"}],"author":[{"embeddable":true,"href":"https:\/\/web-dev.sondermuenze.ch\/de\/wp-json\/wp\/v2\/users\/1"}],"replies":[{"embeddable":true,"href":"https:\/\/web-dev.sondermuenze.ch\/de\/wp-json\/wp\/v2\/comments?post=4219"}],"version-history":[{"count":7,"href":"https:\/\/web-dev.sondermuenze.ch\/de\/wp-json\/wp\/v2\/pages\/4219\/revisions"}],"predecessor-version":[{"id":8924,"href":"https:\/\/web-dev.sondermuenze.ch\/de\/wp-json\/wp\/v2\/pages\/4219\/revisions\/8924"}],"up":[{"embeddable":true,"href":"https:\/\/web-dev.sondermuenze.ch\/de\/wp-json\/wp\/v2\/pages\/26"}],"wp:attachment":[{"href":"https:\/\/web-dev.sondermuenze.ch\/de\/wp-json\/wp\/v2\/media?parent=4219"}],"curies":[{"name":"wp","href":"https:\/\/api.w.org\/{rel}","templated":true}]}}