{"id":5277,"date":"2023-11-23T10:52:56","date_gmt":"2023-11-23T09:52:56","guid":{"rendered":"https:\/\/web-dev.sondermuenze.ch\/?page_id=5277"},"modified":"2026-03-27T10:52:56","modified_gmt":"2026-03-27T09:52:56","slug":"silbermuenze-titlis","status":"publish","type":"page","link":"https:\/\/web-dev.sondermuenze.ch\/de\/silbermuenze-titlis\/","title":{"rendered":"Silberm\u00fcnze \u00abLuftseilbahn Titlis\u00bb"},"content":{"rendered":"<div class=\"wpb-content-wrapper\">[vc_row][vc_column]<div class=\"section__text section__text--lead section__text--center intro-animation intro-animation--bottom\"><h1>Silberm\u00fcnze \u00abLuftseilbahn Titlis\u00bb<\/h1>\n<p>Die Silberm\u00fcnze \u00abLuftseilbahn Titlis\u00bb ist die zweite M\u00fcnze der Trilogie zum Thema \u00abSchweizer Luftseilbahnen\u00bb.<\/p>\n<p><strong>Projekt TITLIS: Silberm\u00fcnze \u00abTitlis\u00bb<\/strong><br \/>\nMit seinem \u00fcber 3000 Meter hohen Gipfel geh\u00f6rt der Titlis zu den international bekanntesten Ausflugszielen der Schweiz. Mit der neuen Silberm\u00fcnze feiern wir die Luftseilbahn Titlis mit ihrem Projekt TITLIS, das einen USP (Unique Selling Proposition) f\u00fcr Engelberg und die Region schaffen wird.<\/p>\n<p>Dieses Projekt beinhaltet den Neubau der Bergstation, den Ausbau des Richtstrahlturms sowie eine neue einspurige Pendelbahn auf der Strecke Stand-Titlis. Es wird mittel- und langfristig zum touristischen Erfolg von Engelberg als Ganzjahres-Destination beitragen. Die Konkurrenzf\u00e4higkeit des Titlis als weltweit bekanntes Ausflugsziel wird nachhaltig gest\u00e4rkt.<\/p>\n<p>Die 20 g schwere, aus Silber 999 hergestellte Sonderm\u00fcnze \u00abTitlis\u00bb besticht unter anderem durch beeindruckende Detailgenauigkeit auf der Bildseite, auf der ein Teil des Bergmassivs sowie die Kabine der Bergbahn zu sehen sind. Auf der Wertseite ist das Titlis-Bergmassiv ersichtlich. Zus\u00e4tzlich ist der Nominalwert von CHF 20 abgebildet.<\/p>\n<\/div>[vc_row_inner][vc_column_inner width=&#8220;2\/3&#8243;]<div class=\"section__text section__text--center intro-animation intro-animation--bottom\"><p>Nennwert: 20 Schweizer Franken<br \/>\nLegierung: Silber 999<br \/>\nDurchmesser: 33 mm<br \/>\nGewicht: 20 g<br \/>\nAusgabedatum: 08.11.2023<\/p>\n<p><strong>Auflage<\/strong><br \/>\nPolierte Platte:\u00a0 3&#8217;050 St\u00fcck<br \/>\nPolierte Platte im Etui mit K\u00fcnstlerzertifikat:\u00a0 200 St\u00fcck<br \/>\nUnzirkuliert: 11&#8217;000 St\u00fcck<\/p>\n<p><strong>Preis<\/strong><br \/>\nPolierte Platte im Etui: CHF 75.-<br \/>\nPolierte Platte im Etui mit K\u00fcnstlerzertifikat: CHF 90.-<br \/>\nUnzirkuliert: CHF 25.-<\/p>\n<\/div>[\/vc_column_inner][vc_column_inner width=&#8220;1\/3&#8243;]<div class=\"section__image section__image--center intro-animation intro-animation--bottom\"><div class=\"picture_container\" style=\"width: 160px\"><picture><source media=\"(min-width: 768px)\" srcset=\"https:\/\/web-dev.sondermuenze.ch\/wp-content\/uploads\/swissmint-titlis-bs-620x620px-2.png\"><source media=\"(max-width: 767.98px)\" srcset=\"https:\/\/web-dev.sondermuenze.ch\/wp-content\/uploads\/swissmint-titlis-bs-620x620px-2.png\"><img loading=\"lazy\" decoding=\"async\" src=\"https:\/\/web-dev.sondermuenze.ch\/wp-content\/uploads\/swissmint-titlis-bs-620x620px-2.png\" alt=\"Silberm\u00fcnze \u00abLuftseilbahn Titlis\u00bb\" width=\"620\" height=\"620\" \/><\/picture><\/div><\/div><div class=\"section__image section__image--center intro-animation intro-animation--bottom\"><div class=\"picture_container\" style=\"width: 160px\"><picture><source media=\"(min-width: 768px)\" srcset=\"https:\/\/web-dev.sondermuenze.ch\/wp-content\/uploads\/swissmint-titlis-ws-620x620px-2.png\"><source media=\"(max-width: 767.98px)\" srcset=\"https:\/\/web-dev.sondermuenze.ch\/wp-content\/uploads\/swissmint-titlis-ws-620x620px-2.png\"><img loading=\"lazy\" decoding=\"async\" src=\"https:\/\/web-dev.sondermuenze.ch\/wp-content\/uploads\/swissmint-titlis-ws-620x620px-2.png\" alt=\"Silberm\u00fcnze \u00abLuftseilbahn Titlis\u00bb\" width=\"620\" height=\"620\" \/><\/picture><\/div><\/div>[\/vc_column_inner][\/vc_row_inner][\/vc_column][\/vc_row]<\/div>","protected":false},"excerpt":{"rendered":"[vc_row][vc_column][vc_row_inner][vc_column_inner width=&#8220;2\/3&#8243;][\/vc_column_inner][vc_column_inner width=&#8220;1\/3&#8243;][\/vc_column_inner][\/vc_row_inner][\/vc_column][\/vc_row]","protected":false},"author":3,"featured_media":0,"parent":0,"menu_order":64,"comment_status":"closed","ping_status":"closed","template":"","meta":{"_acf_changed":false,"footnotes":""},"class_list":["post-5277","page","type-page","status-publish","hentry"],"acf":[],"_links":{"self":[{"href":"https:\/\/web-dev.sondermuenze.ch\/de\/wp-json\/wp\/v2\/pages\/5277","targetHints":{"allow":["GET"]}}],"collection":[{"href":"https:\/\/web-dev.sondermuenze.ch\/de\/wp-json\/wp\/v2\/pages"}],"about":[{"href":"https:\/\/web-dev.sondermuenze.ch\/de\/wp-json\/wp\/v2\/types\/page"}],"author":[{"embeddable":true,"href":"https:\/\/web-dev.sondermuenze.ch\/de\/wp-json\/wp\/v2\/users\/3"}],"replies":[{"embeddable":true,"href":"https:\/\/web-dev.sondermuenze.ch\/de\/wp-json\/wp\/v2\/comments?post=5277"}],"version-history":[{"count":2,"href":"https:\/\/web-dev.sondermuenze.ch\/de\/wp-json\/wp\/v2\/pages\/5277\/revisions"}],"predecessor-version":[{"id":10676,"href":"https:\/\/web-dev.sondermuenze.ch\/de\/wp-json\/wp\/v2\/pages\/5277\/revisions\/10676"}],"wp:attachment":[{"href":"https:\/\/web-dev.sondermuenze.ch\/de\/wp-json\/wp\/v2\/media?parent=5277"}],"curies":[{"name":"wp","href":"https:\/\/api.w.org\/{rel}","templated":true}]}}