{"id":5641,"date":"2024-01-11T08:56:58","date_gmt":"2024-01-11T07:56:58","guid":{"rendered":"https:\/\/web-dev.sondermuenze.ch\/book-now\/"},"modified":"2026-01-07T08:14:36","modified_gmt":"2026-01-07T07:14:36","slug":"fuehrung","status":"publish","type":"page","link":"https:\/\/web-dev.sondermuenze.ch\/de\/unternehmen\/fuehrung\/","title":{"rendered":"F\u00fchrung"},"content":{"rendered":"<div class=\"wpb-content-wrapper\">[vc_row][vc_column]<div class=\"section__text section__text--lead section__text--center intro-animation intro-animation--bottom\"><h2>F\u00fchrung durch die Eidgen\u00f6ssische M\u00fcnzst\u00e4tte<\/h2>\n<p>Willkommen bei Swissmint &#8211; dort, wo Geschichte und Handwerkskunst aufeinandertreffen, um die herausragende Schweizer M\u00fcnze zu schaffen!\u00a0 Sind Sie bereit, in die faszinierende Welt der Herstellung der Schweizer M\u00fcnze einzutauchen? Kommen Sie mit uns auf eine interessante Reise in die Swissmint, wo das Geld, das wir benutzen, hergestellt wird.<\/p>\n<\/div><div class=\"section__title section__title--center intro-animation intro-animation--bottom\"><h2 class=\"typography--h3\">Eine F\u00fchrung durch Swissmint buchen<\/h2><\/div><div class=\"section__tours intro-animation intro-animation--bottom\"><script>\n  if (typeof hasAmeliaEvent === 'undefined') {\n    var hasAmeliaEvent = true;\n  }\n  if (typeof hasEventApiCall === 'undefined' && ('' === '' && '' !== '1')) {\n    var hasEventApiCall = true;\n  }\n  var hasEventShortcode = (typeof hasEventShortcode === 'undefined') ? false : true;\n  var ameliaShortcodeData = (typeof ameliaShortcodeData === 'undefined') ? [] : ameliaShortcodeData;\n  ameliaShortcodeData.push(\n    {\n      'hasApiCall': (typeof hasEventApiCall !== 'undefined') && hasEventApiCall,\n      'trigger': '',\n      'trigger_type': '',\n      'triggered_form': 'ecf',\n      'in_dialog': '',\n      'counter': '1000',\n      'employee': '',\n      'eventId': '',\n      'eventRecurring': 0,\n      'eventTag': \"\",\n      'locationId': \"\"\n    }\n  );\n  var ameliaShortcodeDataTriggered = (typeof ameliaShortcodeDataTriggered === 'undefined') ? [] : ameliaShortcodeDataTriggered;\n  if (ameliaShortcodeData[ameliaShortcodeData.length - 1].trigger !== '') {\n    if (ameliaShortcodeDataTriggered.filter(a => a.counter === ameliaShortcodeData[ameliaShortcodeData.length - 1].counter).length === 0) {\n      ameliaShortcodeDataTriggered.push(ameliaShortcodeData.pop());\n    } else {\n      ameliaShortcodeData.pop()\n    }\n  }\n  if (typeof hasEventApiCall !== 'undefined' && hasEventApiCall) {\n    hasEventApiCall = false;\n  }\n<\/script>\n\n<div\n  id=\"amelia-v2-booking-1000\"\n  class=\"amelia-v2-booking\"\n>\n    <events-calendar-form-wrapper><\/div>\n<\/div><div class=\"section__teaser_special\"><div class=\"teaser_special row_simple reverse middle-xs \"><div class=\"teaser_special__media col-l-6 col-xs-12 intro-animation-mobile\"><div class=\"picture_container\"><picture><source srcset=\"https:\/\/web-dev.sondermuenze.ch\/wp-content\/uploads\/swissmint-vorschaubild-960x850px-1.jpg\"><img loading=\"lazy\" decoding=\"async\" src=\"https:\/\/web-dev.sondermuenze.ch\/wp-content\/uploads\/swissmint-vorschaubild-960x850px-1.jpg\" alt=\"Swissmint\" width=\"960\" height=\"850\"\/><\/picture><\/div><\/div><div class=\"teaser_special__content col-l-6 col-xs-12 intro-animation intro-animation--right\"><div class=\"teaser_special__content__inside\"><p><strong>Entdecken Sie das Geheimnis der Schweizer M\u00fcnze<\/strong><br \/>\nUnsere gef\u00fchrte Tour f\u00fchrt Sie auf eine fesselnde Reise, bei der Sie exklusiv die gut geh\u00fcteten Geheimnisse der Herstellung der Schweizer M\u00fcnze entdecken k\u00f6nnen. Von der k\u00fcnstlerischen Gestaltung bis zum pr\u00e4zisen Pr\u00e4gen wird Ihnen jeder Schritt des Prozesses offenbart, und es werden die aussergew\u00f6hnliche Geschichte und das Know-how enth\u00fcllt, die die Schweizer M\u00fcnze weltweit zu einem Symbol f\u00fcr Qualit\u00e4t und Vertrauen machen.<\/p>\n<p><strong>Buchen Sie jetzt Ihre Pl\u00e4tze<\/strong><br \/>\nDie Pl\u00e4tze f\u00fcr unsere F\u00fchrungen sind begrenzt, also sichern Sie sich jetzt Ihren Platz. Ob Sie Geschichtsinteressierter, Kunstliebhaber oder einfach neugierig sind, die Hintergr\u00fcnde der Schweizer M\u00fcnze zu entdecken.<\/p>\n<\/div><\/div><\/div><\/div>[vc_row_inner][vc_column_inner width=&#8220;1\/2&#8243;]<div class=\"section__image intro-animation intro-animation--bottom\"><div class=\"picture_container\" style=\"width: 500px\"><picture><source media=\"(min-width: 768px)\" srcset=\"https:\/\/web-dev.sondermuenze.ch\/wp-content\/uploads\/agenda-abo-fuer-sondermuentzen-960x850px.jpg\"><source media=\"(max-width: 767.98px)\" srcset=\"https:\/\/web-dev.sondermuenze.ch\/wp-content\/uploads\/agenda-abo-fuer-sondermuentzen-960x850px-768x680.jpg\"><img loading=\"lazy\" decoding=\"async\" src=\"https:\/\/web-dev.sondermuenze.ch\/wp-content\/uploads\/agenda-abo-fuer-sondermuentzen-960x850px.jpg\" alt=\"Swissmint\" width=\"960\" height=\"850\" \/><\/picture><\/div><\/div>[\/vc_column_inner][vc_column_inner width=&#8220;1\/2&#8243;]<div class=\"section__text section__text--center intro-animation intro-animation--bottom\"><p><strong>Anreise mit \u00f6ffentlichen Verkehrsmitteln<\/strong>: Nehmen Sie die Buslinie 19 bis zur Bushaltestelle Bern, Aegertenstrasse.<br \/>\n<strong>Anfahrt mit dem Auto<\/strong>: Parkpl\u00e4tze in blauen Zonen sind im Quartier vorhanden.<br \/>\n<strong>Wichtige Information f\u00fcr alle Teilnehmer<\/strong>: Bitte denken Sie daran, ein g\u00fcltiges Ausweisdokument mitzubringen. Bei Einlass zur F\u00fchrung werden wir die Ausweise kontrollieren.<br \/>\nDer Besuch der Swissmint ist leider nicht f\u00fcr Personen mit eingeschr\u00e4nkter Mobilit\u00e4t geeignet.<\/p>\n<\/div><div class=\"section__button intro-animation intro-animation--bottom\"><div class=\"button button--pdf\"><a href=\"https:\/\/web-dev.sondermuenze.ch\/wp-content\/uploads\/Zutrittsregeln_DE.pdf\" target=\"_blank\"><svg class=\"icon icon--download icon--download--top icon--black\"><use href=\"#icon_download\"><\/use><\/svg><span>Zutrittsregeln<\/span><svg class=\"icon icon--download icon--download--bottom icon--black\"><use href=\"#icon_download\"><\/use><\/svg><\/a><\/div><\/div>[\/vc_column_inner][\/vc_row_inner][\/vc_column][\/vc_row]<\/div>","protected":false},"excerpt":{"rendered":"[vc_row][vc_column][vc_row_inner][vc_column_inner width=&#8220;1\/2&#8243;][\/vc_column_inner][vc_column_inner width=&#8220;1\/2&#8243;][\/vc_column_inner][\/vc_row_inner][\/vc_column][\/vc_row]","protected":false},"author":1,"featured_media":0,"parent":32,"menu_order":128,"comment_status":"closed","ping_status":"closed","template":"","meta":{"_acf_changed":false,"footnotes":""},"class_list":["post-5641","page","type-page","status-publish","hentry"],"acf":[],"_links":{"self":[{"href":"https:\/\/web-dev.sondermuenze.ch\/de\/wp-json\/wp\/v2\/pages\/5641","targetHints":{"allow":["GET"]}}],"collection":[{"href":"https:\/\/web-dev.sondermuenze.ch\/de\/wp-json\/wp\/v2\/pages"}],"about":[{"href":"https:\/\/web-dev.sondermuenze.ch\/de\/wp-json\/wp\/v2\/types\/page"}],"author":[{"embeddable":true,"href":"https:\/\/web-dev.sondermuenze.ch\/de\/wp-json\/wp\/v2\/users\/1"}],"replies":[{"embeddable":true,"href":"https:\/\/web-dev.sondermuenze.ch\/de\/wp-json\/wp\/v2\/comments?post=5641"}],"version-history":[{"count":55,"href":"https:\/\/web-dev.sondermuenze.ch\/de\/wp-json\/wp\/v2\/pages\/5641\/revisions"}],"predecessor-version":[{"id":10508,"href":"https:\/\/web-dev.sondermuenze.ch\/de\/wp-json\/wp\/v2\/pages\/5641\/revisions\/10508"}],"up":[{"embeddable":true,"href":"https:\/\/web-dev.sondermuenze.ch\/de\/wp-json\/wp\/v2\/pages\/32"}],"wp:attachment":[{"href":"https:\/\/web-dev.sondermuenze.ch\/de\/wp-json\/wp\/v2\/media?parent=5641"}],"curies":[{"name":"wp","href":"https:\/\/api.w.org\/{rel}","templated":true}]}}