{"id":7704,"date":"2024-11-11T13:25:24","date_gmt":"2024-11-11T12:25:24","guid":{"rendered":"https:\/\/web-dev.sondermuenze.ch\/?page_id=7704"},"modified":"2024-11-11T13:25:24","modified_gmt":"2024-11-11T12:25:24","slug":"silbermuenze-ssv","status":"publish","type":"page","link":"https:\/\/web-dev.sondermuenze.ch\/de\/silbermuenze-ssv\/","title":{"rendered":"Silberm\u00fcnze \u00abSSV\u00bb"},"content":{"rendered":"<div class=\"wpb-content-wrapper\">[vc_row][vc_column]<div class=\"section__text section__text--lead section__text--center intro-animation intro-animation--bottom\"><h1>Silberm\u00fcnze \u00abSchweizer Schiesssportverband\u00bb<\/h1>\n<p>Die Sonderm\u00fcnze \u00abSchweizer Schiesssportverband\u00bb ist die Erste der Dilogie zu Ehren des SSV. Die Swissmint huldigt damit dem Schweizer Schiesssportverband, der vom 16.\u201318. August 2024 sein 200-j\u00e4hriges Bestehen feiert. Die 20g schwere, mit Silber 999,9 legierte Sonderm\u00fcnze \u00abSchweizer Schiesssportverband\u00bb zeigt auf der Bildseite eine k\u00fcnstlerische Interpretation eines Auges und einer Zielscheibe. F\u00fcr die Wertseite wurden Elemente aus dem Vorl\u00e4ufer des Sch\u00fctzentalers \u2013 fr\u00fcher noch ohne Nominalwert \u2013 der damals zur Feier des Churer Sch\u00fctzenfestes 1842 hergestellt wurde, \u00fcbernommen. Zus\u00e4tzlich ist der Nominalwert von 20 Franken abgebildet.<\/p>\n<\/div>[vc_row_inner][vc_column_inner width=&#8220;2\/3&#8243;]<div class=\"section__text section__text--center intro-animation intro-animation--bottom\"><p>Nennwert: 20 Schweizer Franken<br \/>\nLegierung: Silber 999<br \/>\nDurchmesser: 33 mm<br \/>\nGewicht: 20 g<br \/>\nAusgabedatum: 02.06.2023<\/p>\n<p><strong>Auflage<\/strong><br \/>\nPolierte Platte:\u00a0 5&#8217;000 St\u00fcck<br \/>\nPolierte Platte im Etui mit K\u00fcnstlerzertifikat:\u00a0 250 St\u00fcck<br \/>\nUnzirkuliert: 15&#8217;000 St\u00fcck<\/p>\n<p><strong>Preis<\/strong><br \/>\nPolierte Platte im Etui: CHF 79.-<br \/>\nPolierte Platte im Etui mit K\u00fcnstlerzertifikat: CHF 90.-<br \/>\nUnzirkuliert: CHF 30.-<\/p>\n<\/div>[\/vc_column_inner][vc_column_inner width=&#8220;1\/3&#8243;]<div class=\"section__image section__image--center intro-animation intro-animation--bottom\"><div class=\"picture_container\" style=\"width: 160px\"><picture><source media=\"(min-width: 768px)\" srcset=\"https:\/\/web-dev.sondermuenze.ch\/wp-content\/uploads\/ssv-silbermuenze-sondermuenze-vs-620x620px.png\"><source media=\"(max-width: 767.98px)\" srcset=\"https:\/\/web-dev.sondermuenze.ch\/wp-content\/uploads\/ssv-silbermuenze-sondermuenze-vs-620x620px.png\"><img loading=\"lazy\" decoding=\"async\" src=\"https:\/\/web-dev.sondermuenze.ch\/wp-content\/uploads\/ssv-silbermuenze-sondermuenze-vs-620x620px.png\" alt=\"Silberm\u00fcnze \u00abSSV\u00bb\" width=\"620\" height=\"620\" \/><\/picture><\/div><\/div><div class=\"section__image section__image--center intro-animation intro-animation--bottom\"><div class=\"picture_container\" style=\"width: 160px\"><picture><source media=\"(min-width: 768px)\" srcset=\"https:\/\/web-dev.sondermuenze.ch\/wp-content\/uploads\/ssv-silbermuenze-sondermuenze-rs-620x620px.png\"><source media=\"(max-width: 767.98px)\" srcset=\"https:\/\/web-dev.sondermuenze.ch\/wp-content\/uploads\/ssv-silbermuenze-sondermuenze-rs-620x620px.png\"><img loading=\"lazy\" decoding=\"async\" src=\"https:\/\/web-dev.sondermuenze.ch\/wp-content\/uploads\/ssv-silbermuenze-sondermuenze-rs-620x620px.png\" alt=\"Silberm\u00fcnze SSV\" width=\"620\" height=\"620\" \/><\/picture><\/div><\/div>[\/vc_column_inner][\/vc_row_inner][\/vc_column][\/vc_row]<\/div>","protected":false},"excerpt":{"rendered":"[vc_row][vc_column][vc_row_inner][vc_column_inner width=&#8220;2\/3&#8243;][\/vc_column_inner][vc_column_inner width=&#8220;1\/3&#8243;][\/vc_column_inner][\/vc_row_inner][\/vc_column][\/vc_row]","protected":false},"author":3,"featured_media":0,"parent":0,"menu_order":95,"comment_status":"closed","ping_status":"closed","template":"","meta":{"_acf_changed":false,"footnotes":""},"class_list":["post-7704","page","type-page","status-publish","hentry"],"acf":[],"_links":{"self":[{"href":"https:\/\/web-dev.sondermuenze.ch\/de\/wp-json\/wp\/v2\/pages\/7704","targetHints":{"allow":["GET"]}}],"collection":[{"href":"https:\/\/web-dev.sondermuenze.ch\/de\/wp-json\/wp\/v2\/pages"}],"about":[{"href":"https:\/\/web-dev.sondermuenze.ch\/de\/wp-json\/wp\/v2\/types\/page"}],"author":[{"embeddable":true,"href":"https:\/\/web-dev.sondermuenze.ch\/de\/wp-json\/wp\/v2\/users\/3"}],"replies":[{"embeddable":true,"href":"https:\/\/web-dev.sondermuenze.ch\/de\/wp-json\/wp\/v2\/comments?post=7704"}],"version-history":[{"count":1,"href":"https:\/\/web-dev.sondermuenze.ch\/de\/wp-json\/wp\/v2\/pages\/7704\/revisions"}],"predecessor-version":[{"id":7708,"href":"https:\/\/web-dev.sondermuenze.ch\/de\/wp-json\/wp\/v2\/pages\/7704\/revisions\/7708"}],"wp:attachment":[{"href":"https:\/\/web-dev.sondermuenze.ch\/de\/wp-json\/wp\/v2\/media?parent=7704"}],"curies":[{"name":"wp","href":"https:\/\/api.w.org\/{rel}","templated":true}]}}