{"id":8759,"date":"2025-02-13T09:33:22","date_gmt":"2025-02-13T08:33:22","guid":{"rendered":"https:\/\/web-dev.sondermuenze.ch\/?page_id=8759"},"modified":"2025-02-13T09:33:22","modified_gmt":"2025-02-13T08:33:22","slug":"sondermuenze-rhonegletscher","status":"publish","type":"page","link":"https:\/\/web-dev.sondermuenze.ch\/de\/sondermuenze-rhonegletscher\/","title":{"rendered":"Sonderm\u00fcnze Rhonegletscher"},"content":{"rendered":"<div class=\"wpb-content-wrapper\">[vc_row][vc_column]<div class=\"section__text section__text--lead section__text--center intro-animation intro-animation--bottom\"><h1>Sonderm\u00fcnze Rhonegletscher<\/h1>\n<p>Der Rhonegletscher, der zum Zeitpunkt der Pr\u00e4gung dieser M\u00fcnze 8 km lang und durchschnittlich 2 km breit ist, liegt im nord\u00f6stlichsten Zipfel des Kantons Wallis im Goms. Dieser Talgletscher entsteht an der S\u00fcdwestseite des Dammastockmassivs auf einer H\u00f6he von ca. 3600 m. Die ersten 2,5 km des Gletschers bestehen aus einem Firn, dem Eggfirn, der einen H\u00f6henunterschied von \u00fcber 600 Metern \u00fcberwindet. Der Rhonegletscher ist mit dem Triftgletscher \u00fcber einen kleinen Pass auf einer H\u00f6he von 3081 m verbunden. Das Quellgebiet der Rhone, Fluss, welcher ins Mittelmeer fliesst, befindet sich ebenfalls beim Rhonegletscher. Vom Furkapass aus ist der Gletscher leicht zu erreichen. Die seit 1870 in den Gletscher gegrabene Eisgrotte, welche es erm\u00f6glicht, das Innere des Gletschers zu besichtigen, liegt etwas unter der Furkapassh\u00f6he. Wie die meisten Alpengletscher hat sich auch der Rhonegletscher in den letzten Jahrhunderten ziemlich zur\u00fcckgezogen.<\/p>\n<p>Der Rhonegletscher ist auf der Bildseite und der Nominalwert von 10 Franken auf der Wertseite der Sonderm\u00fcnze abgebildet.<\/p>\n<\/div>[vc_row_inner][vc_column_inner width=&#8220;2\/3&#8243;]<div class=\"section__text section__text--center intro-animation intro-animation--bottom\"><p>Nennwert: 10 Schweizer Franken<br \/>\nLegierung: Alu-Bronze und Kupfer-Nickel<br \/>\nDurchmesser: 33 mm<br \/>\nGewicht: 15 g<br \/>\nAusgabedatum: 11.01.2024<\/p>\n<p><strong>Auflage<\/strong><br \/>\nPolierte Platte:\u00a0 2&#8217;250 St\u00fcck<br \/>\nPolierte Platte signiert: 250 St\u00fcck<br \/>\nUnzirkuliert: 5&#8217;000 St\u00fcck<\/p>\n<p><strong>Preis<\/strong><br \/>\nPolierte Platte im Etui: CHF 55.-<br \/>\nPolierte Platte im Etui mit K\u00fcnstlerzertifikat: CHF 70.-<br \/>\nUnzirkuliert: CHF 20.-<\/p>\n<\/div>[\/vc_column_inner][vc_column_inner width=&#8220;1\/3&#8243;]<div class=\"section__image section__image--center intro-animation intro-animation--bottom\"><div class=\"picture_container\" style=\"width: 160px\"><picture><source media=\"(min-width: 768px)\" srcset=\"https:\/\/web-dev.sondermuenze.ch\/wp-content\/uploads\/510000604-rohnegletscher-bimetal-bs-620-x-620-px.png\"><source media=\"(max-width: 767.98px)\" srcset=\"https:\/\/web-dev.sondermuenze.ch\/wp-content\/uploads\/510000604-rohnegletscher-bimetal-bs-620-x-620-px.png\"><img loading=\"lazy\" decoding=\"async\" src=\"https:\/\/web-dev.sondermuenze.ch\/wp-content\/uploads\/510000604-rohnegletscher-bimetal-bs-620-x-620-px.png\" alt=\"Sonderm\u00fcnze Rhonegletscher\" width=\"620\" height=\"620\" \/><\/picture><\/div><\/div><div class=\"section__image section__image--center intro-animation intro-animation--bottom\"><div class=\"picture_container\" style=\"width: 160px\"><picture><source media=\"(min-width: 768px)\" srcset=\"https:\/\/web-dev.sondermuenze.ch\/wp-content\/uploads\/510000604-rohnegletscher-bimetal-ws-620-x-620-px.png\"><source media=\"(max-width: 767.98px)\" srcset=\"https:\/\/web-dev.sondermuenze.ch\/wp-content\/uploads\/510000604-rohnegletscher-bimetal-ws-620-x-620-px.png\"><img loading=\"lazy\" decoding=\"async\" src=\"https:\/\/web-dev.sondermuenze.ch\/wp-content\/uploads\/510000604-rohnegletscher-bimetal-ws-620-x-620-px.png\" alt=\"Sonderm\u00fcnze Rhonegletscher\" width=\"620\" height=\"620\" \/><\/picture><\/div><\/div>[\/vc_column_inner][\/vc_row_inner][\/vc_column][\/vc_row]<\/div>","protected":false},"excerpt":{"rendered":"[vc_row][vc_column][vc_row_inner][vc_column_inner width=&#8220;2\/3&#8243;][\/vc_column_inner][vc_column_inner width=&#8220;1\/3&#8243;][\/vc_column_inner][\/vc_row_inner][\/vc_column][\/vc_row]","protected":false},"author":3,"featured_media":0,"parent":0,"menu_order":44,"comment_status":"closed","ping_status":"closed","template":"","meta":{"_acf_changed":false,"footnotes":""},"class_list":["post-8759","page","type-page","status-publish","hentry"],"acf":[],"_links":{"self":[{"href":"https:\/\/web-dev.sondermuenze.ch\/de\/wp-json\/wp\/v2\/pages\/8759","targetHints":{"allow":["GET"]}}],"collection":[{"href":"https:\/\/web-dev.sondermuenze.ch\/de\/wp-json\/wp\/v2\/pages"}],"about":[{"href":"https:\/\/web-dev.sondermuenze.ch\/de\/wp-json\/wp\/v2\/types\/page"}],"author":[{"embeddable":true,"href":"https:\/\/web-dev.sondermuenze.ch\/de\/wp-json\/wp\/v2\/users\/3"}],"replies":[{"embeddable":true,"href":"https:\/\/web-dev.sondermuenze.ch\/de\/wp-json\/wp\/v2\/comments?post=8759"}],"version-history":[{"count":1,"href":"https:\/\/web-dev.sondermuenze.ch\/de\/wp-json\/wp\/v2\/pages\/8759\/revisions"}],"predecessor-version":[{"id":8771,"href":"https:\/\/web-dev.sondermuenze.ch\/de\/wp-json\/wp\/v2\/pages\/8759\/revisions\/8771"}],"wp:attachment":[{"href":"https:\/\/web-dev.sondermuenze.ch\/de\/wp-json\/wp\/v2\/media?parent=8759"}],"curies":[{"name":"wp","href":"https:\/\/api.w.org\/{rel}","templated":true}]}}