{"id":8814,"date":"2025-03-17T08:28:11","date_gmt":"2025-03-17T07:28:11","guid":{"rendered":"https:\/\/web-dev.sondermuenze.ch\/?page_id=8814"},"modified":"2025-03-17T08:28:11","modified_gmt":"2025-03-17T07:28:11","slug":"silbermuenze-cern","status":"publish","type":"page","link":"https:\/\/web-dev.sondermuenze.ch\/de\/silbermuenze-cern\/","title":{"rendered":"Silberm\u00fcnze CERN"},"content":{"rendered":"<div class=\"wpb-content-wrapper\">[vc_row][vc_column]<div class=\"section__text section__text--lead section__text--center intro-animation intro-animation--bottom\"><h1>Silberm\u00fcnze CERN<\/h1>\n<p>Das CERN (Europ\u00e4isches Laboratorium f\u00fcr Teilchenphysik) ist das gr\u00f6sste Laboratorium f\u00fcr Teilchenphysik der Welt. Das 1954 gegr\u00fcndete CERN mit Sitz in Genf an der franz\u00f6sisch-schweizerischen Grenze ist eine internationale Organisation, der 24 Mitgliedstaaten angeh\u00f6ren. Seine Aufgabe ist es, die grundlegenden Gesetze des Universums zu erforschen, indem es die kleinsten Bestandteile der Materie, die Teilchen, untersucht.<\/p>\n<p>Die Silberm\u00fcnze stellt eine Vorzeigemaschine des CERN in den Mittelpunkt, die als f\u00fchrendes Instrument f\u00fcr Forschung und Innovation in der Schweiz gilt. Das LHC (Large Hadron Collider oder Grosser Hadronen-Speicherring) des CERN ist der gr\u00f6sste Teilchenbeschleuniger der Welt. In diesem Ring mit einem Umfang von 27 km werden Protonen auf nahezu Lichtgeschwindigkeit beschleunigt und dann zur Kollision gebracht. Die Analyse dieser Kollisionen erm\u00f6glicht tiefere Einblicke in die grundlegende Struktur der Materie und die Funktionsweise des Universums. Die Bildseite der M\u00fcnze zeigt eine dieser Kollisionen, die eine Vielzahl von Teilchen erzeugt, von denen einige gleich zu Beginn des Universums, kurz nach dem Urknall, vorhanden waren. Auf der R\u00fcckseite ist ein Magnet des Large Hadron Collider abgebildet. Diese supraleitenden Magnete sind technologische Meisterwerke. Sie erzeugen sehr starke Magnetfelder, um die Teilchenstrahlen im Ring zu f\u00fchren und zu konzentrieren.<\/p>\n<p>Die Sonderm\u00fcnze \u00abCern\u00bb besteht aus Silber und wiegt 20 g. Der Nominalwert von 20 CHF ist auf der R\u00fcckseite abgebildet. Die M\u00fcnze wird in einer Auflage von 3\u2019500 St\u00fcck in der Qualit\u00e4t \u00abPolierte Platte\u00bb im Etui und 7\u2019500 St\u00fcck \u00abunzirkuliert\u00bb im Blister angeboten.<\/p>\n<\/div>[vc_row_inner][vc_column_inner width=&#8220;2\/3&#8243;]<div class=\"section__text section__text--center intro-animation intro-animation--bottom\"><p>Nennwert: 20 Schweizer Franken<br \/>\nLegierung: Silber 999<br \/>\nDurchmesser: 33 mm<br \/>\nGewicht: 20 g<br \/>\nAusgabedatum: 13.03.2025<\/p>\n<p><strong>Auflage<\/strong><br \/>\nPolierte Platte:\u00a0 3&#8217;500 St\u00fcck<br \/>\nUnzirkuliert: 7&#8217;500 St\u00fcck<\/p>\n<p><strong>Preis<\/strong><br \/>\nPolierte Platte im Etui: CHF 79.-<br \/>\nUnzirkuliert: CHF 25.-<\/p>\n<\/div>[\/vc_column_inner][vc_column_inner width=&#8220;1\/3&#8243;]<div class=\"section__image section__image--center intro-animation intro-animation--bottom\"><div class=\"picture_container\" style=\"width: 160px\"><picture><source media=\"(min-width: 768px)\" srcset=\"\"><source media=\"(max-width: 767.98px)\" srcset=\"\"><img decoding=\"async\" src=\"\" alt=\"Silberm\u00fcnze CERN\" width=\"\" height=\"\" \/><\/picture><\/div><\/div><div class=\"section__image section__image--center intro-animation intro-animation--bottom\"><div class=\"picture_container\" style=\"width: 160px\"><picture><source media=\"(min-width: 768px)\" srcset=\"https:\/\/web-dev.sondermuenze.ch\/wp-content\/uploads\/swissmint-cern-20fr-ws-final-620x620px.png\"><source media=\"(max-width: 767.98px)\" srcset=\"https:\/\/web-dev.sondermuenze.ch\/wp-content\/uploads\/swissmint-cern-20fr-ws-final-620x620px.png\"><img loading=\"lazy\" decoding=\"async\" src=\"https:\/\/web-dev.sondermuenze.ch\/wp-content\/uploads\/swissmint-cern-20fr-ws-final-620x620px.png\" alt=\"Silberm\u00fcnze CERN\" width=\"620\" height=\"620\" \/><\/picture><\/div><\/div>[\/vc_column_inner][\/vc_row_inner][\/vc_column][\/vc_row]<\/div>","protected":false},"excerpt":{"rendered":"[vc_row][vc_column][vc_row_inner][vc_column_inner width=&#8220;2\/3&#8243;][\/vc_column_inner][vc_column_inner width=&#8220;1\/3&#8243;][\/vc_column_inner][\/vc_row_inner][\/vc_column][\/vc_row]","protected":false},"author":3,"featured_media":0,"parent":0,"menu_order":81,"comment_status":"closed","ping_status":"closed","template":"","meta":{"_acf_changed":false,"footnotes":""},"class_list":["post-8814","page","type-page","status-publish","hentry"],"acf":[],"_links":{"self":[{"href":"https:\/\/web-dev.sondermuenze.ch\/de\/wp-json\/wp\/v2\/pages\/8814","targetHints":{"allow":["GET"]}}],"collection":[{"href":"https:\/\/web-dev.sondermuenze.ch\/de\/wp-json\/wp\/v2\/pages"}],"about":[{"href":"https:\/\/web-dev.sondermuenze.ch\/de\/wp-json\/wp\/v2\/types\/page"}],"author":[{"embeddable":true,"href":"https:\/\/web-dev.sondermuenze.ch\/de\/wp-json\/wp\/v2\/users\/3"}],"replies":[{"embeddable":true,"href":"https:\/\/web-dev.sondermuenze.ch\/de\/wp-json\/wp\/v2\/comments?post=8814"}],"version-history":[{"count":1,"href":"https:\/\/web-dev.sondermuenze.ch\/de\/wp-json\/wp\/v2\/pages\/8814\/revisions"}],"predecessor-version":[{"id":8826,"href":"https:\/\/web-dev.sondermuenze.ch\/de\/wp-json\/wp\/v2\/pages\/8814\/revisions\/8826"}],"wp:attachment":[{"href":"https:\/\/web-dev.sondermuenze.ch\/de\/wp-json\/wp\/v2\/media?parent=8814"}],"curies":[{"name":"wp","href":"https:\/\/api.w.org\/{rel}","templated":true}]}}