{"id":8839,"date":"2025-04-09T13:50:10","date_gmt":"2025-04-09T11:50:10","guid":{"rendered":"https:\/\/web-dev.sondermuenze.ch\/?page_id=8839"},"modified":"2025-04-09T14:06:53","modified_gmt":"2025-04-09T12:06:53","slug":"200-jahre-ssv","status":"publish","type":"page","link":"https:\/\/web-dev.sondermuenze.ch\/de\/200-jahre-ssv\/","title":{"rendered":"Goldm\u00fcnze 200 Jahre SSV"},"content":{"rendered":"<div class=\"wpb-content-wrapper\">[vc_row][vc_column]<div class=\"section__text section__text--lead section__text--center intro-animation intro-animation--bottom\"><h1>Goldm\u00fcnze 200 Jahre Schweizer Schiesssportverband<\/h1>\n<p>Die Sonderm\u00fcnze zelebriert das 200-j\u00e4hrige Jubil\u00e4um des Schweizer Schiesssportverbandes (SSV).\u00a0Die Sonderm\u00fcnze \u00ab200 Jahre Schweizer Schiesssportverband\u00bb besteht aus Gold 900 und wiegt 11,29 g. Die Vorderseite der M\u00fcnze zeigt den Blick durch den Lauf einer Waffe auf eine Zielscheibe. Dieser Blick wird von den Jahreszahlen 1824 und 2024 sowie dem Jubil\u00e4um \u00ab200 Jahre SSV\u00bb eingerahmt. Die Wertseite der Goldm\u00fcnze ist, ebenso wie die Wertseite der silbernen SSV-Sonderm\u00fcnze, ein historisches Relikt aus vergangenen Zeiten: 1842 wurde der erste Sch\u00fctzentaler mit einem offiziellen Nominal von 4 Franken f\u00fcr das Sch\u00fctzenfest in Chur gepr\u00e4gt. Die Wertseite zeigt aussen am Rand im Uhrzeigersinn die Bezeichnung CONFOEDERATIO HELVETICA, das Pr\u00e4gejahr 2024 und den Wert 50 FR. Der K\u00fcnstler Vito Noto wollte mit dieser Goldm\u00fcnze Werte und Tradition mit den wesentlichen Elementen dieses Sports verbinden.<\/p>\n<\/div>[vc_row_inner][vc_column_inner width=&#8220;2\/3&#8243;]<div class=\"section__text section__text--center intro-animation intro-animation--bottom\"><p>Nennwert: 50 Schweizer Franken<br \/>\nLegierung: Gold 900<br \/>\nDurchmesser: 25 mm<br \/>\nGewicht: 11.29 g<br \/>\nAusgabedatum: 16.08.2024<\/p>\n<p><strong>Auflage<\/strong><br \/>\nPolierte Platte:\u00a0 4&#8217;800 St\u00fcck<br \/>\nPolierte Platte mit K\u00fcnstlerzertifikat: 200 St\u00fcck<\/p>\n<p><strong>Preis<\/strong><br \/>\nPolierte Platte im Etui: CHF 915.-<br \/>\nPolierte Platte mit K\u00fcnstlerzertifikat: CHF 829.-<\/p>\n<\/div>[\/vc_column_inner][vc_column_inner width=&#8220;1\/3&#8243;]<div class=\"section__image section__image--center intro-animation intro-animation--bottom\"><div class=\"picture_container\" style=\"width: 160px\"><picture><source media=\"(min-width: 768px)\" srcset=\"https:\/\/web-dev.sondermuenze.ch\/wp-content\/uploads\/swissmint-soldat-schiesssportverband-50fr-bs-620x620px.png\"><source media=\"(max-width: 767.98px)\" srcset=\"https:\/\/web-dev.sondermuenze.ch\/wp-content\/uploads\/swissmint-soldat-schiesssportverband-50fr-bs-620x620px.png\"><img loading=\"lazy\" decoding=\"async\" src=\"https:\/\/web-dev.sondermuenze.ch\/wp-content\/uploads\/swissmint-soldat-schiesssportverband-50fr-bs-620x620px.png\" alt=\"200 Jahre SSV\" width=\"620\" height=\"620\" \/><\/picture><\/div><\/div><div class=\"section__image section__image--center intro-animation intro-animation--bottom\"><div class=\"picture_container\" style=\"width: 160px\"><picture><source media=\"(min-width: 768px)\" srcset=\"https:\/\/web-dev.sondermuenze.ch\/wp-content\/uploads\/swissmint-soldat-schiesssportverband-50fr-ws-620x620px.png\"><source media=\"(max-width: 767.98px)\" srcset=\"https:\/\/web-dev.sondermuenze.ch\/wp-content\/uploads\/swissmint-soldat-schiesssportverband-50fr-ws-620x620px.png\"><img loading=\"lazy\" decoding=\"async\" src=\"https:\/\/web-dev.sondermuenze.ch\/wp-content\/uploads\/swissmint-soldat-schiesssportverband-50fr-ws-620x620px.png\" alt=\"200 Jahre SSV\" width=\"620\" height=\"620\" \/><\/picture><\/div><\/div>[\/vc_column_inner][\/vc_row_inner][\/vc_column][\/vc_row]<\/div>","protected":false},"excerpt":{"rendered":"[vc_row][vc_column][vc_row_inner][vc_column_inner width=&#8220;2\/3&#8243;][\/vc_column_inner][vc_column_inner width=&#8220;1\/3&#8243;][\/vc_column_inner][\/vc_row_inner][\/vc_column][\/vc_row]","protected":false},"author":3,"featured_media":0,"parent":0,"menu_order":60,"comment_status":"closed","ping_status":"closed","template":"","meta":{"_acf_changed":false,"footnotes":""},"class_list":["post-8839","page","type-page","status-publish","hentry"],"acf":[],"_links":{"self":[{"href":"https:\/\/web-dev.sondermuenze.ch\/de\/wp-json\/wp\/v2\/pages\/8839","targetHints":{"allow":["GET"]}}],"collection":[{"href":"https:\/\/web-dev.sondermuenze.ch\/de\/wp-json\/wp\/v2\/pages"}],"about":[{"href":"https:\/\/web-dev.sondermuenze.ch\/de\/wp-json\/wp\/v2\/types\/page"}],"author":[{"embeddable":true,"href":"https:\/\/web-dev.sondermuenze.ch\/de\/wp-json\/wp\/v2\/users\/3"}],"replies":[{"embeddable":true,"href":"https:\/\/web-dev.sondermuenze.ch\/de\/wp-json\/wp\/v2\/comments?post=8839"}],"version-history":[{"count":5,"href":"https:\/\/web-dev.sondermuenze.ch\/de\/wp-json\/wp\/v2\/pages\/8839\/revisions"}],"predecessor-version":[{"id":8858,"href":"https:\/\/web-dev.sondermuenze.ch\/de\/wp-json\/wp\/v2\/pages\/8839\/revisions\/8858"}],"wp:attachment":[{"href":"https:\/\/web-dev.sondermuenze.ch\/de\/wp-json\/wp\/v2\/media?parent=8839"}],"curies":[{"name":"wp","href":"https:\/\/api.w.org\/{rel}","templated":true}]}}