{"id":9742,"date":"2025-10-08T08:21:11","date_gmt":"2025-10-08T06:21:11","guid":{"rendered":"https:\/\/web-dev.sondermuenze.ch\/?page_id=9742"},"modified":"2025-10-08T08:21:11","modified_gmt":"2025-10-08T06:21:11","slug":"silbermuenze-tinguely","status":"publish","type":"page","link":"https:\/\/web-dev.sondermuenze.ch\/de\/silbermuenze-tinguely\/","title":{"rendered":"Silberm\u00fcnze Jean Tinguely"},"content":{"rendered":"<div class=\"wpb-content-wrapper\">[vc_row][vc_column]<div class=\"section__text section__text--lead section__text--center intro-animation intro-animation--bottom\"><h1>Silberm\u00fcnze Jean Tinguely<\/h1>\n<p>Jean Tinguely (1925\u20131991) war ein Schweizer K\u00fcnstler, bekannt f\u00fcr seine kinetischen Skulpturen und poetischen Maschinen. Geboren in Freiburg, pr\u00e4gte er die Kunstwelt mit seinem spielerischen und kritischen Ansatz, indem er aus recycelten Materialien bewegliche Werke schuf, die Ger\u00e4usch, Mechanik und \u00c4sthetik vereinen. Seine ikonischen Werke sowie seine Zusammenarbeit mit anderen K\u00fcnstlern, wie Niki de Saint Phalle, machten ihn zu einer zentralen Figur der zeitgen\u00f6ssischen Kunst. Das Jahr 2025 markiert den 100. Geburtstag von Jean Tinguely \u2013 w\u00e4hrend des ganzen Jahres wird man sein k\u00fcnstlerisches Erbe feiern.<\/p>\n<p>Die Silberm\u00fcnze ist eine Hommage an einen der einflussreichsten Schweizer K\u00fcnstler des 20. Jahrhunderts. F\u00fcr Tinguely war die Maschine viel mehr als nur ein mechanisches Objekt: Sie verk\u00f6rperte Humor, Poesie und die st\u00e4ndige Bewegung des Lebens. Seine Werke, die zwischen Weisheit und Wahnsinn oszillieren, inspirieren die zeitgen\u00f6ssische Kunst bis heute. Die Bildseite der M\u00fcnze zeigt ein Element von Heureka, der ikonischen Skulptur, die f\u00fcr die schweizerische Landesausstellung 1964 in Lausanne geschaffen wurde und heute in Z\u00fcrich steht. Dieses Werk, das aus ineinander verschlungenen R\u00e4dern und Mechanismen besteht, veranschaulicht perfekt Tinguelys Vision, die traditionellen Kunstcodes durch die Integration neuer Materialien zu brechen. Der Name \u00abJean Tinguely\u00bb ist im oberen Teil im Collagenstil zu sehen, eine Anspielung auf eine seiner bevorzugten k\u00fcnstlerischen Techniken. Das Geburtsjahr 1925 wird hervorgehoben, um auf den 100. Geburtstag des K\u00fcnstlers im Jahr 2025 hinzuweisen. Die R\u00fcckseite zeigt ein Frontalportr\u00e4t von Jean Tinguely, gezeichnet mit Strichen, die die Konturen seines Gesichts umreissen. Diese grafische Gestaltung erinnert an sein k\u00fcnstlerisches Universum, in dem sich Linien, Formen und mechanische Strukturen zu Werken in st\u00e4ndiger Bewegung verbinden.<\/p>\n<p>Die Sonderm\u00fcnze \u00abJean Tinguely\u00bb besteht aus Silber 999 und wiegt 20 g. Der Nominalwert von 20 CHF ist auf der R\u00fcckseite abgebildet. Die M\u00fcnze wird in einer Auflage von 3\u2019500 St\u00fcck in der Qualit\u00e4t \u00abPolierte Platte\u00bb im Etui, 1&#8217;000 St\u00fcck nummeriert \u00abCollector\u2019s Edition Jean Tinguely\u00bb in der Qualit\u00e4t \u00abPolierte Platte\u00bb und 7\u2019500 St\u00fcck \u00abunzirkuliert\u00bb im Blister angeboten. Das neue Sonderprodukt \u00abCollector&#8217;s Edition Jean Tinguely\u00bb enth\u00e4lt eine auf der Wertseite nummerierte Sonderm\u00fcnze in der Qualit\u00e4t \u00abPolierte Platte sowie ein nummeriertes Zertifikat. Das Sonderprodukt wird in einer speziellen Verpackung angeboten.<\/p>\n<\/div>[vc_row_inner][vc_column_inner width=&#8220;2\/3&#8243;]<div class=\"section__text section__text--center intro-animation intro-animation--bottom\"><p>Nennwert: 20 Schweizer Franken<br \/>\nLegierung: Silber 999<br \/>\nDurchmesser: 33 mm<br \/>\nGewicht: 20 g<br \/>\nAusgabedatum: 22.05.2025<\/p>\n<p><strong>Auflage<\/strong><br \/>\nPolierte Platte:\u00a0 3&#8217;500 St\u00fcck<br \/>\nUnzirkuliert: 7&#8217;500 St\u00fcck<br \/>\nCollector&#8217;s Edition Jean Tinguely: 1&#8217;000 St\u00fcck<\/p>\n<p><strong>Preis<\/strong><br \/>\nPolierte Platte im Etui: CHF 79.-<br \/>\nUnzirkuliert: CHF 25.-<br \/>\nCollector&#8217;s Edition Jean Tinguely: CHF 100.-<\/p>\n<\/div>[\/vc_column_inner][vc_column_inner width=&#8220;1\/3&#8243;]<div class=\"section__image section__image--center intro-animation intro-animation--bottom\"><div class=\"picture_container\" style=\"width: 160px\"><picture><source media=\"(min-width: 768px)\" srcset=\"https:\/\/web-dev.sondermuenze.ch\/wp-content\/uploads\/swissmint-jean-tinguely-bs-620x620px-1.png\"><source media=\"(max-width: 767.98px)\" srcset=\"https:\/\/web-dev.sondermuenze.ch\/wp-content\/uploads\/swissmint-jean-tinguely-bs-620x620px-1.png\"><img loading=\"lazy\" decoding=\"async\" src=\"https:\/\/web-dev.sondermuenze.ch\/wp-content\/uploads\/swissmint-jean-tinguely-bs-620x620px-1.png\" alt=\"Silberm\u00fcnze Tinguely\" width=\"620\" height=\"620\" \/><\/picture><\/div><\/div><div class=\"section__image section__image--center intro-animation intro-animation--bottom\"><div class=\"picture_container\" style=\"width: 160px\"><picture><source media=\"(min-width: 768px)\" srcset=\"https:\/\/web-dev.sondermuenze.ch\/wp-content\/uploads\/swissmint-jean-tinguely-ws-620x620px.png\"><source media=\"(max-width: 767.98px)\" srcset=\"https:\/\/web-dev.sondermuenze.ch\/wp-content\/uploads\/swissmint-jean-tinguely-ws-620x620px.png\"><img loading=\"lazy\" decoding=\"async\" src=\"https:\/\/web-dev.sondermuenze.ch\/wp-content\/uploads\/swissmint-jean-tinguely-ws-620x620px.png\" alt=\"Silberm\u00fcnze Tinguely\" width=\"620\" height=\"620\" \/><\/picture><\/div><\/div>[\/vc_column_inner][\/vc_row_inner][\/vc_column][\/vc_row]<\/div>","protected":false},"excerpt":{"rendered":"[vc_row][vc_column][vc_row_inner][vc_column_inner width=&#8220;2\/3&#8243;][\/vc_column_inner][vc_column_inner width=&#8220;1\/3&#8243;][\/vc_column_inner][\/vc_row_inner][\/vc_column][\/vc_row]","protected":false},"author":3,"featured_media":0,"parent":0,"menu_order":87,"comment_status":"closed","ping_status":"closed","template":"","meta":{"_acf_changed":false,"footnotes":""},"class_list":["post-9742","page","type-page","status-publish","hentry"],"acf":[],"_links":{"self":[{"href":"https:\/\/web-dev.sondermuenze.ch\/de\/wp-json\/wp\/v2\/pages\/9742","targetHints":{"allow":["GET"]}}],"collection":[{"href":"https:\/\/web-dev.sondermuenze.ch\/de\/wp-json\/wp\/v2\/pages"}],"about":[{"href":"https:\/\/web-dev.sondermuenze.ch\/de\/wp-json\/wp\/v2\/types\/page"}],"author":[{"embeddable":true,"href":"https:\/\/web-dev.sondermuenze.ch\/de\/wp-json\/wp\/v2\/users\/3"}],"replies":[{"embeddable":true,"href":"https:\/\/web-dev.sondermuenze.ch\/de\/wp-json\/wp\/v2\/comments?post=9742"}],"version-history":[{"count":1,"href":"https:\/\/web-dev.sondermuenze.ch\/de\/wp-json\/wp\/v2\/pages\/9742\/revisions"}],"predecessor-version":[{"id":9762,"href":"https:\/\/web-dev.sondermuenze.ch\/de\/wp-json\/wp\/v2\/pages\/9742\/revisions\/9762"}],"wp:attachment":[{"href":"https:\/\/web-dev.sondermuenze.ch\/de\/wp-json\/wp\/v2\/media?parent=9742"}],"curies":[{"name":"wp","href":"https:\/\/api.w.org\/{rel}","templated":true}]}}