{"id":4310,"date":"2023-11-02T16:33:04","date_gmt":"2023-11-02T15:33:04","guid":{"rendered":"https:\/\/web-dev.sondermuenze.ch\/?page_id=4310"},"modified":"2023-11-23T10:22:32","modified_gmt":"2023-11-23T09:22:32","slug":"high-relief-ssv","status":"publish","type":"page","link":"https:\/\/web-dev.sondermuenze.ch\/en\/high-relief-ssv\/","title":{"rendered":"High Relief Special Coin SSV"},"content":{"rendered":"<div class=\"wpb-content-wrapper\">[vc_row][vc_column]<div class=\"section__text section__text--lead section__text--center intro-animation intro-animation--bottom\"><h1>High Relief Special Coin SSV<\/h1>\n<p>The coin is visually based on the silver coin &#8220;Swiss Shooting Sports Federation&#8221; from June 2023 and has a weight of 1oz silver instead of the usual 20g. The coin was realised in cooperation with the company CIT COIN INVEST AG, from Liechtenstein, and is intended to give the broad Swiss population an exciting insight into modern numismatics.<\/p>\n<p>The &#8220;High Relief Special Coin SSV&#8221; has been minted in a limited edition of 1,000 pieces and sold with a numbered certificate from 1 &#8211; 1,000. Each certificate has its own colour, &#8220;only the certtificat with the number 1 is black, because its future customer has literally hit the bull&#8217;s eye,&#8221; says Jan Niklas Betz, Deputy General Manager and Head of Marketing &amp; Sales at Swissmint.<\/p>\n<\/div>[vc_row_inner][vc_column_inner width=&#8221;2\/3&#8243;]<div class=\"section__text section__text--center intro-animation intro-animation--bottom\"><p>Legal face value: 20 Swiss francs<br \/>\nArtist: Vito Noto, Lugano<br \/>\nAlloy: Silver 999<br \/>\nDiameter: 38.61 mm<br \/>\nWeight: 31.1g \/ 1oz<br \/>\nDate of issue: 29.10.203<\/p>\n<p><strong>Mintage<\/strong><br \/>\nProof in frame box with certificate of authenticity numbered: 1&#8217;000 pieces<\/p>\n<p><strong>Indicative price<\/strong><br \/>\nProof in frame box with certificate of authenticity numbered: CHF 135.-<\/p>\n<p><strong>Minting and issue<\/strong><br \/>\nCIT Coin Invest Balzers in cooperation with Eidgen\u00f6ssische M\u00fcnzst\u00e4tte Swissmint, CH-3003 Bern<\/p>\n<\/div>[\/vc_column_inner][vc_column_inner width=&#8221;1\/3&#8243;]<div class=\"section__image section__image--center intro-animation intro-animation--bottom\"><div class=\"picture_container\" style=\"width: 160px\"><picture><source media=\"(min-width: 768px)\" srcset=\"https:\/\/web-dev.sondermuenze.ch\/wp-content\/uploads\/30451-schutzentaler-1824-2024-r-620x620px.png\"><source media=\"(max-width: 767.98px)\" srcset=\"https:\/\/web-dev.sondermuenze.ch\/wp-content\/uploads\/30451-schutzentaler-1824-2024-r-620x620px.png\"><img loading=\"lazy\" decoding=\"async\" src=\"https:\/\/web-dev.sondermuenze.ch\/wp-content\/uploads\/30451-schutzentaler-1824-2024-r-620x620px.png\" alt=\"High Relief SSV\" width=\"620\" height=\"620\" \/><\/picture><\/div><\/div><div class=\"section__image section__image--center intro-animation intro-animation--bottom\"><div class=\"picture_container\" style=\"width: 160px\"><picture><source media=\"(min-width: 768px)\" srcset=\"https:\/\/web-dev.sondermuenze.ch\/wp-content\/uploads\/30451-schutzentaler-1824-2024-o-620x620px.png\"><source media=\"(max-width: 767.98px)\" srcset=\"https:\/\/web-dev.sondermuenze.ch\/wp-content\/uploads\/30451-schutzentaler-1824-2024-o-620x620px.png\"><img loading=\"lazy\" decoding=\"async\" src=\"https:\/\/web-dev.sondermuenze.ch\/wp-content\/uploads\/30451-schutzentaler-1824-2024-o-620x620px.png\" alt=\"High Relief SSV\" width=\"620\" height=\"620\" \/><\/picture><\/div><\/div>[\/vc_column_inner][\/vc_row_inner][\/vc_column][\/vc_row]<\/div>","protected":false},"excerpt":{"rendered":"[vc_row][vc_column][vc_row_inner][vc_column_inner width=&#8221;2\/3&#8243;][\/vc_column_inner][vc_column_inner width=&#8221;1\/3&#8243;][\/vc_column_inner][\/vc_row_inner][\/vc_column][\/vc_row]","protected":false},"author":3,"featured_media":0,"parent":0,"menu_order":110,"comment_status":"closed","ping_status":"closed","template":"","meta":{"_acf_changed":false,"footnotes":""},"class_list":["post-4310","page","type-page","status-publish","hentry"],"acf":[],"_links":{"self":[{"href":"https:\/\/web-dev.sondermuenze.ch\/en\/wp-json\/wp\/v2\/pages\/4310","targetHints":{"allow":["GET"]}}],"collection":[{"href":"https:\/\/web-dev.sondermuenze.ch\/en\/wp-json\/wp\/v2\/pages"}],"about":[{"href":"https:\/\/web-dev.sondermuenze.ch\/en\/wp-json\/wp\/v2\/types\/page"}],"author":[{"embeddable":true,"href":"https:\/\/web-dev.sondermuenze.ch\/en\/wp-json\/wp\/v2\/users\/3"}],"replies":[{"embeddable":true,"href":"https:\/\/web-dev.sondermuenze.ch\/en\/wp-json\/wp\/v2\/comments?post=4310"}],"version-history":[{"count":6,"href":"https:\/\/web-dev.sondermuenze.ch\/en\/wp-json\/wp\/v2\/pages\/4310\/revisions"}],"predecessor-version":[{"id":5263,"href":"https:\/\/web-dev.sondermuenze.ch\/en\/wp-json\/wp\/v2\/pages\/4310\/revisions\/5263"}],"wp:attachment":[{"href":"https:\/\/web-dev.sondermuenze.ch\/en\/wp-json\/wp\/v2\/media?parent=4310"}],"curies":[{"name":"wp","href":"https:\/\/api.w.org\/{rel}","templated":true}]}}