{"id":10537,"date":"2026-02-05T16:07:57","date_gmt":"2026-02-05T15:07:57","guid":{"rendered":"https:\/\/web-dev.sondermuenze.ch\/?page_id=10537"},"modified":"2026-02-05T16:09:30","modified_gmt":"2026-02-05T15:09:30","slug":"medaille-wmf26","status":"publish","type":"page","link":"https:\/\/web-dev.sondermuenze.ch\/fr\/medaille-wmf26\/","title":{"rendered":"M\u00e9daille d&rsquo;argent World Money Fair 2026"},"content":{"rendered":"<div class=\"wpb-content-wrapper\">[vc_row][vc_column]<div class=\"section__text section__text--center intro-animation intro-animation--bottom\"><h1>M\u00e9daille d&rsquo;argent World Money Fair 2026<\/h1>\n<\/div><div class=\"section__text section__text--lead section__text--center intro-animation intro-animation--bottom\"><p>Lors de la World Money Fair 2026, qui s&rsquo;est tenue \u00e0 Berlin du 29 au 31 janvier 2026, les 600 exemplaires de la m\u00e9dailles ont \u00e9t\u00e9 vendus avec succ\u00e8s. Chaque jour de foire, 200 m\u00e9dailles \u00e9taient mises en vente.<\/p>\n<\/div><div class=\"section__teaser\"><div class=\"teaser row\"><div class=\"teaser__media col-l-6 col-xs-12 intro-animation-mobile\"><div class=\"picture_container picture_container--cover picture_container--hover\"><picture><source srcset=\"https:\/\/web-dev.sondermuenze.ch\/wp-content\/uploads\/fabia-2-new-960x850.jpg\"><img loading=\"lazy\" decoding=\"async\" src=\"https:\/\/web-dev.sondermuenze.ch\/wp-content\/uploads\/fabia-2-new-960x850.jpg\" alt=\"Une m\u00e9daille exceptionnelle\" width=\"960\" height=\"850\"\/><\/picture><a href=\"https:\/\/worldmoneyfair.de\/en\/\" class=\"full\" target=\"_blank\" rel=\"noopener noreferrer\" >En savoir plus sur la World Money Fair<\/a><\/div><\/div><div class=\"teaser__content col-l-6 col-xs-12 intro-animation intro-animation--left\"><div class=\"teaser__content__inside row_simple\"><h2>Une m\u00e9daille exceptionnelle<\/h2><div class=\"teaser__content__container\"><p>Cette m\u00e9daille exceptionnelle est frapp\u00e9e en argent 999, p\u00e8se 20 grammes et se distingue par un haut-relief de 0,75 mm, soit trois fois plus que le standard habituel de 0,25 mm \u2014 une qualit\u00e9 de frappe exceptionnelle qui donne au motif une profondeur saisissante. Elle est en outre dot\u00e9e d\u2019une inscription sur la tranche en trois langues nationales \u2014 + SUISSE + + SCHWEIZ + + SVIZZERA +, s\u00e9par\u00e9es par des croix suisses, soulignant son caract\u00e8re officiel et helv\u00e9tique. Chaque exemplaire est \u00e9galement num\u00e9rot\u00e9 individuellement au laser directement sur la m\u00e9daille.<\/p>\n<div class=\"button button--arrow button--transparent\"><a href=\"https:\/\/worldmoneyfair.de\/en\/\" class=\"full\" target=\"_blank\" rel=\"noopener noreferrer\" >En savoir plus sur la World Money Fair<\/a><span><svg class=\"icon icon--arrow icon--arrow-left\"><use href=\"#icon_arrow\"><\/use><\/svg><span>En savoir plus sur la World Money Fair<\/span><svg class=\"icon icon--arrow icon--arrow-right\"><use href=\"#icon_arrow\"><\/use><\/svg><\/span><\/div><\/div><\/div><\/div><\/div><\/div><div class=\"section__teaser_special\"><div class=\"teaser_special row_simple reverse \"><div class=\"teaser_special__media col-l-6 col-xs-12 intro-animation-mobile\"><div class=\"picture_container\"><picture><source srcset=\"https:\/\/web-dev.sondermuenze.ch\/wp-content\/uploads\/swissmint-wmf-ib1-final-scaled.jpg\"><img loading=\"lazy\" decoding=\"async\" src=\"https:\/\/web-dev.sondermuenze.ch\/wp-content\/uploads\/swissmint-wmf-ib1-final-scaled.jpg\" alt=\"M\u00e9daille world money fair 2026\" width=\"2560\" height=\"2560\"\/><\/picture><\/div><\/div><div class=\"teaser_special__content col-l-6 col-xs-12 intro-animation intro-animation--right\"><div class=\"teaser_special__content__inside\"><h2>Donn\u00e9es de la m\u00e9daille<\/h2>\n<p>Alliage : argent 999<br \/>\nDiam\u00e8tre : 33 mm<br \/>\nPoids : 20 g<br \/>\nRelief : 0.75 mm sur l&rsquo;avers<br \/>\nTranche : + SUISSE + + SCHWEIZ + + SVIZZERA +<br \/>\nTirage: 600 pi\u00e8ces num\u00e9rot\u00e9es en qualit\u00e9 flan bruni<br \/>\nPrix de vente : 110 EUR<\/p>\n<\/div><\/div><\/div><\/div>[\/vc_column][\/vc_row]<\/div>","protected":false},"excerpt":{"rendered":"[vc_row][vc_column][\/vc_column][\/vc_row]","protected":false},"author":4,"featured_media":0,"parent":0,"menu_order":1,"comment_status":"closed","ping_status":"closed","template":"","meta":{"_acf_changed":false,"footnotes":""},"class_list":["post-10537","page","type-page","status-publish","hentry"],"acf":[],"_links":{"self":[{"href":"https:\/\/web-dev.sondermuenze.ch\/fr\/wp-json\/wp\/v2\/pages\/10537","targetHints":{"allow":["GET"]}}],"collection":[{"href":"https:\/\/web-dev.sondermuenze.ch\/fr\/wp-json\/wp\/v2\/pages"}],"about":[{"href":"https:\/\/web-dev.sondermuenze.ch\/fr\/wp-json\/wp\/v2\/types\/page"}],"author":[{"embeddable":true,"href":"https:\/\/web-dev.sondermuenze.ch\/fr\/wp-json\/wp\/v2\/users\/4"}],"replies":[{"embeddable":true,"href":"https:\/\/web-dev.sondermuenze.ch\/fr\/wp-json\/wp\/v2\/comments?post=10537"}],"version-history":[{"count":8,"href":"https:\/\/web-dev.sondermuenze.ch\/fr\/wp-json\/wp\/v2\/pages\/10537\/revisions"}],"predecessor-version":[{"id":10557,"href":"https:\/\/web-dev.sondermuenze.ch\/fr\/wp-json\/wp\/v2\/pages\/10537\/revisions\/10557"}],"wp:attachment":[{"href":"https:\/\/web-dev.sondermuenze.ch\/fr\/wp-json\/wp\/v2\/media?parent=10537"}],"curies":[{"name":"wp","href":"https:\/\/api.w.org\/{rel}","templated":true}]}}