{"id":2475,"date":"2022-10-24T09:06:34","date_gmt":"2022-10-24T07:06:34","guid":{"rendered":"https:\/\/web-dev.sondermuenze.ch\/startseite\/"},"modified":"2026-02-19T16:58:40","modified_gmt":"2026-02-19T15:58:40","slug":"startseite","status":"publish","type":"page","link":"https:\/\/web-dev.sondermuenze.ch\/fr\/","title":{"rendered":"Monnaies sp\u00e9ciales f\u00e9d\u00e9rales"},"content":{"rendered":"<div class=\"wpb-content-wrapper\">[vc_row][vc_column]<div class=\"section__text section__text--lead section__text--center intro-animation intro-animation--bottom\"><p>La Monnaie f\u00e9d\u00e9rale Swissmint est charg\u00e9e, par la Conf\u00e9d\u00e9ration, d&rsquo;\u00e9mettre le franc suisse. Depuis 1936, elle fabrique en outre des pi\u00e8ces comm\u00e9moratives en vue d&rsquo;honorer des \u00e9v\u00e9nements historiques et culturels importants ou de rendre hommage \u00e0 des personnalit\u00e9s \u00e9minentes du pays. Chacune de ces pi\u00e8ces est une \u0153uvre d&rsquo;art miniature r\u00e9alis\u00e9e selon une tradition artistique et artisanale unique.<\/p>\n<\/div><div class=\"section__teaser\"><div class=\"teaser row\"><div class=\"teaser__media col-l-6 col-xs-12 intro-animation-mobile\"><div class=\"picture_container picture_container--cover picture_container--hover\"><picture><source srcset=\"https:\/\/web-dev.sondermuenze.ch\/wp-content\/uploads\/unternehmen-swissmint-960x850.jpg\"><img loading=\"lazy\" decoding=\"async\" src=\"https:\/\/web-dev.sondermuenze.ch\/wp-content\/uploads\/unternehmen-swissmint-960x850.jpg\" alt=\"L\u2019entreprise Swissmint\" width=\"960\" height=\"850\"\/><\/picture><a href=\"https:\/\/web-dev.sondermuenze.ch\/fr\/entreprise\/\" class=\"full\">\u00c0 propos de l'entreprise<\/a><\/div><\/div><div class=\"teaser__content col-l-6 col-xs-12 intro-animation intro-animation--left\"><div class=\"teaser__content__inside row_simple\"><h2>L\u2019entreprise Swissmint<\/h2><div class=\"teaser__content__container\"><div class=\"button button--arrow button--transparent\"><a href=\"https:\/\/web-dev.sondermuenze.ch\/fr\/entreprise\/\" class=\"full\">\u00c0 propos de l'entreprise<\/a><span><svg class=\"icon icon--arrow icon--arrow-left\"><use href=\"#icon_arrow\"><\/use><\/svg><span>\u00c0 propos de l'entreprise<\/span><svg class=\"icon icon--arrow icon--arrow-right\"><use href=\"#icon_arrow\"><\/use><\/svg><\/span><\/div><\/div><\/div><\/div><\/div><\/div><div class=\"section__teaser\"><div class=\"teaser row reverse\"><div class=\"teaser__media col-l-6 col-xs-12 intro-animation-mobile\"><div class=\"picture_container picture_container--cover picture_container--hover\"><picture><source srcset=\"https:\/\/web-dev.sondermuenze.ch\/wp-content\/uploads\/muenzstaette-swissmint-960x850.jpg\"><img loading=\"lazy\" decoding=\"async\" src=\"https:\/\/web-dev.sondermuenze.ch\/wp-content\/uploads\/muenzstaette-swissmint-960x850.jpg\" alt=\"La Monnaie f\u00e9d\u00e9rale\" width=\"960\" height=\"850\"\/><\/picture><a href=\"https:\/\/web-dev.sondermuenze.ch\/fr\/entreprise\/#muenzstaette\" class=\"full\">\u00c0 propos de la Monnaie f\u00e9d\u00e9rale<\/a><\/div><\/div><div class=\"teaser__content col-l-6 col-xs-12 intro-animation intro-animation--right\"><div class=\"teaser__content__inside row_simple\"><h2>La Monnaie f\u00e9d\u00e9rale<\/h2><div class=\"teaser__content__container\"><div class=\"button button--arrow button--transparent\"><a href=\"https:\/\/web-dev.sondermuenze.ch\/fr\/entreprise\/#muenzstaette\" class=\"full\">\u00c0 propos de la Monnaie f\u00e9d\u00e9rale<\/a><span><svg class=\"icon icon--arrow icon--arrow-left\"><use href=\"#icon_arrow\"><\/use><\/svg><span>\u00c0 propos de la Monnaie f\u00e9d\u00e9rale<\/span><svg class=\"icon icon--arrow icon--arrow-right\"><use href=\"#icon_arrow\"><\/use><\/svg><\/span><\/div><\/div><\/div><\/div><\/div><\/div><div class=\"section__title section__title--center intro-animation intro-animation--bottom\"><h2>Jeu de monnaies d'anniversaire adultes<\/h2><\/div><div class=\"section__coin_set fullwidth\"><div class=\"coin_set\"><div class=\"coin_set__inside inside intro-animation-container\"><div class=\"coin_set__image intro-animation intro-animation--top\"><div class=\"picture_container\"><picture><source media=\"(min-width: 768px)\" srcset=\"https:\/\/web-dev.sondermuenze.ch\/wp-content\/uploads\/swissmint-startseite-verpackung-mockup-offen-geburtstag-erwachsene-1400x820px-1.png\"><source media=\"(max-width: 767.98px)\" srcset=\"https:\/\/web-dev.sondermuenze.ch\/wp-content\/uploads\/swissmint-startseite-verpackung-mockup-offen-geburtstag-erwachsene-768x660px.png\"><img decoding=\"async\" src=\"https:\/\/web-dev.sondermuenze.ch\/wp-content\/uploads\/swissmint-startseite-verpackung-mockup-offen-geburtstag-erwachsene-1400x820px-1.png\" alt=\"Jeu de monnaies d'anniversaire adultes\"><\/picture><\/div><\/div><div class=\"coin_set__content intro-animation intro-animation--left\"><p>Pour un cadeau original: jeu de monnaies de l'ann\u00e9e en cours avec signe du zodiaque et carte de v\u0153ux.<\/p><div class=\"button button--arrow button--filled\"><a href=\"https:\/\/www.swissmintshop.admin.ch\" class=\"full\" target=\"_blank\" rel=\"noopener noreferrer\">Acheter le jeu de monnaies<\/a><span><svg class=\"icon icon--arrow icon--arrow-left\"><use href=\"#icon_arrow\"><\/use><\/svg><span>Acheter le jeu de monnaies<\/span><svg class=\"icon icon--arrow icon--arrow-right\"><use href=\"#icon_arrow\"><\/use><\/svg><\/span><\/div><\/div><\/div><\/div><\/div><div class=\"section__title section__title--center intro-animation intro-animation--bottom\"><h2>Vu dans le magazine<\/h2><\/div><div class=\"section__magazines_preview\"><div class=\"preview__row preview__row--big row intro-animation-container\"><div class=\"preview col-s-6 col-xs-12 intro-animation intro-animation--bottom\"><div class=\"preview__media\"><div class=\"picture_container picture_container--hover\"><picture><source srcset=\"https:\/\/web-dev.sondermuenze.ch\/wp-content\/uploads\/11-620x620-2.jpg\"><img loading=\"lazy\" decoding=\"async\" src=\"https:\/\/web-dev.sondermuenze.ch\/wp-content\/uploads\/11-620x620-2.jpg\" alt=\"Mise hors cours des pi\u00e8ces d\u2019un centime\" width=\"620\" height=\"620\"\/><\/picture><a href=\"https:\/\/web-dev.sondermuenze.ch\/fr\/magazine\/mise-hors-cours-des-pieces-dun-centime\/\" class=\"full\">Lire l'article<\/a><\/div><\/div><div class=\"preview__content\"><span class=\"meta\">Archive<\/span><h3 class=\"typography--h3-small\"><a href=\"https:\/\/web-dev.sondermuenze.ch\/fr\/magazine\/mise-hors-cours-des-pieces-dun-centime\/\">Mise hors cours des pi\u00e8ces d\u2019un centime<\/a><\/h3><div class=\"button button--arrow button--transparent\"><a href=\"https:\/\/web-dev.sondermuenze.ch\/fr\/magazine\/mise-hors-cours-des-pieces-dun-centime\/\" class=\"full\">Lire l'article<\/a><span><svg class=\"icon icon--arrow icon--arrow-left\"><use href=\"#icon_arrow\"><\/use><\/svg><span>Lire l'article<\/span><svg class=\"icon icon--arrow icon--arrow-right\"><use href=\"#icon_arrow\"><\/use><\/svg><\/span><\/div><\/div><\/div><div class=\"preview col-s-6 col-xs-12 intro-animation intro-animation--bottom\"><div class=\"preview__media\"><div class=\"picture_container picture_container--hover\"><picture><source srcset=\"https:\/\/web-dev.sondermuenze.ch\/wp-content\/uploads\/09-620x620-2.jpg\"><img loading=\"lazy\" decoding=\"async\" src=\"https:\/\/web-dev.sondermuenze.ch\/wp-content\/uploads\/09-620x620-2.jpg\" alt=\"Monnaies sp\u00e9ciales\u00a0: de la conception \u00e0 l\u2019exp\u00e9dition\" width=\"620\" height=\"620\"\/><\/picture><a href=\"https:\/\/web-dev.sondermuenze.ch\/fr\/magazine\/monnaies-speciales-de-la-conception-a-lexpedition\/\" class=\"full\">Lire l'article<\/a><\/div><\/div><div class=\"preview__content\"><span class=\"meta\">Monnaies sp\u00e9ciales<\/span><h3 class=\"typography--h3-small\"><a href=\"https:\/\/web-dev.sondermuenze.ch\/fr\/magazine\/monnaies-speciales-de-la-conception-a-lexpedition\/\">Monnaies sp\u00e9ciales\u00a0: de la conception \u00e0 l\u2019exp\u00e9dition<\/a><\/h3><div class=\"button button--arrow button--transparent\"><a href=\"https:\/\/web-dev.sondermuenze.ch\/fr\/magazine\/monnaies-speciales-de-la-conception-a-lexpedition\/\" class=\"full\">Lire l'article<\/a><span><svg class=\"icon icon--arrow icon--arrow-left\"><use href=\"#icon_arrow\"><\/use><\/svg><span>Lire l'article<\/span><svg class=\"icon icon--arrow icon--arrow-right\"><use href=\"#icon_arrow\"><\/use><\/svg><\/span><\/div><\/div><\/div><\/div><\/div><div class=\"section__coins_preview fullwidth\" style=\"background-image: url(\/wp-content\/themes\/swissmint_child\/img\/bg-swissmint.jpg);\"><div class=\"coins_container coins_container--button inside\"><div class=\"coins row center-xs intro-animation-container\"><div class=\"coin col-l-4 col-xs-12 intro-animation intro-animation--bottom\"><div class=\"coin__media_container\"><div class=\"coin__media\"><div class=\"coin__media__face coin__media__face--heads\"><img loading=\"lazy\" decoding=\"async\" src=\"https:\/\/web-dev.sondermuenze.ch\/wp-content\/uploads\/swissmint-tier-des-jahres-igel-10fr-bs-620x620px.png\" alt=\"Monnaie bim\u00e9tallique Animal de l\u2019ann\u00e9e : le h\u00e9risson\" width=\"310\" height=\"310\"\/><\/div><div class=\"coin__media__face coin__media__face--tails\"><img loading=\"lazy\" decoding=\"async\" src=\"https:\/\/web-dev.sondermuenze.ch\/wp-content\/uploads\/swissmint-tier-des-jahres-igel-10fr-ws-620x620px.png\" alt=\"Monnaie bim\u00e9tallique Animal de l\u2019ann\u00e9e : le h\u00e9risson\" width=\"310\" height=\"310\"\/><\/div><\/div><\/div><div class=\"coin__content\"><h3 class=\"typography--h3-tiny\"><a href=\"https:\/\/www.swissmintshop.admin.ch\/fr\/product\/000000000510000933\/der-igel-polierte-platte\" target=\"_blank\" rel=\"noopener noreferrer\">Monnaie bim\u00e9tallique Animal de l\u2019ann\u00e9e : le h\u00e9risson<\/a><\/h3><p>L\u2019esp\u00e8ce choisie par Pro Natura pour 2026 symbolise la biodiversit\u00e9, la protection de la nature et le lien \u00e9troit entre l\u2019\u00eatre humain et l\u2019environnement en Suisse.<\/p><div class=\"button button--arrow button--transparent button--white\"><a href=\"https:\/\/www.swissmintshop.admin.ch\/fr\/product\/000000000510000933\/der-igel-polierte-platte\" class=\"full\" target=\"_blank\" rel=\"noopener noreferrer\">Commander la monnaie<\/a><span><svg class=\"icon icon--arrow icon--arrow-left\"><use href=\"#icon_arrow\"><\/use><\/svg><span>Commander la monnaie<\/span><svg class=\"icon icon--arrow icon--arrow-right\"><use href=\"#icon_arrow\"><\/use><\/svg><\/span><\/div><\/div><\/div><div class=\"coin col-l-4 col-xs-12 intro-animation intro-animation--bottom\"><div class=\"coin__media_container\"><div class=\"coin__media\"><div class=\"coin__media__face coin__media__face--heads\"><img loading=\"lazy\" decoding=\"async\" src=\"https:\/\/web-dev.sondermuenze.ch\/wp-content\/uploads\/swissmint-lac-leman-bs-620x620px.png\" alt=\"Monnaie sp\u00e9ciale Lac L\u00e9man\" width=\"310\" height=\"310\"\/><\/div><div class=\"coin__media__face coin__media__face--tails\"><img loading=\"lazy\" decoding=\"async\" src=\"https:\/\/web-dev.sondermuenze.ch\/wp-content\/uploads\/swissmint-lac-leman-ws-620x620px.png\" alt=\"Monnaie sp\u00e9ciale Lac L\u00e9man\" width=\"310\" height=\"310\"\/><\/div><\/div><\/div><div class=\"coin__content\"><h3 class=\"typography--h3-tiny\"><a href=\"https:\/\/www.swissmintshop.admin.ch\/fr\/product\/000000000510000931\/genfersee-polierte-platte\" target=\"_blank\" rel=\"noopener noreferrer\">Monnaie sp\u00e9ciale Lac L\u00e9man<\/a><\/h3><p>La monnaie sp\u00e9ciale \u00ab Lac L\u00e9man \u00bb frapp\u00e9e en argent 999 est la 3e \u00e9mission de la s\u00e9rie en 4 volets \u00ab Lacs suisses \u00bb et rend hommage au plus grand lac de Suisse en tant que patrimoine naturel et culturel unique au c\u0153ur de l\u2019Europe.<\/p><div class=\"button button--arrow button--transparent button--white\"><a href=\"https:\/\/www.swissmintshop.admin.ch\/fr\/product\/000000000510000931\/genfersee-polierte-platte\" class=\"full\" target=\"_blank\" rel=\"noopener noreferrer\">Commander la monnaie<\/a><span><svg class=\"icon icon--arrow icon--arrow-left\"><use href=\"#icon_arrow\"><\/use><\/svg><span>Commander la monnaie<\/span><svg class=\"icon icon--arrow icon--arrow-right\"><use href=\"#icon_arrow\"><\/use><\/svg><\/span><\/div><\/div><\/div><div class=\"coin col-l-4 col-xs-12 intro-animation intro-animation--bottom\"><div class=\"coin__media_container\"><div class=\"coin__media\"><div class=\"coin__media__face coin__media__face--heads\"><img loading=\"lazy\" decoding=\"async\" src=\"https:\/\/web-dev.sondermuenze.ch\/wp-content\/uploads\/swissmint-lago-di-lugano-20fr-bs-620x620px-300dpi.png\" alt=\"Monnaie sp\u00e9ciale Lac de Lugano\" width=\"310\" height=\"310\"\/><\/div><div class=\"coin__media__face coin__media__face--tails\"><img loading=\"lazy\" decoding=\"async\" src=\"https:\/\/web-dev.sondermuenze.ch\/wp-content\/uploads\/swissmint-lago-di-lugano-20fr-ws-620x620px-300dpi.png\" alt=\"Monnaie sp\u00e9ciale Lac de Lugano\" width=\"310\" height=\"310\"\/><\/div><\/div><\/div><div class=\"coin__content\"><h3 class=\"typography--h3-tiny\"><a href=\"https:\/\/www.swissmintshop.admin.ch\/fr\/product\/000000000510000881\/luganersee-polierte-platte\" target=\"_blank\" rel=\"noopener noreferrer\">Monnaie sp\u00e9ciale Lac de Lugano<\/a><\/h3><p>La s\u00e9rie \u00ab Lacs suisses \u00bb de quatre monnaies sp\u00e9ciales immortalise les eaux suisses en argent. Consacr\u00e9es au Lac Majeur et au Lac de Lugano, les deux premi\u00e8res pi\u00e8ces honorent la beaut\u00e9 des deux plans d\u2019eau.<\/p><div class=\"button button--arrow button--transparent button--white\"><a href=\"https:\/\/www.swissmintshop.admin.ch\/fr\/product\/000000000510000881\/luganersee-polierte-platte\" class=\"full\" target=\"_blank\" rel=\"noopener noreferrer\">Commander la monnaie<\/a><span><svg class=\"icon icon--arrow icon--arrow-left\"><use href=\"#icon_arrow\"><\/use><\/svg><span>Commander la monnaie<\/span><svg class=\"icon icon--arrow icon--arrow-right\"><use href=\"#icon_arrow\"><\/use><\/svg><\/span><\/div><\/div><\/div><\/div><div class=\"coins_button intro-animation intro-animation--bottom\"><div class=\"button button--arrow button--filled button--white\"><a href=\"https:\/\/web-dev.sondermuenze.ch\/fr\/monnaies-speciales#monnaies\" class=\"full\">Voir toutes les monnaies sp\u00e9ciales<\/a><span><svg class=\"icon icon--arrow icon--arrow-left\"><use href=\"#icon_arrow\"><\/use><\/svg><span>Voir toutes les monnaies sp\u00e9ciales<\/span><svg class=\"icon icon--arrow icon--arrow-right\"><use href=\"#icon_arrow\"><\/use><\/svg><\/span><\/div><\/div><\/div><\/div>[\/vc_column][\/vc_row]<\/div>","protected":false},"excerpt":{"rendered":"[vc_row][vc_column][\/vc_column][\/vc_row]","protected":false},"author":1,"featured_media":0,"parent":0,"menu_order":11,"comment_status":"closed","ping_status":"closed","template":"","meta":{"_acf_changed":false,"footnotes":""},"class_list":["post-2475","page","type-page","status-publish","hentry"],"acf":[],"_links":{"self":[{"href":"https:\/\/web-dev.sondermuenze.ch\/fr\/wp-json\/wp\/v2\/pages\/2475","targetHints":{"allow":["GET"]}}],"collection":[{"href":"https:\/\/web-dev.sondermuenze.ch\/fr\/wp-json\/wp\/v2\/pages"}],"about":[{"href":"https:\/\/web-dev.sondermuenze.ch\/fr\/wp-json\/wp\/v2\/types\/page"}],"author":[{"embeddable":true,"href":"https:\/\/web-dev.sondermuenze.ch\/fr\/wp-json\/wp\/v2\/users\/1"}],"replies":[{"embeddable":true,"href":"https:\/\/web-dev.sondermuenze.ch\/fr\/wp-json\/wp\/v2\/comments?post=2475"}],"version-history":[{"count":46,"href":"https:\/\/web-dev.sondermuenze.ch\/fr\/wp-json\/wp\/v2\/pages\/2475\/revisions"}],"predecessor-version":[{"id":10625,"href":"https:\/\/web-dev.sondermuenze.ch\/fr\/wp-json\/wp\/v2\/pages\/2475\/revisions\/10625"}],"wp:attachment":[{"href":"https:\/\/web-dev.sondermuenze.ch\/fr\/wp-json\/wp\/v2\/media?parent=2475"}],"curies":[{"name":"wp","href":"https:\/\/api.w.org\/{rel}","templated":true}]}}