{"id":4292,"date":"2023-11-02T10:29:20","date_gmt":"2023-11-02T09:29:20","guid":{"rendered":"https:\/\/web-dev.sondermuenze.ch\/175-jahre-bundesverfassung-goldmuenze\/"},"modified":"2023-11-23T10:29:15","modified_gmt":"2023-11-23T09:29:15","slug":"piece-or-175-ans-constitution-federal","status":"publish","type":"page","link":"https:\/\/web-dev.sondermuenze.ch\/fr\/piece-or-175-ans-constitution-federal\/","title":{"rendered":"Pi\u00e8ce d&rsquo;or \u00ab 175 ans de la Constitution f\u00e9d\u00e9rale \u00bb"},"content":{"rendered":"<div class=\"wpb-content-wrapper\">[vc_row][vc_column]<div class=\"section__text section__text--lead section__text--center intro-animation intro-animation--bottom\"><h1>Pi\u00e8ce d&rsquo;or \u00ab175 ans de la Constitution f\u00e9d\u00e9rale\u00bb<\/h1>\n<p>La monnaie sp\u00e9ciale \u00ab175 ans de la Constitution f\u00e9d\u00e9rale\u00bb est en or 0,900 et p\u00e8se 11,29 grammes. L&rsquo;avers pr\u00e9sente le pr\u00e9ambule de la Constitution. Les termes qui y sont symbolis\u00e9s s&rsquo;assemblent en un embl\u00e8me d&rsquo;une grande force. Le revers figure un ange avec les armoiries suisses. \u00c0 la lumi\u00e8re du d\u00e9bat suscit\u00e9 par la r\u00e9f\u00e9rence \u00e0 Dieu dans la Constitution, Peter Salzmann, artiste originaire d&rsquo;Olten, a repr\u00e9sent\u00e9 l&rsquo;ange sans ailes. \u00abLe personnage reste une figure famili\u00e8re, car chacun peut interpr\u00e9ter l&rsquo;image comme il le souhaite. Sans ses ailes, l&rsquo;ange devient Helvetia, porteuse de paix, une vertu plus essentielle que jamais\u00bb, explique l&rsquo;auteur du motif.<\/p>\n<\/div>[vc_row_inner][vc_column_inner width=\u00a0\u00bb2\/3&Prime;]<div class=\"section__text section__text--center intro-animation intro-animation--bottom\"><p>Valeur nominale: 50 francs suisses<br \/>\nAlliage: or 0,900<br \/>\nDiam\u00e8tre: 25 mm<br \/>\nPoids: 11.29 g<br \/>\nDate d&rsquo;\u00e9mission: 01.07.2023<\/p>\n<p><strong>Tirage<\/strong><br \/>\nFlan bruni: 3\u2019750 pi\u00e8ces<br \/>\nFlan bruni avec certificat num\u00e9rot\u00e9 de l\u2019artiste: 250 pi\u00e8ces<br \/>\nCoffret num\u00e9rot\u00e9 avec pi\u00e8ce d&rsquo;argent flani bruni: 1000 pi\u00e8ces<\/p>\n<p><strong>Prix de vente<\/strong><br \/>\nFlan bruni: CHF 739.-<br \/>\nFlan bruni avec certificat num\u00e9rot\u00e9 de l\u2019artiste: CHF 789.-<br \/>\nCoffret num\u00e9rot\u00e9 avec pi\u00e8ce d&rsquo;argent flani bruni: CHF 829.-<\/p>\n<\/div>[\/vc_column_inner][vc_column_inner width=\u00a0\u00bb1\/3&Prime;]<div class=\"section__image section__image--center intro-animation intro-animation--bottom\"><div class=\"picture_container\" style=\"width: 160px\"><picture><source media=\"(min-width: 768px)\" srcset=\"https:\/\/web-dev.sondermuenze.ch\/wp-content\/uploads\/swissmint-175bundesverfassung-vs-gold.png\"><source media=\"(max-width: 767.98px)\" srcset=\"https:\/\/web-dev.sondermuenze.ch\/wp-content\/uploads\/swissmint-175bundesverfassung-vs-gold.png\"><img loading=\"lazy\" decoding=\"async\" src=\"https:\/\/web-dev.sondermuenze.ch\/wp-content\/uploads\/swissmint-175bundesverfassung-vs-gold.png\" alt=\"\u00ab175 Jahre Bundesverfassung\u00bb Goldm\u00fcnze\" width=\"620\" height=\"620\" \/><\/picture><\/div><\/div><div class=\"section__image section__image--center intro-animation intro-animation--bottom\"><div class=\"picture_container\" style=\"width: 160px\"><picture><source media=\"(min-width: 768px)\" srcset=\"https:\/\/web-dev.sondermuenze.ch\/wp-content\/uploads\/swissmint-175bundesverfassung-rs-gold.png\"><source media=\"(max-width: 767.98px)\" srcset=\"https:\/\/web-dev.sondermuenze.ch\/wp-content\/uploads\/swissmint-175bundesverfassung-rs-gold.png\"><img loading=\"lazy\" decoding=\"async\" src=\"https:\/\/web-dev.sondermuenze.ch\/wp-content\/uploads\/swissmint-175bundesverfassung-rs-gold.png\" alt=\"\u00ab175 Jahre Bundesverfassung\u00bb Goldm\u00fcnze\" width=\"620\" height=\"620\" \/><\/picture><\/div><\/div>[\/vc_column_inner][\/vc_row_inner][\/vc_column][\/vc_row]<\/div>","protected":false},"excerpt":{"rendered":"[vc_row][vc_column][vc_row_inner][vc_column_inner width=\u00a0\u00bb2\/3&Prime;][\/vc_column_inner][vc_column_inner width=\u00a0\u00bb1\/3&Prime;][\/vc_column_inner][\/vc_row_inner][\/vc_column][\/vc_row]","protected":false},"author":3,"featured_media":0,"parent":0,"menu_order":106,"comment_status":"closed","ping_status":"closed","template":"","meta":{"_acf_changed":false,"footnotes":""},"class_list":["post-4292","page","type-page","status-publish","hentry"],"acf":[],"_links":{"self":[{"href":"https:\/\/web-dev.sondermuenze.ch\/fr\/wp-json\/wp\/v2\/pages\/4292","targetHints":{"allow":["GET"]}}],"collection":[{"href":"https:\/\/web-dev.sondermuenze.ch\/fr\/wp-json\/wp\/v2\/pages"}],"about":[{"href":"https:\/\/web-dev.sondermuenze.ch\/fr\/wp-json\/wp\/v2\/types\/page"}],"author":[{"embeddable":true,"href":"https:\/\/web-dev.sondermuenze.ch\/fr\/wp-json\/wp\/v2\/users\/3"}],"replies":[{"embeddable":true,"href":"https:\/\/web-dev.sondermuenze.ch\/fr\/wp-json\/wp\/v2\/comments?post=4292"}],"version-history":[{"count":12,"href":"https:\/\/web-dev.sondermuenze.ch\/fr\/wp-json\/wp\/v2\/pages\/4292\/revisions"}],"predecessor-version":[{"id":5275,"href":"https:\/\/web-dev.sondermuenze.ch\/fr\/wp-json\/wp\/v2\/pages\/4292\/revisions\/5275"}],"wp:attachment":[{"href":"https:\/\/web-dev.sondermuenze.ch\/fr\/wp-json\/wp\/v2\/media?parent=4292"}],"curies":[{"name":"wp","href":"https:\/\/api.w.org\/{rel}","templated":true}]}}