{"id":4311,"date":"2023-11-02T16:33:04","date_gmt":"2023-11-02T15:33:04","guid":{"rendered":"https:\/\/web-dev.sondermuenze.ch\/?page_id=4311"},"modified":"2023-11-23T10:22:54","modified_gmt":"2023-11-23T09:22:54","slug":"haut-relief-fst","status":"publish","type":"page","link":"https:\/\/web-dev.sondermuenze.ch\/fr\/haut-relief-fst\/","title":{"rendered":"Monnaie sp\u00e9ciale \u00e0 haut relief FST"},"content":{"rendered":"<div class=\"wpb-content-wrapper\">[vc_row][vc_column]<div class=\"section__text section__text--lead section__text--center intro-animation intro-animation--bottom\"><h1>Monnaie sp\u00e9ciale \u00e0 haut relief FST<\/h1>\n<p>La pi\u00e8ce s&rsquo;inspire de la pi\u00e8ce d&rsquo;argent \u00ab\u00a0F\u00e9d\u00e9ration suisse de tir sportif\u00a0\u00bb frapp\u00e9e en juin 2023 et p\u00e8se 1 once au lieu des 20 grammes habituels. Elle a \u00e9t\u00e9 produite en coop\u00e9ration avec la soci\u00e9t\u00e9 CIT COIN INVEST AG, bas\u00e9e au Liechtenstein, et est destin\u00e9e \u00e0 transmettre \u00e0 la population suisse une vision stimulante de la numismatique moderne.<\/p>\n<p>La pi\u00e8ce sp\u00e9ciale \u00ab\u00a0FST \u00e0 haut relief\u00a0\u00bb a \u00e9t\u00e9 frapp\u00e9e en \u00e9dition limit\u00e9e \u00e0 1000 exemplaires et a \u00e9t\u00e9 vendue avec un certificat num\u00e9rot\u00e9 de 1 \u00e0 1000. Chaque certificat aura une couleur sp\u00e9cifique. \u00ab\u00a0La couleur du num\u00e9ro 1 est noire comme le centre de la cible\u00a0\u00bb, explique Jan Niklas Betz, directeur g\u00e9n\u00e9ral adjoint et responsable du marketing et des ventes chez Swissmint, \u00ab\u00a0pour indiquer que celui qui l&rsquo;ach\u00e8te tire dans le mille\u00a0\u00bb.<\/p>\n<\/div>[vc_row_inner][vc_column_inner width=\u00a0\u00bb2\/3&Prime;]<div class=\"section__text section__text--center intro-animation intro-animation--bottom\"><p>Valeur nominale: 20 francs suisses<br \/>\nArtiste: Vito Noto, Lugano<br \/>\nAlliage: Argent 999<br \/>\nDiam\u00e8tre: 38.61 mm<br \/>\nPoids: 31.1 g \/ 1 once<br \/>\nDate d&rsquo;\u00e9mission: 29.10.2023<\/p>\n<p><strong>Tirage<\/strong><br \/>\nFlan bruni dans un coffret avec certificat d&rsquo;authenticit\u00e9 num\u00e9rot\u00e9 : 1 000 pi\u00e8ces<\/p>\n<p><strong>Prix de vente<\/strong><br \/>\nFlan bruni dans un coffret avec certificat d&rsquo;authenticit\u00e9 num\u00e9rot\u00e9 : CHF 135.-<\/p>\n<p><strong>Frappe et \u00e9mission<\/strong><br \/>\nCIT Coin Invest Balzers en collaboration avec Eidgen\u00f6ssische M\u00fcnzst\u00e4tte Swissmint, CH-3003 Berne<\/p>\n<\/div>[\/vc_column_inner][vc_column_inner width=\u00a0\u00bb1\/3&Prime;]<div class=\"section__image section__image--center intro-animation intro-animation--bottom\"><div class=\"picture_container\" style=\"width: 160px\"><picture><source media=\"(min-width: 768px)\" srcset=\"https:\/\/web-dev.sondermuenze.ch\/wp-content\/uploads\/30451-schutzentaler-1824-2024-r-620x620px.png\"><source media=\"(max-width: 767.98px)\" srcset=\"https:\/\/web-dev.sondermuenze.ch\/wp-content\/uploads\/30451-schutzentaler-1824-2024-r-620x620px.png\"><img loading=\"lazy\" decoding=\"async\" src=\"https:\/\/web-dev.sondermuenze.ch\/wp-content\/uploads\/30451-schutzentaler-1824-2024-r-620x620px.png\" alt=\"Haut Relief FST\" width=\"620\" height=\"620\" \/><\/picture><\/div><\/div><div class=\"section__image section__image--center intro-animation intro-animation--bottom\"><div class=\"picture_container\" style=\"width: 160px\"><picture><source media=\"(min-width: 768px)\" srcset=\"https:\/\/web-dev.sondermuenze.ch\/wp-content\/uploads\/30451-schutzentaler-1824-2024-o-620x620px.png\"><source media=\"(max-width: 767.98px)\" srcset=\"https:\/\/web-dev.sondermuenze.ch\/wp-content\/uploads\/30451-schutzentaler-1824-2024-o-620x620px.png\"><img loading=\"lazy\" decoding=\"async\" src=\"https:\/\/web-dev.sondermuenze.ch\/wp-content\/uploads\/30451-schutzentaler-1824-2024-o-620x620px.png\" alt=\"Haut Relief FST\" width=\"620\" height=\"620\" \/><\/picture><\/div><\/div>[\/vc_column_inner][\/vc_row_inner][\/vc_column][\/vc_row]<\/div>","protected":false},"excerpt":{"rendered":"[vc_row][vc_column][vc_row_inner][vc_column_inner width=\u00a0\u00bb2\/3&Prime;][\/vc_column_inner][vc_column_inner width=\u00a0\u00bb1\/3&Prime;][\/vc_column_inner][\/vc_row_inner][\/vc_column][\/vc_row]","protected":false},"author":3,"featured_media":0,"parent":0,"menu_order":112,"comment_status":"closed","ping_status":"closed","template":"","meta":{"_acf_changed":false,"footnotes":""},"class_list":["post-4311","page","type-page","status-publish","hentry"],"acf":[],"_links":{"self":[{"href":"https:\/\/web-dev.sondermuenze.ch\/fr\/wp-json\/wp\/v2\/pages\/4311","targetHints":{"allow":["GET"]}}],"collection":[{"href":"https:\/\/web-dev.sondermuenze.ch\/fr\/wp-json\/wp\/v2\/pages"}],"about":[{"href":"https:\/\/web-dev.sondermuenze.ch\/fr\/wp-json\/wp\/v2\/types\/page"}],"author":[{"embeddable":true,"href":"https:\/\/web-dev.sondermuenze.ch\/fr\/wp-json\/wp\/v2\/users\/3"}],"replies":[{"embeddable":true,"href":"https:\/\/web-dev.sondermuenze.ch\/fr\/wp-json\/wp\/v2\/comments?post=4311"}],"version-history":[{"count":5,"href":"https:\/\/web-dev.sondermuenze.ch\/fr\/wp-json\/wp\/v2\/pages\/4311\/revisions"}],"predecessor-version":[{"id":5264,"href":"https:\/\/web-dev.sondermuenze.ch\/fr\/wp-json\/wp\/v2\/pages\/4311\/revisions\/5264"}],"wp:attachment":[{"href":"https:\/\/web-dev.sondermuenze.ch\/fr\/wp-json\/wp\/v2\/media?parent=4311"}],"curies":[{"name":"wp","href":"https:\/\/api.w.org\/{rel}","templated":true}]}}