{"id":4386,"date":"2023-11-06T11:44:55","date_gmt":"2023-11-06T10:44:55","guid":{"rendered":"https:\/\/web-dev.sondermuenze.ch\/?page_id=4386"},"modified":"2023-11-23T10:25:54","modified_gmt":"2023-11-23T09:25:54","slug":"piece-or-100e-vreneli","status":"publish","type":"page","link":"https:\/\/web-dev.sondermuenze.ch\/fr\/piece-or-100e-vreneli\/","title":{"rendered":"Pi\u00e8ce d&rsquo;or 100e anniversaire du Vreneli"},"content":{"rendered":"<div class=\"wpb-content-wrapper\">[vc_row][vc_column]<div class=\"section__text section__text--lead section__text--center intro-animation intro-animation--bottom\"><h1>Pi\u00e8ce d&rsquo;or du 100e anniversaire du Vreneli<\/h1>\n<p>Le Vreneli en or d\u2019une valeur de 10 francs, qui porte \u00e0 l&rsquo;avers un buste f\u00e9minin regardant vers la gauche, coiff\u00e9 d&rsquo;une tresse et les \u00e9paules entour\u00e9es d&rsquo;une couronne d&rsquo;edelweiss, a \u00e9t\u00e9 frapp\u00e9 pour la derni\u00e8re fois en 1922. Produite par la Monnaie f\u00e9d\u00e9rale \u00e0 Berne entre 1911 et 1922, cette pi\u00e8ce est la petite soeur du l\u00e9gendaire Vreneli de 20 francs en or. En raison de la faible \u00e9paisseur des flans utilis\u00e9s et de la nature du relief ornant l&rsquo;avers, le revers du Vreneli de 10 francs a d\u00fb \u00eatre redessin\u00e9. Dans son champ sup\u00e9rieur appara\u00eet une croix suisse entour\u00e9e d&rsquo;une couronne rayonnante, alors que la valeur nominale et le mill\u00e9sime figurent au centre de la pi\u00e8ce. La partie inf\u00e9rieure est orn\u00e9e de rameaux fleuris de rhododendrons et de gentianes. La marque d&rsquo;atelier de Berne, un \u00abB\u00bb, se trouve \u00e0 l&rsquo;extr\u00e9mit\u00e9 inf\u00e9rieure. La monnaie en or au titre de 900 milli\u00e8mes p\u00e8se 3,226 grammes. Son diam\u00e8tre est de 19 millim\u00e8tres. Au total, 2,65 millions de pi\u00e8ces ont \u00e9t\u00e9 frapp\u00e9es entre 1911 et 1922. En \u00e9mettant la pi\u00e8ce en or d&rsquo;une valeur de 50 francs \u00ab100 ans derni\u00e8re frappe du Vreneli de 10 francs\u00bb, Swissmint comm\u00e9more le centenaire de la derni\u00e8re frappe du Vreneli en or d\u2019une valeur de 10 francs en 1922. En r\u00e9f\u00e9rence \u00e0 la derni\u00e8re frappe r\u00e9alis\u00e9e, l&rsquo;avers porte le chiffre 100, les deux z\u00e9ros se chevauchant. Une partie du buste f\u00e9minin tourn\u00e9 vers la gauche du vreneli original appara\u00eet, en agrandi, \u00e0 l&rsquo;int\u00e9rieur du second z\u00e9ro. Sur le bord inf\u00e9rieur de la pi\u00e8ce, les ann\u00e9es 1911 et 1922, s\u00e9par\u00e9es par un trait vertical, repr\u00e9sentent la p\u00e9riode pendant laquelle les Vreneli en or de 10 francs ont \u00e9t\u00e9 \u00e9mis. Le revers de la frappe originale a \u00e9t\u00e9 repris avec deux petites modifications. La valeur nominale est d\u00e9sormais de 50 francs et le mill\u00e9sime 2022.<\/p>\n<\/div>[vc_row_inner][vc_column_inner width=\u00a0\u00bb2\/3&Prime;]<div class=\"section__text section__text--center intro-animation intro-animation--bottom\"><p>Valeur nominale: 50 francs suisses<br \/>\nArtiste: Remo Mascherini, Flamatt<br \/>\nAlliage: Or 0,900<br \/>\nDiam\u00e8tre: 25 mm<br \/>\nPoids: 11,29 g<br \/>\nDate d&rsquo;\u00e9mission: 11.05.2022<\/p>\n<p><strong>Tirage<\/strong><br \/>\nFlan bruni, avec \u00e9tui: 5000 pi\u00e8ces<\/p>\n<p><strong>Prix de vente<\/strong><br \/>\nFlan bruni: CHF 719.-<\/p>\n<\/div>[\/vc_column_inner][vc_column_inner width=\u00a0\u00bb1\/3&Prime;]<div class=\"section__image section__image--center intro-animation intro-animation--bottom\"><div class=\"picture_container\" style=\"width: 160px\"><picture><source media=\"(min-width: 768px)\" srcset=\"https:\/\/web-dev.sondermuenze.ch\/wp-content\/uploads\/sondermuenze-goldvreneli-chf-50-front-swissmint.png\"><source media=\"(max-width: 767.98px)\" srcset=\"https:\/\/web-dev.sondermuenze.ch\/wp-content\/uploads\/sondermuenze-goldvreneli-chf-50-front-swissmint.png\"><img loading=\"lazy\" decoding=\"async\" src=\"https:\/\/web-dev.sondermuenze.ch\/wp-content\/uploads\/sondermuenze-goldvreneli-chf-50-front-swissmint.png\" alt=\"100e anniversaire Vreneli\" width=\"620\" height=\"620\" \/><\/picture><\/div><\/div><div class=\"section__image section__image--center intro-animation intro-animation--bottom\"><div class=\"picture_container\" style=\"width: 160px\"><picture><source media=\"(min-width: 768px)\" srcset=\"https:\/\/web-dev.sondermuenze.ch\/wp-content\/uploads\/sondermuenze-goldvreneli-chf-50-back-swissmint.png\"><source media=\"(max-width: 767.98px)\" srcset=\"https:\/\/web-dev.sondermuenze.ch\/wp-content\/uploads\/sondermuenze-goldvreneli-chf-50-back-swissmint.png\"><img loading=\"lazy\" decoding=\"async\" src=\"https:\/\/web-dev.sondermuenze.ch\/wp-content\/uploads\/sondermuenze-goldvreneli-chf-50-back-swissmint.png\" alt=\"100e anniversaire Vreneli\" width=\"620\" height=\"620\" \/><\/picture><\/div><\/div>[\/vc_column_inner][\/vc_row_inner][\/vc_column][\/vc_row]<\/div>","protected":false},"excerpt":{"rendered":"[vc_row][vc_column][vc_row_inner][vc_column_inner width=\u00a0\u00bb2\/3&Prime;][\/vc_column_inner][vc_column_inner width=\u00a0\u00bb1\/3&Prime;][\/vc_column_inner][\/vc_row_inner][\/vc_column][\/vc_row]","protected":false},"author":3,"featured_media":0,"parent":0,"menu_order":119,"comment_status":"closed","ping_status":"closed","template":"","meta":{"_acf_changed":false,"footnotes":""},"class_list":["post-4386","page","type-page","status-publish","hentry"],"acf":[],"_links":{"self":[{"href":"https:\/\/web-dev.sondermuenze.ch\/fr\/wp-json\/wp\/v2\/pages\/4386","targetHints":{"allow":["GET"]}}],"collection":[{"href":"https:\/\/web-dev.sondermuenze.ch\/fr\/wp-json\/wp\/v2\/pages"}],"about":[{"href":"https:\/\/web-dev.sondermuenze.ch\/fr\/wp-json\/wp\/v2\/types\/page"}],"author":[{"embeddable":true,"href":"https:\/\/web-dev.sondermuenze.ch\/fr\/wp-json\/wp\/v2\/users\/3"}],"replies":[{"embeddable":true,"href":"https:\/\/web-dev.sondermuenze.ch\/fr\/wp-json\/wp\/v2\/comments?post=4386"}],"version-history":[{"count":4,"href":"https:\/\/web-dev.sondermuenze.ch\/fr\/wp-json\/wp\/v2\/pages\/4386\/revisions"}],"predecessor-version":[{"id":5270,"href":"https:\/\/web-dev.sondermuenze.ch\/fr\/wp-json\/wp\/v2\/pages\/4386\/revisions\/5270"}],"wp:attachment":[{"href":"https:\/\/web-dev.sondermuenze.ch\/fr\/wp-json\/wp\/v2\/media?parent=4386"}],"curies":[{"name":"wp","href":"https:\/\/api.w.org\/{rel}","templated":true}]}}