{"id":5276,"date":"2023-11-23T10:52:56","date_gmt":"2023-11-23T09:52:56","guid":{"rendered":"https:\/\/web-dev.sondermuenze.ch\/?page_id=5276"},"modified":"2026-03-27T10:53:38","modified_gmt":"2026-03-27T09:53:38","slug":"piece-argent-titlis","status":"publish","type":"page","link":"https:\/\/web-dev.sondermuenze.ch\/fr\/piece-argent-titlis\/","title":{"rendered":"Pi\u00e8ce d\u2019argent \u00abT\u00e9l\u00e9cabine Titlis\u00bb"},"content":{"rendered":"<div class=\"wpb-content-wrapper\">[vc_row][vc_column]<div class=\"section__text section__text--lead section__text--center intro-animation intro-animation--bottom\"><h1>Pi\u00e8ce d\u2019argent \u00abT\u00e9l\u00e9cabine Titlis\u00bb<\/h1>\n<p>La nouvelle pi\u00e8ce d&rsquo;argent \u00abT\u00e9l\u00e9cabine Titlis\u00bb est la deuxi\u00e8me pi\u00e8ce de la trilogie consacr\u00e9e aux t\u00e9l\u00e9ph\u00e9riques suisses.<\/p>\n<p><strong>Projet Titlis\u00a0: pi\u00e8ce d&rsquo;argent \u00abTitlis\u00bb<\/strong><br \/>\nAvec son sommet de plus de 3000 m\u00e8tres, le Titlis fait partie des destinations d&rsquo;excursion les plus connues de Suisse au niveau international. Avec la nouvelle pi\u00e8ce d&rsquo;argent, nous c\u00e9l\u00e9brons le t\u00e9l\u00e9ph\u00e9rique du Titlis et son projet Titlis, qui cr\u00e9era une USP (Unique Selling Proposition) pour Engelberg et la r\u00e9gion.<\/p>\n<p>Ce projet comprend la construction d&rsquo;une nouvelle station sup\u00e9rieure, l&rsquo;extension de la tour \u00e0 faisceaux hertziens ainsi qu&rsquo;un nouveau t\u00e9l\u00e9ph\u00e9rique \u00e0 voie unique sur le trajet Stand-Titlis. Il contribuera \u00e0 moyen et long terme au succ\u00e8s touristique d\u2019Engelberg en tant que destination quatre-saisons. La position concurrentielle du Titlis en tant que destination d&rsquo;excursion est mondialement connue et sera durablement renforc\u00e9e.<\/p>\n<p>La monnaie sp\u00e9ciale \u00abTitlis\u00bb est en argent 999 et p\u00e8se 20 g. Elle se distingue entre autres par la pr\u00e9cision impressionnante des d\u00e9tails sur l\u2019avers, sur lequel est repr\u00f6sent\u00e9 une partie du massif montagneux ainsi que la cabine du t\u00e9l\u00e9ph\u00e9rique. Le massif montagneux du Titlis est visible sur le revers. La valeur nominale de 20 CHF est \u00e9galement repr\u00e9sent\u00e9e.<\/p>\n<\/div>[vc_row_inner][vc_column_inner width=\u00a0\u00bb2\/3&Prime;]<div class=\"section__text section__text--center intro-animation intro-animation--bottom\"><p>Valeur nominale: 20 francs suisses<br \/>\nAlliage: argent 999<br \/>\nDiam\u00e8tre: 33 mm<br \/>\nPoids: 20 g<br \/>\nDate d&rsquo;\u00e9mission: 08.11.2023<\/p>\n<p><strong>Tirage<\/strong><br \/>\nFlan bruni: 3&rsquo;050 pi\u00e8ces<br \/>\nFlan bruni en \u00e9tui avec certificat de l&rsquo;artiste : 200 pi\u00e8ces<br \/>\nNon mises en circulation : 11&rsquo;000 pi\u00e8ces<\/p>\n<p><strong>Prix de vente<\/strong><br \/>\nFlan bruni: CHF 75.-<br \/>\nPlan bruni en \u00e9tui avec certificat de l&rsquo;artiste : CHF 90.-<br \/>\nNon mises en circulation : CHF 25.-<\/p>\n<\/div>[\/vc_column_inner][vc_column_inner width=\u00a0\u00bb1\/3&Prime;]<div class=\"section__image section__image--center intro-animation intro-animation--bottom\"><div class=\"picture_container\" style=\"width: 160px\"><picture><source media=\"(min-width: 768px)\" srcset=\"https:\/\/web-dev.sondermuenze.ch\/wp-content\/uploads\/swissmint-titlis-bs-620x620px-2.png\"><source media=\"(max-width: 767.98px)\" srcset=\"https:\/\/web-dev.sondermuenze.ch\/wp-content\/uploads\/swissmint-titlis-bs-620x620px-2.png\"><img loading=\"lazy\" decoding=\"async\" src=\"https:\/\/web-dev.sondermuenze.ch\/wp-content\/uploads\/swissmint-titlis-bs-620x620px-2.png\" alt=\"Pi\u00e8ce d\u2019argent \u00abT\u00e9l\u00e9cabine Titlis\u00bb\" width=\"620\" height=\"620\" \/><\/picture><\/div><\/div><div class=\"section__image section__image--center intro-animation intro-animation--bottom\"><div class=\"picture_container\" style=\"width: 160px\"><picture><source media=\"(min-width: 768px)\" srcset=\"https:\/\/web-dev.sondermuenze.ch\/wp-content\/uploads\/swissmint-titlis-ws-620x620px-2.png\"><source media=\"(max-width: 767.98px)\" srcset=\"https:\/\/web-dev.sondermuenze.ch\/wp-content\/uploads\/swissmint-titlis-ws-620x620px-2.png\"><img loading=\"lazy\" decoding=\"async\" src=\"https:\/\/web-dev.sondermuenze.ch\/wp-content\/uploads\/swissmint-titlis-ws-620x620px-2.png\" alt=\"Pi\u00e8ce d\u2019argent \u00abT\u00e9l\u00e9cabine Titlis\u00bb\" width=\"620\" height=\"620\" \/><\/picture><\/div><\/div>[\/vc_column_inner][\/vc_row_inner][\/vc_column][\/vc_row]<\/div>","protected":false},"excerpt":{"rendered":"[vc_row][vc_column][vc_row_inner][vc_column_inner width=\u00a0\u00bb2\/3&Prime;][\/vc_column_inner][vc_column_inner width=\u00a0\u00bb1\/3&Prime;][\/vc_column_inner][\/vc_row_inner][\/vc_column][\/vc_row]","protected":false},"author":3,"featured_media":0,"parent":0,"menu_order":64,"comment_status":"closed","ping_status":"closed","template":"","meta":{"_acf_changed":false,"footnotes":""},"class_list":["post-5276","page","type-page","status-publish","hentry"],"acf":[],"_links":{"self":[{"href":"https:\/\/web-dev.sondermuenze.ch\/fr\/wp-json\/wp\/v2\/pages\/5276","targetHints":{"allow":["GET"]}}],"collection":[{"href":"https:\/\/web-dev.sondermuenze.ch\/fr\/wp-json\/wp\/v2\/pages"}],"about":[{"href":"https:\/\/web-dev.sondermuenze.ch\/fr\/wp-json\/wp\/v2\/types\/page"}],"author":[{"embeddable":true,"href":"https:\/\/web-dev.sondermuenze.ch\/fr\/wp-json\/wp\/v2\/users\/3"}],"replies":[{"embeddable":true,"href":"https:\/\/web-dev.sondermuenze.ch\/fr\/wp-json\/wp\/v2\/comments?post=5276"}],"version-history":[{"count":3,"href":"https:\/\/web-dev.sondermuenze.ch\/fr\/wp-json\/wp\/v2\/pages\/5276\/revisions"}],"predecessor-version":[{"id":10677,"href":"https:\/\/web-dev.sondermuenze.ch\/fr\/wp-json\/wp\/v2\/pages\/5276\/revisions\/10677"}],"wp:attachment":[{"href":"https:\/\/web-dev.sondermuenze.ch\/fr\/wp-json\/wp\/v2\/media?parent=5276"}],"curies":[{"name":"wp","href":"https:\/\/api.w.org\/{rel}","templated":true}]}}