{"id":5661,"date":"2024-01-11T08:56:58","date_gmt":"2024-01-11T07:56:58","guid":{"rendered":"https:\/\/web-dev.sondermuenze.ch\/swissmint-tour\/"},"modified":"2026-01-07T08:15:20","modified_gmt":"2026-01-07T07:15:20","slug":"visite-guidee","status":"publish","type":"page","link":"https:\/\/web-dev.sondermuenze.ch\/fr\/entreprise\/visite-guidee\/","title":{"rendered":"Visite guid\u00e9e"},"content":{"rendered":"<div class=\"wpb-content-wrapper\">[vc_row][vc_column]<div class=\"section__text section__text--lead section__text--center intro-animation intro-animation--bottom\"><h2>Visite guid\u00e9e de la Monnaie f\u00e9d\u00e9rale<\/h2>\n<p>Bienvenue chez Swissmint &#8211; L\u00e0 o\u00f9 l&rsquo;histoire et l&rsquo;artisanat se rencontrent pour cr\u00e9er la monnaie suisse d&rsquo;exception ! \u00cates-vous pr\u00eat \u00e0 plonger dans le monde fascinant de la fabrication de la monnaie suisse ? Rejoignez-nous pour une exp\u00e9rience immersive au c\u0153ur de Swissmint, la fabrique qui donne vie \u00e0 la monnaie qui circule dans notre pays.<\/p>\n<\/div><div class=\"section__title section__title--center intro-animation intro-animation--bottom\"><h2 class=\"typography--h3\">R\u00e9servez une visite guid\u00e9e de Swissmint<\/h2><\/div><div class=\"section__tours intro-animation intro-animation--bottom\"><script>\n  if (typeof hasAmeliaEvent === 'undefined') {\n    var hasAmeliaEvent = true;\n  }\n  if (typeof hasEventApiCall === 'undefined' && ('' === '' && '' !== '1')) {\n    var hasEventApiCall = true;\n  }\n  var hasEventShortcode = (typeof hasEventShortcode === 'undefined') ? false : true;\n  var ameliaShortcodeData = (typeof ameliaShortcodeData === 'undefined') ? [] : ameliaShortcodeData;\n  ameliaShortcodeData.push(\n    {\n      'hasApiCall': (typeof hasEventApiCall !== 'undefined') && hasEventApiCall,\n      'trigger': '',\n      'trigger_type': '',\n      'triggered_form': 'ecf',\n      'in_dialog': '',\n      'counter': '1000',\n      'employee': '',\n      'eventId': '',\n      'eventRecurring': 0,\n      'eventTag': \"\",\n      'locationId': \"\"\n    }\n  );\n  var ameliaShortcodeDataTriggered = (typeof ameliaShortcodeDataTriggered === 'undefined') ? [] : ameliaShortcodeDataTriggered;\n  if (ameliaShortcodeData[ameliaShortcodeData.length - 1].trigger !== '') {\n    if (ameliaShortcodeDataTriggered.filter(a => a.counter === ameliaShortcodeData[ameliaShortcodeData.length - 1].counter).length === 0) {\n      ameliaShortcodeDataTriggered.push(ameliaShortcodeData.pop());\n    } else {\n      ameliaShortcodeData.pop()\n    }\n  }\n  if (typeof hasEventApiCall !== 'undefined' && hasEventApiCall) {\n    hasEventApiCall = false;\n  }\n<\/script>\n\n<div\n  id=\"amelia-v2-booking-1000\"\n  class=\"amelia-v2-booking\"\n>\n    <events-calendar-form-wrapper><\/div>\n<\/div><div class=\"section__teaser_special\"><div class=\"teaser_special row_simple reverse middle-xs \"><div class=\"teaser_special__media col-l-6 col-xs-12 intro-animation-mobile\"><div class=\"picture_container\"><picture><source srcset=\"https:\/\/web-dev.sondermuenze.ch\/wp-content\/uploads\/swissmint-vorschaubild-960x850px-1.jpg\"><img loading=\"lazy\" decoding=\"async\" src=\"https:\/\/web-dev.sondermuenze.ch\/wp-content\/uploads\/swissmint-vorschaubild-960x850px-1.jpg\" alt=\"Swissmint\" width=\"960\" height=\"850\"\/><\/picture><\/div><\/div><div class=\"teaser_special__content col-l-6 col-xs-12 intro-animation intro-animation--right\"><div class=\"teaser_special__content__inside\"><p><strong>D\u00e9couvrez le secret de la monnaie suisse<\/strong><br \/>\nNotre visite guid\u00e9e vous emm\u00e8ne dans un voyage captivant, o\u00f9 vous aurez l&rsquo;occasion exclusive de d\u00e9couvrir les secrets bien gard\u00e9s de la fabrication de la monnaie suisse. De la conception artistique \u00e0 la frappe pr\u00e9cise, chaque \u00e9tape du processus vous sera r\u00e9v\u00e9l\u00e9e, d\u00e9voilant l&rsquo;histoire et le savoir-faire exceptionnels qui font de la monnaie suisse un symbole de qualit\u00e9 et de confiance dans le monde entier.<\/p>\n<p><strong>R\u00e9servez d\u00e8s maintenant votre place\u00a0<\/strong><br \/>\nLes places pour nos visites guid\u00e9es sont limit\u00e9es, alors assurez-vous de r\u00e9server la v\u00f4tre d\u00e8s maintenant. Que vous soyez un passionn\u00e9 d&rsquo;histoire, un amateur d&rsquo;art ou simplement curieux de d\u00e9couvrir les coulisses de la monnaie suisse, cette exp\u00e9rience est faite pour vous.<\/p>\n<\/div><\/div><\/div><\/div>[vc_row_inner][vc_column_inner width=\u00a0\u00bb1\/2&Prime;]<div class=\"section__image section__image--center intro-animation intro-animation--bottom\"><div class=\"picture_container\" style=\"width: 500px\"><picture><source media=\"(min-width: 768px)\" srcset=\"https:\/\/web-dev.sondermuenze.ch\/wp-content\/uploads\/agenda-abo-fuer-sondermuentzen-960x850px.jpg\"><source media=\"(max-width: 767.98px)\" srcset=\"https:\/\/web-dev.sondermuenze.ch\/wp-content\/uploads\/agenda-abo-fuer-sondermuentzen-960x850px-768x680.jpg\"><img loading=\"lazy\" decoding=\"async\" src=\"https:\/\/web-dev.sondermuenze.ch\/wp-content\/uploads\/agenda-abo-fuer-sondermuentzen-960x850px.jpg\" alt=\"Swissmint\" width=\"960\" height=\"850\" \/><\/picture><\/div><\/div>[\/vc_column_inner][vc_column_inner width=\u00a0\u00bb1\/2&Prime;]<div class=\"section__text section__text--center intro-animation intro-animation--bottom\"><p><strong>Acc\u00e8s en transports publics<\/strong> : empruntez le bus 19 jusqu\u2019\u00e0 l\u2019arr\u00eat de bus Bern, Aegertenstrasse.<br \/>\n<strong>Acc\u00e8s en voiture<\/strong>\u00a0: des places de parc en zones bleues sont disponibles dans le quartier.<br \/>\n<strong>Information importante pour tous les participants<\/strong> : n&rsquo;oubliez pas de vous munir d&rsquo;une pi\u00e8ce d&rsquo;identit\u00e9 en cours de validit\u00e9. Nous contr\u00f4lerons les pi\u00e8ces d&rsquo;identit\u00e9 \u00e0 l&rsquo;entr\u00e9e de la visite.<br \/>\nLa visite de Swissmint n\u2019est malheureusement pas adapt\u00e9e pour les personnes \u00e0 mobilit\u00e9 r\u00e9duite.<\/p>\n<\/div><div class=\"section__button intro-animation intro-animation--bottom\"><div class=\"button button--pdf\"><a href=\"https:\/\/web-dev.sondermuenze.ch\/wp-content\/uploads\/Regles-dacces_FR.pdf\" target=\"_blank\"><svg class=\"icon icon--download icon--download--top icon--black\"><use href=\"#icon_download\"><\/use><\/svg><span>R\u00e8gles d'acc\u00e8s<\/span><svg class=\"icon icon--download icon--download--bottom icon--black\"><use href=\"#icon_download\"><\/use><\/svg><\/a><\/div><\/div>[\/vc_column_inner][\/vc_row_inner][\/vc_column][\/vc_row]<\/div>","protected":false},"excerpt":{"rendered":"[vc_row][vc_column][vc_row_inner][vc_column_inner width=\u00a0\u00bb1\/2&Prime;][\/vc_column_inner][vc_column_inner width=\u00a0\u00bb1\/2&Prime;][\/vc_column_inner][\/vc_row_inner][\/vc_column][\/vc_row]","protected":false},"author":1,"featured_media":0,"parent":2539,"menu_order":130,"comment_status":"closed","ping_status":"closed","template":"","meta":{"_acf_changed":false,"footnotes":""},"class_list":["post-5661","page","type-page","status-publish","hentry"],"acf":[],"_links":{"self":[{"href":"https:\/\/web-dev.sondermuenze.ch\/fr\/wp-json\/wp\/v2\/pages\/5661","targetHints":{"allow":["GET"]}}],"collection":[{"href":"https:\/\/web-dev.sondermuenze.ch\/fr\/wp-json\/wp\/v2\/pages"}],"about":[{"href":"https:\/\/web-dev.sondermuenze.ch\/fr\/wp-json\/wp\/v2\/types\/page"}],"author":[{"embeddable":true,"href":"https:\/\/web-dev.sondermuenze.ch\/fr\/wp-json\/wp\/v2\/users\/1"}],"replies":[{"embeddable":true,"href":"https:\/\/web-dev.sondermuenze.ch\/fr\/wp-json\/wp\/v2\/comments?post=5661"}],"version-history":[{"count":17,"href":"https:\/\/web-dev.sondermuenze.ch\/fr\/wp-json\/wp\/v2\/pages\/5661\/revisions"}],"predecessor-version":[{"id":10509,"href":"https:\/\/web-dev.sondermuenze.ch\/fr\/wp-json\/wp\/v2\/pages\/5661\/revisions\/10509"}],"up":[{"embeddable":true,"href":"https:\/\/web-dev.sondermuenze.ch\/fr\/wp-json\/wp\/v2\/pages\/2539"}],"wp:attachment":[{"href":"https:\/\/web-dev.sondermuenze.ch\/fr\/wp-json\/wp\/v2\/media?parent=5661"}],"curies":[{"name":"wp","href":"https:\/\/api.w.org\/{rel}","templated":true}]}}