{"id":5674,"date":"2024-01-23T11:35:24","date_gmt":"2024-01-23T10:35:24","guid":{"rendered":"https:\/\/web-dev.sondermuenze.ch\/?page_id=5674"},"modified":"2025-05-27T08:25:47","modified_gmt":"2025-05-27T06:25:47","slug":"monnaie-speciale-glacier-morteratsch","status":"publish","type":"page","link":"https:\/\/web-dev.sondermuenze.ch\/fr\/monnaie-speciale-glacier-morteratsch\/","title":{"rendered":"Monnaie sp\u00e9ciale Glacier de Morteratsch"},"content":{"rendered":"<div class=\"wpb-content-wrapper\">[vc_row][vc_column]<div class=\"section__text section__text--lead section__text--center intro-animation intro-animation--bottom\"><h1>Monnaie sp\u00e9ciale Glacier de Morteratsch<\/h1>\n<p>Le glacier de Morteratsch est un des plus grands glaciers des Alpes et le plus grand dans la r\u00e9gion de la Bernina dans le canton des Grisons. Son avanc\u00e9e maximale a eu lieu durant le petit \u00e2ge glaciaire au milieu du XIXe si\u00e8cle. Il a depuis perdu pr\u00e8s de 3 km de longueur et affiche un recul annuel d&rsquo;environ 40 m\u00e8tres. Plusieurs grottes se sont form\u00e9es sous la langue du glacier, \u00e0 son extr\u00e9mit\u00e9, en raison de l&rsquo;\u00e9coulement de l&rsquo;eau de fonte. Autrefois, le glacier de Morteratsch s&rsquo;\u00e9tendait jusque dans la vall\u00e9e, c&rsquo;est pourquoi on parle de \u00abglacier de vall\u00e9e\u00bb. Actuellement, il mesure environ 6,4 km de long et occupe une surface de 14,9 km2.<\/p>\n<\/div>[vc_row_inner][vc_column_inner width=\u00a0\u00bb2\/3&Prime;]<div class=\"section__text section__text--center intro-animation intro-animation--bottom\"><p>Valeur nominale: 10 francs suisses<br \/>\nAlliage: Cupronickel + Bronze d\u2018aluminium<br \/>\nDiam\u00e8tre: 33 mm<br \/>\nPoids: 15 g<br \/>\nDate d&rsquo;\u00e9mission: 13.01.2022<\/p>\n<p><strong>Tirage<\/strong><br \/>\nFlan bruni: 2&rsquo;250 pi\u00e8ces<br \/>\nFlan bruni avec certificat de l&rsquo;artiste: 250 pi\u00e8ces<br \/>\nNon mise en circulation: 10&rsquo;800 pi\u00e8ces<\/p>\n<p><strong>Prix de vente<\/strong><br \/>\nFlan bruni: CHF 55.-<br \/>\nFlan bruni en \u00e9tui avec certificat de l\u2019artiste : CHF 70.-<br \/>\nNon mises en circulation : CHF 20.-<\/p>\n<\/div>[\/vc_column_inner][vc_column_inner width=\u00a0\u00bb1\/3&Prime;]<div class=\"section__image section__image--center intro-animation intro-animation--bottom\"><div class=\"picture_container\" style=\"width: 160px\"><picture><source media=\"(min-width: 768px)\" srcset=\"https:\/\/web-dev.sondermuenze.ch\/wp-content\/uploads\/morteratsch-serie-schweizer-gletscher-alpina-1-von-3-chf-10-bimetallmnze-bim-bildseite-ausgabe-2022-1-high-res-620x620px-2.png\"><source media=\"(max-width: 767.98px)\" srcset=\"https:\/\/web-dev.sondermuenze.ch\/wp-content\/uploads\/morteratsch-serie-schweizer-gletscher-alpina-1-von-3-chf-10-bimetallmnze-bim-bildseite-ausgabe-2022-1-high-res-620x620px-2.png\"><img loading=\"lazy\" decoding=\"async\" src=\"https:\/\/web-dev.sondermuenze.ch\/wp-content\/uploads\/morteratsch-serie-schweizer-gletscher-alpina-1-von-3-chf-10-bimetallmnze-bim-bildseite-ausgabe-2022-1-high-res-620x620px-2.png\" alt=\"Monnaie sp\u00e9ciale Glacier de Morteratsch\" width=\"620\" height=\"620\" \/><\/picture><\/div><\/div><div class=\"section__image section__image--center intro-animation intro-animation--bottom\"><div class=\"picture_container\" style=\"width: 160px\"><picture><source media=\"(min-width: 768px)\" srcset=\"https:\/\/web-dev.sondermuenze.ch\/wp-content\/uploads\/morteratsch-serie-schweizer-gletscher-alpina-1-von-3-chf-10-kopie-1.png\"><source media=\"(max-width: 767.98px)\" srcset=\"https:\/\/web-dev.sondermuenze.ch\/wp-content\/uploads\/morteratsch-serie-schweizer-gletscher-alpina-1-von-3-chf-10-kopie-1.png\"><img loading=\"lazy\" decoding=\"async\" src=\"https:\/\/web-dev.sondermuenze.ch\/wp-content\/uploads\/morteratsch-serie-schweizer-gletscher-alpina-1-von-3-chf-10-kopie-1.png\" alt=\"Monnaie sp\u00e9ciale Glacier de Morteratsch\" width=\"620\" height=\"620\" \/><\/picture><\/div><\/div>[\/vc_column_inner][\/vc_row_inner][\/vc_column][\/vc_row]<\/div>","protected":false},"excerpt":{"rendered":"[vc_row][vc_column][vc_row_inner][vc_column_inner width=\u00a0\u00bb2\/3&Prime;][\/vc_column_inner][vc_column_inner width=\u00a0\u00bb1\/3&Prime;][\/vc_column_inner][\/vc_row_inner][\/vc_column][\/vc_row]","protected":false},"author":3,"featured_media":0,"parent":0,"menu_order":48,"comment_status":"closed","ping_status":"closed","template":"","meta":{"_acf_changed":false,"footnotes":""},"class_list":["post-5674","page","type-page","status-publish","hentry"],"acf":[],"_links":{"self":[{"href":"https:\/\/web-dev.sondermuenze.ch\/fr\/wp-json\/wp\/v2\/pages\/5674","targetHints":{"allow":["GET"]}}],"collection":[{"href":"https:\/\/web-dev.sondermuenze.ch\/fr\/wp-json\/wp\/v2\/pages"}],"about":[{"href":"https:\/\/web-dev.sondermuenze.ch\/fr\/wp-json\/wp\/v2\/types\/page"}],"author":[{"embeddable":true,"href":"https:\/\/web-dev.sondermuenze.ch\/fr\/wp-json\/wp\/v2\/users\/3"}],"replies":[{"embeddable":true,"href":"https:\/\/web-dev.sondermuenze.ch\/fr\/wp-json\/wp\/v2\/comments?post=5674"}],"version-history":[{"count":3,"href":"https:\/\/web-dev.sondermuenze.ch\/fr\/wp-json\/wp\/v2\/pages\/5674\/revisions"}],"predecessor-version":[{"id":8953,"href":"https:\/\/web-dev.sondermuenze.ch\/fr\/wp-json\/wp\/v2\/pages\/5674\/revisions\/8953"}],"wp:attachment":[{"href":"https:\/\/web-dev.sondermuenze.ch\/fr\/wp-json\/wp\/v2\/media?parent=5674"}],"curies":[{"name":"wp","href":"https:\/\/api.w.org\/{rel}","templated":true}]}}