{"id":7648,"date":"2024-11-08T14:59:39","date_gmt":"2024-11-08T13:59:39","guid":{"rendered":"https:\/\/web-dev.sondermuenze.ch\/?page_id=7648"},"modified":"2024-11-08T14:59:39","modified_gmt":"2024-11-08T13:59:39","slug":"piece-or-25-francs-2024","status":"publish","type":"page","link":"https:\/\/web-dev.sondermuenze.ch\/fr\/piece-or-25-francs-2024\/","title":{"rendered":"Pi\u00e8ce d\u2019or de 25 francs 2024"},"content":{"rendered":"<div class=\"wpb-content-wrapper\">[vc_row][vc_column]<div class=\"section__text section__text--lead section__text--center intro-animation intro-animation--bottom\"><h1>Pi\u00e8ce d\u2019or de 25 francs 2024<\/h1>\n<p>La pi\u00e8ce d&rsquo;or de 25 francs 2024 marque un moment important dans l&rsquo;histoire de Swissmint. Cette pi\u00e8ce, au design \u00e9pur\u00e9, est fabriqu\u00e9e en qualit\u00e9 flan bruni. Sur l&rsquo;avers, se trouve la croix suisse et la valeur 25 FR, accompagn\u00e9s de la l\u00e9gende \u00ab CONFOEDERATIO HELVETICA \u00bb &#8211; un hommage aux pi\u00e8ces d&rsquo;or classiques de 25 francs de 1955, 1958 et 1959. Sur le revers, est repr\u00e9sent\u00e9 l\u2019\u00e9cu suisse avec une croix form\u00e9e de cinq carr\u00e9s \u00e9gaux sur des branches de rhododendron en fleurs. L\u2019inscription \u00ab SWITZERLAND \u00bb figure en haut et l\u2019ann\u00e9e 2024 en bas. Ce design s&rsquo;inspire de la monnaie en or historique de 20 francs de 1871 et apporte une touche de tradition \u00e0 la modernit\u00e9.<\/p>\n<p>Il convient de souligner l&rsquo;inscription \u00ab DOMINUS PROVIDEBIT \u00bb et 13 \u00e9toiles sur la tranche, faisant de cette monnaie la premi\u00e8re des pi\u00e8ces d&rsquo;or modernes de 25 francs. Cette inscription apporte \u00e0 la pi\u00e8ce une grande valeur symbolique.<\/p>\n<p>Avec cette pi\u00e8ce, Swissmint a cr\u00e9\u00e9 un produit in\u00e9dit &#8211; une association du pass\u00e9 et du pr\u00e9sent qui ne fait pas seulement battre le c\u0153ur des collectionneurs. A partir de 2026, il est pr\u00e9vu d\u2019\u00e9mettre chaque ann\u00e9e la pi\u00e8ce d&rsquo;or de 25 francs en qualit\u00e9 fleur de coin et avec le m\u00eame design, ce qui en fait un objet durable pour tout collectionneur de pi\u00e8ces de monnaie.<\/p>\n<p>Cette pi\u00e8ce constitue un t\u00e9moignage incontournable de l&rsquo;histoire suisse. Un must-have pour tous ceux qui appr\u00e9cient la tradition et le savoir-faire artisanal de Swissmint.<\/p>\n<\/div>[vc_row_inner][vc_column_inner width=\u00a0\u00bb2\/3&Prime;]<div class=\"section__text section__text--center intro-animation intro-animation--bottom\"><p>Valeur nominale: 25 francs suisses<br \/>\nAlliage: Or 900<br \/>\nDiam\u00e8tre: 20 mm<br \/>\nPoids: 5,64 g<br \/>\nDate d&rsquo;\u00e9mission: 01.11.2024<\/p>\n<p><strong>Tirage<\/strong><br \/>\nFlan bruni: 5&rsquo;000 pi\u00e8ces<\/p>\n<p><strong>Prix de vente<\/strong><br \/>\nFlan bruni: CHF 450.-<\/p>\n<\/div>[\/vc_column_inner][vc_column_inner width=\u00a0\u00bb1\/3&Prime;]<div class=\"section__image section__image--center intro-animation intro-animation--bottom\"><div class=\"picture_container\" style=\"width: 160px\"><picture><source media=\"(min-width: 768px)\" srcset=\"https:\/\/web-dev.sondermuenze.ch\/wp-content\/uploads\/swissmint-soldat-2024-25fr-bs-620x620px.png\"><source media=\"(max-width: 767.98px)\" srcset=\"https:\/\/web-dev.sondermuenze.ch\/wp-content\/uploads\/swissmint-soldat-2024-25fr-bs-620x620px.png\"><img loading=\"lazy\" decoding=\"async\" src=\"https:\/\/web-dev.sondermuenze.ch\/wp-content\/uploads\/swissmint-soldat-2024-25fr-bs-620x620px.png\" alt=\"Pi\u00e8ce d\u2019or de 25 francs 2024\" width=\"620\" height=\"620\" \/><\/picture><\/div><\/div><div class=\"section__image section__image--center intro-animation intro-animation--bottom\"><div class=\"picture_container\" style=\"width: 160px\"><picture><source media=\"(min-width: 768px)\" srcset=\"https:\/\/web-dev.sondermuenze.ch\/wp-content\/uploads\/swissmint-soldat-2024-25fr-ws-620x620px.png\"><source media=\"(max-width: 767.98px)\" srcset=\"https:\/\/web-dev.sondermuenze.ch\/wp-content\/uploads\/swissmint-soldat-2024-25fr-ws-620x620px.png\"><img loading=\"lazy\" decoding=\"async\" src=\"https:\/\/web-dev.sondermuenze.ch\/wp-content\/uploads\/swissmint-soldat-2024-25fr-ws-620x620px.png\" alt=\"Pi\u00e8ce d\u2019or de 25 francs 2024\" width=\"620\" height=\"620\" \/><\/picture><\/div><\/div>[\/vc_column_inner][\/vc_row_inner][\/vc_column][\/vc_row]<\/div>","protected":false},"excerpt":{"rendered":"[vc_row][vc_column][vc_row_inner][vc_column_inner width=\u00a0\u00bb2\/3&Prime;][\/vc_column_inner][vc_column_inner width=\u00a0\u00bb1\/3&Prime;][\/vc_column_inner][\/vc_row_inner][\/vc_column][\/vc_row]","protected":false},"author":3,"featured_media":0,"parent":0,"menu_order":57,"comment_status":"closed","ping_status":"closed","template":"","meta":{"_acf_changed":false,"footnotes":""},"class_list":["post-7648","page","type-page","status-publish","hentry"],"acf":[],"_links":{"self":[{"href":"https:\/\/web-dev.sondermuenze.ch\/fr\/wp-json\/wp\/v2\/pages\/7648","targetHints":{"allow":["GET"]}}],"collection":[{"href":"https:\/\/web-dev.sondermuenze.ch\/fr\/wp-json\/wp\/v2\/pages"}],"about":[{"href":"https:\/\/web-dev.sondermuenze.ch\/fr\/wp-json\/wp\/v2\/types\/page"}],"author":[{"embeddable":true,"href":"https:\/\/web-dev.sondermuenze.ch\/fr\/wp-json\/wp\/v2\/users\/3"}],"replies":[{"embeddable":true,"href":"https:\/\/web-dev.sondermuenze.ch\/fr\/wp-json\/wp\/v2\/comments?post=7648"}],"version-history":[{"count":1,"href":"https:\/\/web-dev.sondermuenze.ch\/fr\/wp-json\/wp\/v2\/pages\/7648\/revisions"}],"predecessor-version":[{"id":7662,"href":"https:\/\/web-dev.sondermuenze.ch\/fr\/wp-json\/wp\/v2\/pages\/7648\/revisions\/7662"}],"wp:attachment":[{"href":"https:\/\/web-dev.sondermuenze.ch\/fr\/wp-json\/wp\/v2\/media?parent=7648"}],"curies":[{"name":"wp","href":"https:\/\/api.w.org\/{rel}","templated":true}]}}