{"id":7693,"date":"2024-11-11T12:57:21","date_gmt":"2024-11-11T11:57:21","guid":{"rendered":"https:\/\/web-dev.sondermuenze.ch\/?page_id=7693"},"modified":"2024-11-11T13:14:39","modified_gmt":"2024-11-11T12:14:39","slug":"piece-dargent-mani-matter","status":"publish","type":"page","link":"https:\/\/web-dev.sondermuenze.ch\/fr\/piece-dargent-mani-matter\/","title":{"rendered":"Pi\u00e8ce d\u2019argent \u00abMani Matter\u00bb"},"content":{"rendered":"<div class=\"wpb-content-wrapper\">[vc_row][vc_column]<div class=\"section__text section__text--lead section__text--center intro-animation intro-animation--bottom\"><h1>Pi\u00e8ce d\u2019argent \u00abMani Matter\u00bb<\/h1>\n<p>La monnaie sp\u00e9ciale en argent \u00abMani Matter\u00bb est la premi\u00e8re pi\u00e8ce en argent de Swissmint faite d\u2019argent 999 et mise en vente sous la nouvelle marque \u00abEidgen\u00f6ssische Sonderm\u00fcnzen\u00bb. Hans Peter \u00abMani\u00bb Matter (* 4 ao\u00fbt 1936 \u00e0 Herzogenbuchsee; \u2020 24 novembre 1972 \u00e0 Kilchberg ZH) \u00e9tait un chansonnier et juriste suisse. S\u2019inspirant de Georges Brassens, il commen\u00e7a \u00e0 \u00e9crire, \u00e0 composer et \u00e0 interpr\u00e9ter des chansons bernoises \u00e0 l\u2019\u00e2ge de 13 ans. 50 ans apr\u00e8s son d\u00e9c\u00e8s dans un accident de la route, la popularit\u00e9 de Mani Matter et de ses chansons reste intacte.<\/p>\n<\/div>[vc_row_inner][vc_column_inner width=\u00a0\u00bb2\/3&Prime;]<div class=\"section__text section__text--center intro-animation intro-animation--bottom\"><p>Valeur nominale: 20 francs suisses<br \/>\nAlliage: argent 999<br \/>\nDiam\u00e8tre: 33 mm<br \/>\nPoids: 20 g<br \/>\nDate d&rsquo;\u00e9mission: 24.11.2022<\/p>\n<p><strong>Tirage<\/strong><br \/>\nFlan bruni: 3&rsquo;050 pi\u00e8ces<br \/>\nFlan bruni en \u00e9tui avec certificat de l&rsquo;artiste : 250 pi\u00e8ces<br \/>\nNon mises en circulation : 11&rsquo;000 pi\u00e8ces<\/p>\n<p><strong>Prix de vente<\/strong><br \/>\nFlan bruni: CHF 79.-<br \/>\nPlan bruni en \u00e9tui avec certificat de l&rsquo;artiste : CHF 90.-<br \/>\nNon mises en circulation : CHF 30.-<\/p>\n<\/div>[\/vc_column_inner][vc_column_inner width=\u00a0\u00bb1\/3&Prime;]<div class=\"section__image section__image--center intro-animation intro-animation--bottom\"><div class=\"picture_container\" style=\"width: 160px\"><picture><source media=\"(min-width: 768px)\" srcset=\"https:\/\/web-dev.sondermuenze.ch\/wp-content\/uploads\/20er-mani-matter-silbermuenze-frontal-digital-bs-620x620px.png\"><source media=\"(max-width: 767.98px)\" srcset=\"https:\/\/web-dev.sondermuenze.ch\/wp-content\/uploads\/20er-mani-matter-silbermuenze-frontal-digital-bs-620x620px.png\"><img loading=\"lazy\" decoding=\"async\" src=\"https:\/\/web-dev.sondermuenze.ch\/wp-content\/uploads\/20er-mani-matter-silbermuenze-frontal-digital-bs-620x620px.png\" alt=\"Pi\u00e8ce d\u2019argent \u00abMani Matter\u00bb\" width=\"620\" height=\"620\" \/><\/picture><\/div><\/div><div class=\"section__image section__image--center intro-animation intro-animation--bottom\"><div class=\"picture_container\" style=\"width: 160px\"><picture><source media=\"(min-width: 768px)\" srcset=\"https:\/\/web-dev.sondermuenze.ch\/wp-content\/uploads\/20er-mani-matter-silbermuenze-frontal-digital-ws-620x620px.png\"><source media=\"(max-width: 767.98px)\" srcset=\"https:\/\/web-dev.sondermuenze.ch\/wp-content\/uploads\/20er-mani-matter-silbermuenze-frontal-digital-ws-620x620px.png\"><img loading=\"lazy\" decoding=\"async\" src=\"https:\/\/web-dev.sondermuenze.ch\/wp-content\/uploads\/20er-mani-matter-silbermuenze-frontal-digital-ws-620x620px.png\" alt=\"Pi\u00e8ce d\u2019argent \u00abMani Matter\u00bb\" width=\"620\" height=\"620\" \/><\/picture><\/div><\/div>[\/vc_column_inner][\/vc_row_inner][\/vc_column][\/vc_row]<\/div>","protected":false},"excerpt":{"rendered":"[vc_row][vc_column][vc_row_inner][vc_column_inner width=\u00a0\u00bb2\/3&Prime;][\/vc_column_inner][vc_column_inner width=\u00a0\u00bb1\/3&Prime;][\/vc_column_inner][\/vc_row_inner][\/vc_column][\/vc_row]","protected":false},"author":3,"featured_media":0,"parent":0,"menu_order":100,"comment_status":"closed","ping_status":"closed","template":"","meta":{"_acf_changed":false,"footnotes":""},"class_list":["post-7693","page","type-page","status-publish","hentry"],"acf":[],"_links":{"self":[{"href":"https:\/\/web-dev.sondermuenze.ch\/fr\/wp-json\/wp\/v2\/pages\/7693","targetHints":{"allow":["GET"]}}],"collection":[{"href":"https:\/\/web-dev.sondermuenze.ch\/fr\/wp-json\/wp\/v2\/pages"}],"about":[{"href":"https:\/\/web-dev.sondermuenze.ch\/fr\/wp-json\/wp\/v2\/types\/page"}],"author":[{"embeddable":true,"href":"https:\/\/web-dev.sondermuenze.ch\/fr\/wp-json\/wp\/v2\/users\/3"}],"replies":[{"embeddable":true,"href":"https:\/\/web-dev.sondermuenze.ch\/fr\/wp-json\/wp\/v2\/comments?post=7693"}],"version-history":[{"count":1,"href":"https:\/\/web-dev.sondermuenze.ch\/fr\/wp-json\/wp\/v2\/pages\/7693\/revisions"}],"predecessor-version":[{"id":7698,"href":"https:\/\/web-dev.sondermuenze.ch\/fr\/wp-json\/wp\/v2\/pages\/7693\/revisions\/7698"}],"wp:attachment":[{"href":"https:\/\/web-dev.sondermuenze.ch\/fr\/wp-json\/wp\/v2\/media?parent=7693"}],"curies":[{"name":"wp","href":"https:\/\/api.w.org\/{rel}","templated":true}]}}