{"id":7705,"date":"2024-11-11T13:25:24","date_gmt":"2024-11-11T12:25:24","guid":{"rendered":"https:\/\/web-dev.sondermuenze.ch\/?page_id=7705"},"modified":"2024-11-11T13:29:21","modified_gmt":"2024-11-11T12:29:21","slug":"piece-dargent-fst","status":"publish","type":"page","link":"https:\/\/web-dev.sondermuenze.ch\/fr\/piece-dargent-fst\/","title":{"rendered":"Pi\u00e8ce d\u2019argent \u00abFST\u00bb"},"content":{"rendered":"<div class=\"wpb-content-wrapper\">[vc_row][vc_column]<div class=\"section__text section__text--lead section__text--center intro-animation intro-animation--bottom\"><h1>Pi\u00e8ce d\u2019argent \u00abF\u00e9d\u00e9ration sportive suisse de tir\u00bb<\/h1>\n<p>La pi\u00e8ce de monnaie comm\u00e9morative \u00abF\u00e9d\u00e9ration sportive suisse de tir\u00bb est la premi\u00e8re d&rsquo;une s\u00e9rie de deux pi\u00e8ces que Swissmint \u00e9met en l&rsquo;honneur de l&rsquo;organisation, qui f\u00eatera son 200e anniversaire du 16 au 18 ao\u00fbt 2024. La pi\u00e8ce sp\u00e9ciale \u00abF\u00e9d\u00e9ration sportive suisse de tir\u00bb est en argent 999,9 \u2030 et p\u00e8se 20 grammes. L&rsquo;avers pr\u00e9sente l&rsquo;interpr\u00e9tation artistique d&rsquo;un \u0153il et d&rsquo;une cible. Pour le revers, nous avons repris des \u00e9l\u00e9ments de la pi\u00e8ce &#8211; alors sans valeur nominale &#8211; produite pour c\u00e9l\u00e9brer la f\u00eate de tir de Coire en 1842. La pi\u00e8ce comporte \u00e9galement sa valeur faciale (20 francs suisses).<\/p>\n<\/div>[vc_row_inner][vc_column_inner width=\u00a0\u00bb2\/3&Prime;]<div class=\"section__text section__text--center intro-animation intro-animation--bottom\"><p>Valeur nominale: 20 francs suisses<br \/>\nAlliage: argent 999<br \/>\nDiam\u00e8tre: 33 mm<br \/>\nPoids: 20 g<br \/>\nDate d&rsquo;\u00e9mission: 02.06.2023<\/p>\n<p><strong>Tirage<\/strong><br \/>\nFlan bruni: 5&rsquo;000 pi\u00e8ces<br \/>\nFlan bruni en \u00e9tui avec certificat de l&rsquo;artiste : 250 pi\u00e8ces<br \/>\nNon mises en circulation : 15&rsquo;000 pi\u00e8ces<\/p>\n<p><strong>Prix de vente<\/strong><br \/>\nFlan bruni: CHF 79.-<br \/>\nPlan bruni en \u00e9tui avec certificat de l&rsquo;artiste : CHF 90.-<br \/>\nNon mises en circulation : CHF 30.-<\/p>\n<\/div>[\/vc_column_inner][vc_column_inner width=\u00a0\u00bb1\/3&Prime;]<div class=\"section__image section__image--center intro-animation intro-animation--bottom\"><div class=\"picture_container\" style=\"width: 160px\"><picture><source media=\"(min-width: 768px)\" srcset=\"https:\/\/web-dev.sondermuenze.ch\/wp-content\/uploads\/ssv-silbermuenze-sondermuenze-vs-620x620px.png\"><source media=\"(max-width: 767.98px)\" srcset=\"https:\/\/web-dev.sondermuenze.ch\/wp-content\/uploads\/ssv-silbermuenze-sondermuenze-vs-620x620px.png\"><img loading=\"lazy\" decoding=\"async\" src=\"https:\/\/web-dev.sondermuenze.ch\/wp-content\/uploads\/ssv-silbermuenze-sondermuenze-vs-620x620px.png\" alt=\"Pi\u00e8ce d\u2019argent \u00abFST\u00bb\" width=\"620\" height=\"620\" \/><\/picture><\/div><\/div><div class=\"section__image section__image--center intro-animation intro-animation--bottom\"><div class=\"picture_container\" style=\"width: 160px\"><picture><source media=\"(min-width: 768px)\" srcset=\"https:\/\/web-dev.sondermuenze.ch\/wp-content\/uploads\/ssv-silbermuenze-sondermuenze-rs-620x620px.png\"><source media=\"(max-width: 767.98px)\" srcset=\"https:\/\/web-dev.sondermuenze.ch\/wp-content\/uploads\/ssv-silbermuenze-sondermuenze-rs-620x620px.png\"><img loading=\"lazy\" decoding=\"async\" src=\"https:\/\/web-dev.sondermuenze.ch\/wp-content\/uploads\/ssv-silbermuenze-sondermuenze-rs-620x620px.png\" alt=\"Pi\u00e8ce d\u2019argent \u00abFST\u00bb\" width=\"620\" height=\"620\" \/><\/picture><\/div><\/div>[\/vc_column_inner][\/vc_row_inner][\/vc_column][\/vc_row]<\/div>","protected":false},"excerpt":{"rendered":"[vc_row][vc_column][vc_row_inner][vc_column_inner width=\u00a0\u00bb2\/3&Prime;][\/vc_column_inner][vc_column_inner width=\u00a0\u00bb1\/3&Prime;][\/vc_column_inner][\/vc_row_inner][\/vc_column][\/vc_row]","protected":false},"author":3,"featured_media":0,"parent":0,"menu_order":93,"comment_status":"closed","ping_status":"closed","template":"","meta":{"_acf_changed":false,"footnotes":""},"class_list":["post-7705","page","type-page","status-publish","hentry"],"acf":[],"_links":{"self":[{"href":"https:\/\/web-dev.sondermuenze.ch\/fr\/wp-json\/wp\/v2\/pages\/7705","targetHints":{"allow":["GET"]}}],"collection":[{"href":"https:\/\/web-dev.sondermuenze.ch\/fr\/wp-json\/wp\/v2\/pages"}],"about":[{"href":"https:\/\/web-dev.sondermuenze.ch\/fr\/wp-json\/wp\/v2\/types\/page"}],"author":[{"embeddable":true,"href":"https:\/\/web-dev.sondermuenze.ch\/fr\/wp-json\/wp\/v2\/users\/3"}],"replies":[{"embeddable":true,"href":"https:\/\/web-dev.sondermuenze.ch\/fr\/wp-json\/wp\/v2\/comments?post=7705"}],"version-history":[{"count":1,"href":"https:\/\/web-dev.sondermuenze.ch\/fr\/wp-json\/wp\/v2\/pages\/7705\/revisions"}],"predecessor-version":[{"id":7709,"href":"https:\/\/web-dev.sondermuenze.ch\/fr\/wp-json\/wp\/v2\/pages\/7705\/revisions\/7709"}],"wp:attachment":[{"href":"https:\/\/web-dev.sondermuenze.ch\/fr\/wp-json\/wp\/v2\/media?parent=7705"}],"curies":[{"name":"wp","href":"https:\/\/api.w.org\/{rel}","templated":true}]}}