{"id":8815,"date":"2025-03-17T08:28:11","date_gmt":"2025-03-17T07:28:11","guid":{"rendered":"https:\/\/web-dev.sondermuenze.ch\/?page_id=8815"},"modified":"2025-03-17T08:28:03","modified_gmt":"2025-03-17T07:28:03","slug":"piece-dargent-cern","status":"publish","type":"page","link":"https:\/\/web-dev.sondermuenze.ch\/fr\/piece-dargent-cern\/","title":{"rendered":"Pi\u00e8ce d\u2019argent CERN"},"content":{"rendered":"<div class=\"wpb-content-wrapper\">[vc_row][vc_column]<div class=\"section__text section__text--lead section__text--center intro-animation intro-animation--bottom\"><h1>Pi\u00e8ce d\u2019argent CERN<\/h1>\n<p>Le CERN (Laboratoire europ\u00e9en pour la physique des particules) est le plus grand laboratoire de physique des particules au monde. Fond\u00e9 en 1954 et bas\u00e9 \u00e0 Gen\u00e8ve, \u00e0 la fronti\u00e8re franco-suisse, le CERN est une organisation internationale qui r\u00e9unit 24 \u00c9tats membres. Sa mission est d&rsquo;explorer les lois fondamentales de l&rsquo;univers en \u00e9tudiant les plus petits constituants de la mati\u00e8re, les particules.<\/p>\n<p>La monnaie sp\u00e9ciale en argent met en lumi\u00e8re une machine phare du CERN, outil de pointe de la recherche et de l\u2019innovation en Suisse.\u00a0Le LHC (Large Hadron Collider ou Grand collisionneur de hadrons), du CERN est le plus grand acc\u00e9l\u00e9rateur de particules au monde. Cet anneau de 27 km de circonf\u00e9rence permet d\u2019acc\u00e9l\u00e9rer des protons \u00e0 une vitesse proche de celle de la lumi\u00e8re, avant de les faire entrer en collision. L\u2019analyse de ces collisions permet d\u2019approfondir les connaissances sur la structure fondamentale de la mati\u00e8re et le fonctionnement de l\u2019Univers. L\u2019avers de la monnaie repr\u00e9sente l\u2019une de ces collisions qui g\u00e9n\u00e8rent une multitude particules, dont certaines \u00e9taient pr\u00e9sentes au tout d\u00e9but de l\u2019Univers, juste apr\u00e8s le Big Bang. Sur le revers est repr\u00e9sent\u00e9 un aimant du Grand collisionneur de hadrons. Ces aimants supraconducteurs sont des bijoux de technologie. Ils g\u00e9n\u00e8rent des champs magn\u00e9tiques tr\u00e8s puissants pour guider et concentrer les faisceaux de particules dans l\u2019anneau.<\/p>\n<p>La monnaie sp\u00e9ciale \u00ab CERN \u00bb est en argent et p\u00e8se 20 g. La valeur nominale de 20 CHF est repr\u00e9sent\u00e9e sur le revers. Le tirage est de 3\u2019500 exemplaires en qualit\u00e9 \u00ab flan bruni \u00bb dans un \u00e9tui, ainsi que 7\u2019500 pi\u00e8ces en qualit\u00e9 \u00ab non mise en circulation \u00bb dans un blister.<\/p>\n<\/div>[vc_row_inner][vc_column_inner width=\u00a0\u00bb2\/3&Prime;]<div class=\"section__text section__text--center intro-animation intro-animation--bottom\"><p>Valeur nominale: 20 francs suisses<br \/>\nAlliage: argent 999<br \/>\nDiam\u00e8tre: 33 mm<br \/>\nPoids: 20 g<br \/>\nDate d&rsquo;\u00e9mission: 13.03.2025<\/p>\n<p><strong>Tirage<\/strong><br \/>\nFlan bruni: 3&rsquo;500 pi\u00e8ces<br \/>\nNon mises en circulation : 7&rsquo;500 pi\u00e8ces<\/p>\n<p><strong>Prix de vente<\/strong><br \/>\nFlan bruni: CHF 79.-<br \/>\nNon mises en circulation : CHF 25.-<\/p>\n<\/div>[\/vc_column_inner][vc_column_inner width=\u00a0\u00bb1\/3&Prime;]<div class=\"section__image section__image--center intro-animation intro-animation--bottom\"><div class=\"picture_container\" style=\"width: 160px\"><picture><source media=\"(min-width: 768px)\" srcset=\"https:\/\/web-dev.sondermuenze.ch\/wp-content\/uploads\/swissmint-cern-20fr-bs-final-620x620px.png\"><source media=\"(max-width: 767.98px)\" srcset=\"https:\/\/web-dev.sondermuenze.ch\/wp-content\/uploads\/swissmint-cern-20fr-bs-final-620x620px.png\"><img loading=\"lazy\" decoding=\"async\" src=\"https:\/\/web-dev.sondermuenze.ch\/wp-content\/uploads\/swissmint-cern-20fr-bs-final-620x620px.png\" alt=\"Pi\u00e8ce d\u2019argent CERN\" width=\"620\" height=\"620\" \/><\/picture><\/div><\/div><div class=\"section__image section__image--center intro-animation intro-animation--bottom\"><div class=\"picture_container\" style=\"width: 160px\"><picture><source media=\"(min-width: 768px)\" srcset=\"https:\/\/web-dev.sondermuenze.ch\/wp-content\/uploads\/swissmint-cern-20fr-ws-final-620x620px.png\"><source media=\"(max-width: 767.98px)\" srcset=\"https:\/\/web-dev.sondermuenze.ch\/wp-content\/uploads\/swissmint-cern-20fr-ws-final-620x620px.png\"><img loading=\"lazy\" decoding=\"async\" src=\"https:\/\/web-dev.sondermuenze.ch\/wp-content\/uploads\/swissmint-cern-20fr-ws-final-620x620px.png\" alt=\"Pi\u00e8ce d\u2019argent CERN\" width=\"620\" height=\"620\" \/><\/picture><\/div><\/div>[\/vc_column_inner][\/vc_row_inner][\/vc_column][\/vc_row]<\/div>","protected":false},"excerpt":{"rendered":"[vc_row][vc_column][vc_row_inner][vc_column_inner width=\u00a0\u00bb2\/3&Prime;][\/vc_column_inner][vc_column_inner width=\u00a0\u00bb1\/3&Prime;][\/vc_column_inner][\/vc_row_inner][\/vc_column][\/vc_row]","protected":false},"author":3,"featured_media":0,"parent":0,"menu_order":91,"comment_status":"closed","ping_status":"closed","template":"","meta":{"_acf_changed":false,"footnotes":""},"class_list":["post-8815","page","type-page","status-publish","hentry"],"acf":[],"_links":{"self":[{"href":"https:\/\/web-dev.sondermuenze.ch\/fr\/wp-json\/wp\/v2\/pages\/8815","targetHints":{"allow":["GET"]}}],"collection":[{"href":"https:\/\/web-dev.sondermuenze.ch\/fr\/wp-json\/wp\/v2\/pages"}],"about":[{"href":"https:\/\/web-dev.sondermuenze.ch\/fr\/wp-json\/wp\/v2\/types\/page"}],"author":[{"embeddable":true,"href":"https:\/\/web-dev.sondermuenze.ch\/fr\/wp-json\/wp\/v2\/users\/3"}],"replies":[{"embeddable":true,"href":"https:\/\/web-dev.sondermuenze.ch\/fr\/wp-json\/wp\/v2\/comments?post=8815"}],"version-history":[{"count":1,"href":"https:\/\/web-dev.sondermuenze.ch\/fr\/wp-json\/wp\/v2\/pages\/8815\/revisions"}],"predecessor-version":[{"id":8828,"href":"https:\/\/web-dev.sondermuenze.ch\/fr\/wp-json\/wp\/v2\/pages\/8815\/revisions\/8828"}],"wp:attachment":[{"href":"https:\/\/web-dev.sondermuenze.ch\/fr\/wp-json\/wp\/v2\/media?parent=8815"}],"curies":[{"name":"wp","href":"https:\/\/api.w.org\/{rel}","templated":true}]}}