{"id":8840,"date":"2025-04-09T13:50:10","date_gmt":"2025-04-09T11:50:10","guid":{"rendered":"https:\/\/web-dev.sondermuenze.ch\/?page_id=8840"},"modified":"2025-04-09T14:12:32","modified_gmt":"2025-04-09T12:12:32","slug":"200-ans-fst","status":"publish","type":"page","link":"https:\/\/web-dev.sondermuenze.ch\/fr\/200-ans-fst\/","title":{"rendered":"Pi\u00e8ce d\u2019or 200 ans FST"},"content":{"rendered":"<div class=\"wpb-content-wrapper\">[vc_row][vc_column]<div class=\"section__text section__text--lead section__text--center intro-animation intro-animation--bottom\"><h1>Pi\u00e8ce d\u2019or 200 ans de la F\u00e9d\u00e9ration Sportive suisse de tir<\/h1>\n<p>La pi\u00e8ce sp\u00e9ciale c\u00e9l\u00e8bre le 200e anniversaire de la F\u00e9d\u00e9ration Sportive suisse de tir (FST).\u00a0La monnaie sp\u00e9ciale \u00ab 200 ans de F\u00e9d\u00e9ration Sportive suisse de tir \u00bb est en or 900 et p\u00e8se 11.29 g. L\u2019avers de la pi\u00e8ce montre la vue d&rsquo;une cible \u00e0 travers le canon d&rsquo;une arme. Les ann\u00e9es 1824 et 2024 ainsi que l\u2019inscription \u00ab 200 ans FST \u00bb ornent le pourtour de ce champ de vision. Le revers de la monnaie en or, \u00e0 l\u2019instar de celui de la pi\u00e8ce en argent FST, s\u2019inspire d\u2019une relique des temps anciens, \u00e0 savoir le pr\u00e9curseur des futurs \u00e9cus de tir, frapp\u00e9 en 1842 avec une valeur nominale officielle de 4 francs \u00e0 l\u2019occasion de la f\u00eate de tir de Coire. Il reprend en effet des \u00e9l\u00e9ments de cette premi\u00e8re monnaie frapp\u00e9e pour une f\u00eate de tir. Le revers, dans le sens des aiguilles d&rsquo;une montre, mentionne CONFOEDERATIO HELVETICA, l&rsquo;ann\u00e9e d&rsquo;\u00e9mission 2024 et la valeur 50 FR. L\u2019artiste Vito Noto souhaitait, \u00e0 travers cette pi\u00e8ce d\u2019or, associer les valeurs et la tradition avec les \u00e9l\u00e9ments essentiels de ce sport.<\/p>\n<\/div>[vc_row_inner][vc_column_inner width=\u00a0\u00bb2\/3&Prime;]<div class=\"section__text section__text--center intro-animation intro-animation--bottom\"><p>Valeur nominale: 50 francs suisses<br \/>\nAlliage: Or 900<br \/>\nDiam\u00e8tre: 20 mm<br \/>\nPoids: 11.29 g<br \/>\nDate d&rsquo;\u00e9mission: 16.08.2024<\/p>\n<p><strong>Tirage<\/strong><br \/>\nFlan bruni: 4&rsquo;800 pi\u00e8ces<br \/>\nFlan bruni avec certificat de l&rsquo;artiste: 200 pi\u00e8ces<\/p>\n<p><strong>Prix de vente<\/strong><br \/>\nFlan bruni: CHF 915.-<br \/>\nFlan bruni avec certificat de l&rsquo;artiste: CHF 829.-<\/p>\n<\/div>[\/vc_column_inner][vc_column_inner width=\u00a0\u00bb1\/3&Prime;]<div class=\"section__image section__image--center intro-animation intro-animation--bottom\"><div class=\"picture_container\" style=\"width: 160px\"><picture><source media=\"(min-width: 768px)\" srcset=\"https:\/\/web-dev.sondermuenze.ch\/wp-content\/uploads\/swissmint-soldat-schiesssportverband-50fr-bs-620x620px.png\"><source media=\"(max-width: 767.98px)\" srcset=\"https:\/\/web-dev.sondermuenze.ch\/wp-content\/uploads\/swissmint-soldat-schiesssportverband-50fr-bs-620x620px.png\"><img loading=\"lazy\" decoding=\"async\" src=\"https:\/\/web-dev.sondermuenze.ch\/wp-content\/uploads\/swissmint-soldat-schiesssportverband-50fr-bs-620x620px.png\" alt=\"200 Jahre SSV\" width=\"620\" height=\"620\" \/><\/picture><\/div><\/div><div class=\"section__image section__image--center intro-animation intro-animation--bottom\"><div class=\"picture_container\" style=\"width: 160px\"><picture><source media=\"(min-width: 768px)\" srcset=\"https:\/\/web-dev.sondermuenze.ch\/wp-content\/uploads\/swissmint-soldat-schiesssportverband-50fr-ws-620x620px.png\"><source media=\"(max-width: 767.98px)\" srcset=\"https:\/\/web-dev.sondermuenze.ch\/wp-content\/uploads\/swissmint-soldat-schiesssportverband-50fr-ws-620x620px.png\"><img loading=\"lazy\" decoding=\"async\" src=\"https:\/\/web-dev.sondermuenze.ch\/wp-content\/uploads\/swissmint-soldat-schiesssportverband-50fr-ws-620x620px.png\" alt=\"200 Jahre SSV\" width=\"620\" height=\"620\" \/><\/picture><\/div><\/div>[\/vc_column_inner][\/vc_row_inner][\/vc_column][\/vc_row]<\/div>","protected":false},"excerpt":{"rendered":"[vc_row][vc_column][vc_row_inner][vc_column_inner width=\u00a0\u00bb2\/3&Prime;][\/vc_column_inner][vc_column_inner width=\u00a0\u00bb1\/3&Prime;][\/vc_column_inner][\/vc_row_inner][\/vc_column][\/vc_row]","protected":false},"author":3,"featured_media":0,"parent":0,"menu_order":55,"comment_status":"closed","ping_status":"closed","template":"","meta":{"_acf_changed":false,"footnotes":""},"class_list":["post-8840","page","type-page","status-publish","hentry"],"acf":[],"_links":{"self":[{"href":"https:\/\/web-dev.sondermuenze.ch\/fr\/wp-json\/wp\/v2\/pages\/8840","targetHints":{"allow":["GET"]}}],"collection":[{"href":"https:\/\/web-dev.sondermuenze.ch\/fr\/wp-json\/wp\/v2\/pages"}],"about":[{"href":"https:\/\/web-dev.sondermuenze.ch\/fr\/wp-json\/wp\/v2\/types\/page"}],"author":[{"embeddable":true,"href":"https:\/\/web-dev.sondermuenze.ch\/fr\/wp-json\/wp\/v2\/users\/3"}],"replies":[{"embeddable":true,"href":"https:\/\/web-dev.sondermuenze.ch\/fr\/wp-json\/wp\/v2\/comments?post=8840"}],"version-history":[{"count":1,"href":"https:\/\/web-dev.sondermuenze.ch\/fr\/wp-json\/wp\/v2\/pages\/8840\/revisions"}],"predecessor-version":[{"id":8855,"href":"https:\/\/web-dev.sondermuenze.ch\/fr\/wp-json\/wp\/v2\/pages\/8840\/revisions\/8855"}],"wp:attachment":[{"href":"https:\/\/web-dev.sondermuenze.ch\/fr\/wp-json\/wp\/v2\/media?parent=8840"}],"curies":[{"name":"wp","href":"https:\/\/api.w.org\/{rel}","templated":true}]}}