{"id":8937,"date":"2025-05-27T08:13:56","date_gmt":"2025-05-27T06:13:56","guid":{"rendered":"https:\/\/web-dev.sondermuenze.ch\/?page_id=8937"},"modified":"2025-05-27T08:20:48","modified_gmt":"2025-05-27T06:20:48","slug":"monnaie-speciale-150-ans-tribunal-federal","status":"publish","type":"page","link":"https:\/\/web-dev.sondermuenze.ch\/fr\/monnaie-speciale-150-ans-tribunal-federal\/","title":{"rendered":"Monnaie sp\u00e9ciale 150 ans Tribunal f\u00e9d\u00e9ral"},"content":{"rendered":"<div class=\"wpb-content-wrapper\">[vc_row][vc_column]<div class=\"section__text section__text--lead section__text--center intro-animation intro-animation--bottom\"><h1>Monnaie sp\u00e9ciale bim\u00e9tallique 150 ans Tribunal f\u00e9d\u00e9ral<\/h1>\n<p>Le Tribunal f\u00e9d\u00e9ral suisse, bas\u00e9 \u00e0 Lausanne, est la plus haute instance judiciaire de Suisse. Il veille \u00e0 l&rsquo;application uniforme du droit f\u00e9d\u00e9ral et garantit la protection des droits fondamentaux des citoyens. \u00c0 travers ses d\u00e9cisions, il joue un r\u00f4le essentiel dans le syst\u00e8me d\u00e9mocratique suisse en assurant la justice et l&rsquo;\u00e9galit\u00e9 devant la loi. Fond\u00e9 en 1875, il f\u00eate en 2025 ses 150 ans d&rsquo;existence. Cet \u00e9v\u00e9nement marque un si\u00e8cle et demi d\u2019engagement en faveur d&rsquo;une justice ind\u00e9pendante et impartiale, garantissant les principes de l&rsquo;\u00c9tat de droit.<\/p>\n<p>La pi\u00e8ce bim\u00e9tallique mettant en valeur un symbole fort de la justice, Justitia, sera \u00e9mise afin de comm\u00e9morer cet anniversaire. Justitia est une repr\u00e9sentation all\u00e9gorique de la justice et est traditionnellement d\u00e9peinte avec une \u00e9p\u00e9e et une balance, symbolisant respectivement la force du droit et l\u2019impartialit\u00e9 des jugements. Elle incarne les principes fondamentaux du Tribunal f\u00e9d\u00e9ral : l&rsquo;\u00e9quit\u00e9, l\u2019int\u00e9grit\u00e9 et l\u2019impartialit\u00e9.<\/p>\n<p>L\u2019avers de la pi\u00e8ce montre une repr\u00e9sentation de Justitia, portant une \u00e9p\u00e9e symbolisant l\u2019autorit\u00e9 et la force du droit. Elle est accompagn\u00e9e des ann\u00e9es du jubil\u00e9, \u00ab 1875\u20132025 \u00bb. La mention \u00ab 150 ans \u00bb figure dans les quatre langues nationales (allemand, fran\u00e7ais, italien et romanche), refl\u00e9tant la diversit\u00e9 linguistique et culturelle de la Suisse. La valeur nominale de 10 CHF figure sur le revers de la monnaie sp\u00e9ciale.<\/p>\n<\/div>[vc_row_inner][vc_column_inner width=\u00a0\u00bb2\/3&Prime;]<div class=\"section__text section__text--center intro-animation intro-animation--bottom\"><p>Valeur nominale: 10 francs suisses<br \/>\nAlliage: Cupronickel + Bronze d\u2018aluminium<br \/>\nDiam\u00e8tre: 33 mm<br \/>\nPoids: 15 g<br \/>\nDate d&rsquo;\u00e9mission: 22.05.2025<\/p>\n<p><strong>Tirage<\/strong><br \/>\nFlan bruni: 2&rsquo;000 pi\u00e8ces<br \/>\nNon mise en circulation: 6&rsquo;000 pi\u00e8ces<\/p>\n<p><strong>Prix de vente<\/strong><br \/>\nFlan bruni: CHF 55.-<br \/>\nNon mises en circulation : CHF 15.-<\/p>\n<\/div>[\/vc_column_inner][vc_column_inner width=\u00a0\u00bb1\/3&Prime;]<div class=\"section__image section__image--center intro-animation intro-animation--bottom\"><div class=\"picture_container\" style=\"width: 160px\"><picture><source media=\"(min-width: 768px)\" srcset=\"https:\/\/web-dev.sondermuenze.ch\/wp-content\/uploads\/swissmint-bundesgericht-10fr-bs-620x620px.png\"><source media=\"(max-width: 767.98px)\" srcset=\"https:\/\/web-dev.sondermuenze.ch\/wp-content\/uploads\/swissmint-bundesgericht-10fr-bs-620x620px.png\"><img loading=\"lazy\" decoding=\"async\" src=\"https:\/\/web-dev.sondermuenze.ch\/wp-content\/uploads\/swissmint-bundesgericht-10fr-bs-620x620px.png\" alt=\"Monnaie sp\u00e9ciale 150 ans Tribunal f\u00e9d\u00e9ral\" width=\"620\" height=\"620\" \/><\/picture><\/div><\/div><div class=\"section__image section__image--center intro-animation intro-animation--bottom\"><div class=\"picture_container\" style=\"width: 160px\"><picture><source media=\"(min-width: 768px)\" srcset=\"https:\/\/web-dev.sondermuenze.ch\/wp-content\/uploads\/swissmint-bundesgericht-10fr-ws-620x620px.png\"><source media=\"(max-width: 767.98px)\" srcset=\"https:\/\/web-dev.sondermuenze.ch\/wp-content\/uploads\/swissmint-bundesgericht-10fr-ws-620x620px.png\"><img loading=\"lazy\" decoding=\"async\" src=\"https:\/\/web-dev.sondermuenze.ch\/wp-content\/uploads\/swissmint-bundesgericht-10fr-ws-620x620px.png\" alt=\"Monnaie sp\u00e9ciale 150 ans Tribunal f\u00e9d\u00e9ral\" width=\"620\" height=\"620\" \/><\/picture><\/div><\/div>[\/vc_column_inner][\/vc_row_inner][\/vc_column][\/vc_row]<\/div>","protected":false},"excerpt":{"rendered":"[vc_row][vc_column][vc_row_inner][vc_column_inner width=\u00a0\u00bb2\/3&Prime;][\/vc_column_inner][vc_column_inner width=\u00a0\u00bb1\/3&Prime;][\/vc_column_inner][\/vc_row_inner][\/vc_column][\/vc_row]","protected":false},"author":3,"featured_media":0,"parent":0,"menu_order":33,"comment_status":"closed","ping_status":"closed","template":"","meta":{"_acf_changed":false,"footnotes":""},"class_list":["post-8937","page","type-page","status-publish","hentry"],"acf":[],"_links":{"self":[{"href":"https:\/\/web-dev.sondermuenze.ch\/fr\/wp-json\/wp\/v2\/pages\/8937","targetHints":{"allow":["GET"]}}],"collection":[{"href":"https:\/\/web-dev.sondermuenze.ch\/fr\/wp-json\/wp\/v2\/pages"}],"about":[{"href":"https:\/\/web-dev.sondermuenze.ch\/fr\/wp-json\/wp\/v2\/types\/page"}],"author":[{"embeddable":true,"href":"https:\/\/web-dev.sondermuenze.ch\/fr\/wp-json\/wp\/v2\/users\/3"}],"replies":[{"embeddable":true,"href":"https:\/\/web-dev.sondermuenze.ch\/fr\/wp-json\/wp\/v2\/comments?post=8937"}],"version-history":[{"count":1,"href":"https:\/\/web-dev.sondermuenze.ch\/fr\/wp-json\/wp\/v2\/pages\/8937\/revisions"}],"predecessor-version":[{"id":8949,"href":"https:\/\/web-dev.sondermuenze.ch\/fr\/wp-json\/wp\/v2\/pages\/8937\/revisions\/8949"}],"wp:attachment":[{"href":"https:\/\/web-dev.sondermuenze.ch\/fr\/wp-json\/wp\/v2\/media?parent=8937"}],"curies":[{"name":"wp","href":"https:\/\/api.w.org\/{rel}","templated":true}]}}