{"id":8978,"date":"2025-06-12T12:59:52","date_gmt":"2025-06-12T10:59:52","guid":{"rendered":"https:\/\/web-dev.sondermuenze.ch\/?page_id=8978"},"modified":"2025-06-12T13:11:58","modified_gmt":"2025-06-12T11:11:58","slug":"piece-argent-la-suisse","status":"publish","type":"page","link":"https:\/\/web-dev.sondermuenze.ch\/fr\/piece-argent-la-suisse\/","title":{"rendered":"Pi\u00e8ce d\u2019argent La Suisse"},"content":{"rendered":"<div class=\"wpb-content-wrapper\">[vc_row][vc_column]<div class=\"section__text section__text--lead section__text--center intro-animation intro-animation--bottom\"><h1>Pi\u00e8ce d\u2019argent La Suisse<\/h1>\n<p>La pi\u00e8ce d&rsquo;argent \u00ab La Suisse \u00bb offre une repr\u00e9sentation fascinante de notre pays sous toutes ses facettes. Le sens du d\u00e9tail caract\u00e9rise le design, qui comporte de nombreux symboles repr\u00e9sentant la diversit\u00e9 et l&rsquo;unit\u00e9 de la Suisse.<\/p>\n<p>Le 12 septembre 1848, la Suisse moderne entrait en vigueur avec la Constitution f\u00e9d\u00e9rale, en tant qu&rsquo;\u00c9tat f\u00e9d\u00e9ral issu du regroupement des cantons. Cette date est honor\u00e9e par l&rsquo;\u00e9mission de cette pi\u00e8ce qui rend hommage \u00e0 notre structure f\u00e9d\u00e9rale. Cette structure est d\u00e9terminante pour la force d&rsquo;innovation, le dialogue et la coh\u00e9sion nationale de la Suisse.<\/p>\n<p>Cette monnaie sp\u00e9ciale symbolise la Suisse et tous ses cantons. Sur l\u2019avers de la pi\u00e8ce, sont repr\u00e9sent\u00e9s les montagnes \u00e9voquant les Alpes suisses, un chemin de fer en r\u00e9f\u00e9rence au dense r\u00e9seau ferroviaire, l\u2019edelweiss \u00e9tant une fleur alpine embl\u00e9matique, un cristal de quartz faisant \u00e9cho \u00e0 la richesse min\u00e9rale des Alpes ainsi qu\u2019un pont symbolisant des infrastructures techniques. Des roues dent\u00e9es font r\u00e9f\u00e9rence \u00e0 l&rsquo;horlogerie et un fromage symbolise la c\u00e9l\u00e8bre tradition fromag\u00e8re suisse. Les drapeaux des 26 cantons sont repr\u00e9sent\u00e9s sur le revers.<\/p>\n<\/div>[vc_row_inner][vc_column_inner width=\u00a0\u00bb2\/3&Prime;]<div class=\"section__text section__text--center intro-animation intro-animation--bottom\"><p>Valeur nominale: 20 francs suisses<br \/>\nAlliage: argent 999<br \/>\nDiam\u00e8tre: 33 mm<br \/>\nPoids: 20 g<br \/>\nDate d&rsquo;\u00e9mission: 12.09.2024<\/p>\n<p><strong>Tirage<\/strong><br \/>\nFlan bruni: 4&rsquo;800 pi\u00e8ces<br \/>\nFlan bruni avec certificat de l&rsquo;artiste: 200 pi\u00e8ces<br \/>\nNon mises en circulation : 7&rsquo;500 pi\u00e8ces<\/p>\n<p><strong>Prix de vente<\/strong><br \/>\nFlan bruni: CHF 75.-<br \/>\nFlan bruni avec certificat de l&rsquo;artiste: CHF 90.-<br \/>\nNon mises en circulation : CHF 25.-<\/p>\n<\/div>[\/vc_column_inner][vc_column_inner width=\u00a0\u00bb1\/3&Prime;]<div class=\"section__image section__image--center intro-animation intro-animation--bottom\"><div class=\"picture_container\" style=\"width: 160px\"><picture><source media=\"(min-width: 768px)\" srcset=\"https:\/\/web-dev.sondermuenze.ch\/wp-content\/uploads\/swissmint-soldat-schweiz-20fr-bs-620x620px-1.png\"><source media=\"(max-width: 767.98px)\" srcset=\"https:\/\/web-dev.sondermuenze.ch\/wp-content\/uploads\/swissmint-soldat-schweiz-20fr-bs-620x620px-1.png\"><img loading=\"lazy\" decoding=\"async\" src=\"https:\/\/web-dev.sondermuenze.ch\/wp-content\/uploads\/swissmint-soldat-schweiz-20fr-bs-620x620px-1.png\" alt=\"Pi\u00e8ce d\u2019argent La Suisse\" width=\"620\" height=\"620\" \/><\/picture><\/div><\/div><div class=\"section__image section__image--center intro-animation intro-animation--bottom\"><div class=\"picture_container\" style=\"width: 160px\"><picture><source media=\"(min-width: 768px)\" srcset=\"https:\/\/web-dev.sondermuenze.ch\/wp-content\/uploads\/swissmint-soldat-schweiz-20fr-ws-620x620px.png\"><source media=\"(max-width: 767.98px)\" srcset=\"https:\/\/web-dev.sondermuenze.ch\/wp-content\/uploads\/swissmint-soldat-schweiz-20fr-ws-620x620px.png\"><img loading=\"lazy\" decoding=\"async\" src=\"https:\/\/web-dev.sondermuenze.ch\/wp-content\/uploads\/swissmint-soldat-schweiz-20fr-ws-620x620px.png\" alt=\"Pi\u00e8ce d\u2019argent La Suisse\" width=\"620\" height=\"620\" \/><\/picture><\/div><\/div>[\/vc_column_inner][\/vc_row_inner][\/vc_column][\/vc_row]<\/div>","protected":false},"excerpt":{"rendered":"[vc_row][vc_column][vc_row_inner][vc_column_inner width=\u00a0\u00bb2\/3&Prime;][\/vc_column_inner][vc_column_inner width=\u00a0\u00bb1\/3&Prime;][\/vc_column_inner][\/vc_row_inner][\/vc_column][\/vc_row]","protected":false},"author":3,"featured_media":0,"parent":0,"menu_order":80,"comment_status":"closed","ping_status":"closed","template":"","meta":{"_acf_changed":false,"footnotes":""},"class_list":["post-8978","page","type-page","status-publish","hentry"],"acf":[],"_links":{"self":[{"href":"https:\/\/web-dev.sondermuenze.ch\/fr\/wp-json\/wp\/v2\/pages\/8978","targetHints":{"allow":["GET"]}}],"collection":[{"href":"https:\/\/web-dev.sondermuenze.ch\/fr\/wp-json\/wp\/v2\/pages"}],"about":[{"href":"https:\/\/web-dev.sondermuenze.ch\/fr\/wp-json\/wp\/v2\/types\/page"}],"author":[{"embeddable":true,"href":"https:\/\/web-dev.sondermuenze.ch\/fr\/wp-json\/wp\/v2\/users\/3"}],"replies":[{"embeddable":true,"href":"https:\/\/web-dev.sondermuenze.ch\/fr\/wp-json\/wp\/v2\/comments?post=8978"}],"version-history":[{"count":2,"href":"https:\/\/web-dev.sondermuenze.ch\/fr\/wp-json\/wp\/v2\/pages\/8978\/revisions"}],"predecessor-version":[{"id":8995,"href":"https:\/\/web-dev.sondermuenze.ch\/fr\/wp-json\/wp\/v2\/pages\/8978\/revisions\/8995"}],"wp:attachment":[{"href":"https:\/\/web-dev.sondermuenze.ch\/fr\/wp-json\/wp\/v2\/media?parent=8978"}],"curies":[{"name":"wp","href":"https:\/\/api.w.org\/{rel}","templated":true}]}}