{"id":9743,"date":"2025-10-08T08:21:11","date_gmt":"2025-10-08T06:21:11","guid":{"rendered":"https:\/\/web-dev.sondermuenze.ch\/?page_id=9743"},"modified":"2025-10-08T08:27:07","modified_gmt":"2025-10-08T06:27:07","slug":"piece-dargent-tinguely","status":"publish","type":"page","link":"https:\/\/web-dev.sondermuenze.ch\/fr\/piece-dargent-tinguely\/","title":{"rendered":"Pi\u00e8ce d\u2019argent Jean Tinguely"},"content":{"rendered":"<div class=\"wpb-content-wrapper\">[vc_row][vc_column]<div class=\"section__text section__text--lead section__text--center intro-animation intro-animation--bottom\"><h1>Pi\u00e8ce d\u2019argent Jean Tinguely<\/h1>\n<p>Jean Tinguely (1925\u20131991) est un artiste suisse reconnu pour ses sculptures cin\u00e9tiques et ses machines po\u00e9tiques. N\u00e9 \u00e0 Fribourg, il a marqu\u00e9 le monde de l&rsquo;art par son approche ludique et critique, cr\u00e9ant de mat\u00e9riaux recycl\u00e9s des \u0153uvres en mouvement, qui m\u00ealent bruit, m\u00e9canique et esth\u00e9tique. Ses \u0153uvres embl\u00e9matiques, ainsi que sa collaboration avec d&rsquo;autres artistes, comme Niki de Saint Phalle, l&rsquo;ont plac\u00e9 parmi les figures majeures de l&rsquo;art contemporain. L&rsquo;ann\u00e9e 2025 marque le 100\u1d49 anniversaire de sa naissance. Tout au long de l\u2019ann\u00e9e, son h\u00e9ritage artistique sera c\u00e9l\u00e9br\u00e9.<\/p>\n<p>La monnaie sp\u00e9ciale en argent rend hommage \u00e0 l\u2019un des artistes suisses les plus influents du XXe\u00a0si\u00e8cle. Pour Tinguely, la machine \u00e9tait bien plus qu\u2019un simple objet m\u00e9canique : elle incarnait l\u2019humour, la po\u00e9sie et le mouvement perp\u00e9tuel de la vie. Ses \u0153uvres, oscillant entre sagesse et folie, continuent d\u2019inspirer l\u2019art contemporain. L\u2019avers de la pi\u00e8ce met en lumi\u00e8re un \u00e9l\u00e9ment de Eur\u00eaka, la sculpture embl\u00e9matique r\u00e9alis\u00e9e pour l\u2019Exposition nationale suisse de 1964 \u00e0 Lausanne et install\u00e9e aujourd\u2019hui \u00e0 Zurich. Cette \u0153uvre, compos\u00e9e de roues et de m\u00e9canismes enchev\u00eatr\u00e9s, illustre parfaitement la vision de Tinguely, qui cherchait \u00e0 briser les codes de l\u2019art traditionnel en int\u00e9grant de nouveaux mat\u00e9riaux. Le nom \u00ab Jean Tinguely \u00bb figure sur la partie sup\u00e9rieure dans un style collage, un clin d\u2019\u0153il \u00e0 l\u2019une de ses techniques artistiques favorites. L\u2019ann\u00e9e de naissance 1925 est mise en avant, soulignant le centenaire de l\u2019artiste en 2025. Le revers de la pi\u00e8ce repr\u00e9sente un portrait de face de Jean Tinguely, dessin\u00e9 \u00e0 l\u2019aide de traits d\u00e9limitant les contours de son visage. Ce traitement graphique rappelle son univers artistique, o\u00f9 les lignes, les formes et les structures m\u00e9caniques s\u2019assemblent pour donner naissance \u00e0 des \u0153uvres en perp\u00e9tuel mouvement.<\/p>\n<p>La monnaie sp\u00e9ciale \u00ab Jean Tinguely \u00bb est en argent 999 et p\u00e8se 20 g. La valeur nominale de 20 CHF est repr\u00e9sent\u00e9e sur le revers. Le tirage est de 3\u2019500 exemplaires en qualit\u00e9 \u00ab flan bruni \u00bb dans un \u00e9tui, 1&rsquo;000 exemplaires num\u00e9rot\u00e9s \u00ab Collector\u2019s Edition Jean Tinguely \u00bb en qualit\u00e9 \u00ab flan bruni \u00bb, ainsi que 7\u2019500 pi\u00e8ces en qualit\u00e9 \u00ab non mise en circulation \u00bb dans un blister. Le nouveau produit sp\u00e9cial \u00ab Collector\u2019s Edition Jean Tinguely \u00bb comprend une pi\u00e8ce en qualit\u00e9 \u00ab flan bruni \u00bb num\u00e9rot\u00e9e du c\u00f4t\u00e9 de la valeur ainsi qu\u2019un certificat num\u00e9rot\u00e9. Le produit sp\u00e9cial est pr\u00e9sent\u00e9 dans un emballage d\u00e9di\u00e9.<\/p>\n<\/div>[vc_row_inner][vc_column_inner width=\u00a0\u00bb2\/3&Prime;]<div class=\"section__text section__text--center intro-animation intro-animation--bottom\"><p>Valeur nominale: 20 francs suisses<br \/>\nAlliage: argent 999<br \/>\nDiam\u00e8tre: 33 mm<br \/>\nPoids: 20 g<br \/>\nDate d&rsquo;\u00e9mission: 22.05.2025<\/p>\n<p><strong>Tirage<\/strong><br \/>\nFlan bruni: 3&rsquo;500 pi\u00e8ces<br \/>\nNon mises en circulation : 7&rsquo;500 pi\u00e8ces<br \/>\nCollector&rsquo;s Edition Jean Tinguely: 1&rsquo;000 pi\u00e8ces<\/p>\n<p><strong>Prix de vente<\/strong><br \/>\nFlan bruni: CHF 79.-<br \/>\nNon mises en circulation : CHF 25.-<br \/>\nCollector&rsquo;s Edition Jean Tinguely: CHF 100.-<\/p>\n<\/div>[\/vc_column_inner][vc_column_inner width=\u00a0\u00bb1\/3&Prime;]<div class=\"section__image section__image--center intro-animation intro-animation--bottom\"><div class=\"picture_container\" style=\"width: 160px\"><picture><source media=\"(min-width: 768px)\" srcset=\"https:\/\/web-dev.sondermuenze.ch\/wp-content\/uploads\/swissmint-jean-tinguely-bs-620x620px-1.png\"><source media=\"(max-width: 767.98px)\" srcset=\"https:\/\/web-dev.sondermuenze.ch\/wp-content\/uploads\/swissmint-jean-tinguely-bs-620x620px-1.png\"><img loading=\"lazy\" decoding=\"async\" src=\"https:\/\/web-dev.sondermuenze.ch\/wp-content\/uploads\/swissmint-jean-tinguely-bs-620x620px-1.png\" alt=\"Pi\u00e8ce d\u2019argent Tinguely\" width=\"620\" height=\"620\" \/><\/picture><\/div><\/div><div class=\"section__image section__image--center intro-animation intro-animation--bottom\"><div class=\"picture_container\" style=\"width: 160px\"><picture><source media=\"(min-width: 768px)\" srcset=\"https:\/\/web-dev.sondermuenze.ch\/wp-content\/uploads\/swissmint-jean-tinguely-ws-620x620px.png\"><source media=\"(max-width: 767.98px)\" srcset=\"https:\/\/web-dev.sondermuenze.ch\/wp-content\/uploads\/swissmint-jean-tinguely-ws-620x620px.png\"><img loading=\"lazy\" decoding=\"async\" src=\"https:\/\/web-dev.sondermuenze.ch\/wp-content\/uploads\/swissmint-jean-tinguely-ws-620x620px.png\" alt=\"Pi\u00e8ce d\u2019argent Tinguely\" width=\"620\" height=\"620\" \/><\/picture><\/div><\/div>[\/vc_column_inner][\/vc_row_inner][\/vc_column][\/vc_row]<\/div>","protected":false},"excerpt":{"rendered":"[vc_row][vc_column][vc_row_inner][vc_column_inner width=\u00a0\u00bb2\/3&Prime;][\/vc_column_inner][vc_column_inner width=\u00a0\u00bb1\/3&Prime;][\/vc_column_inner][\/vc_row_inner][\/vc_column][\/vc_row]","protected":false},"author":3,"featured_media":0,"parent":0,"menu_order":88,"comment_status":"closed","ping_status":"closed","template":"","meta":{"_acf_changed":false,"footnotes":""},"class_list":["post-9743","page","type-page","status-publish","hentry"],"acf":[],"_links":{"self":[{"href":"https:\/\/web-dev.sondermuenze.ch\/fr\/wp-json\/wp\/v2\/pages\/9743","targetHints":{"allow":["GET"]}}],"collection":[{"href":"https:\/\/web-dev.sondermuenze.ch\/fr\/wp-json\/wp\/v2\/pages"}],"about":[{"href":"https:\/\/web-dev.sondermuenze.ch\/fr\/wp-json\/wp\/v2\/types\/page"}],"author":[{"embeddable":true,"href":"https:\/\/web-dev.sondermuenze.ch\/fr\/wp-json\/wp\/v2\/users\/3"}],"replies":[{"embeddable":true,"href":"https:\/\/web-dev.sondermuenze.ch\/fr\/wp-json\/wp\/v2\/comments?post=9743"}],"version-history":[{"count":1,"href":"https:\/\/web-dev.sondermuenze.ch\/fr\/wp-json\/wp\/v2\/pages\/9743\/revisions"}],"predecessor-version":[{"id":9764,"href":"https:\/\/web-dev.sondermuenze.ch\/fr\/wp-json\/wp\/v2\/pages\/9743\/revisions\/9764"}],"wp:attachment":[{"href":"https:\/\/web-dev.sondermuenze.ch\/fr\/wp-json\/wp\/v2\/media?parent=9743"}],"curies":[{"name":"wp","href":"https:\/\/api.w.org\/{rel}","templated":true}]}}