{"id":9810,"date":"2025-11-20T09:50:42","date_gmt":"2025-11-20T08:50:42","guid":{"rendered":"https:\/\/web-dev.sondermuenze.ch\/?page_id=9810"},"modified":"2025-11-20T10:03:04","modified_gmt":"2025-11-20T09:03:04","slug":"piece-dargent-energie-solaire","status":"publish","type":"page","link":"https:\/\/web-dev.sondermuenze.ch\/fr\/piece-dargent-energie-solaire\/","title":{"rendered":"Pi\u00e8ce d\u2019argent \u00abEnergie solaire\u00bb"},"content":{"rendered":"<div class=\"wpb-content-wrapper\">[vc_row][vc_column]<div class=\"section__text section__text--lead section__text--center intro-animation intro-animation--bottom\"><h1>Pi\u00e8ce d\u2019argent \u00abEnergie solaire\u00bb<\/h1>\n<p>La pi\u00e8ce d\u2019argent de 20 francs \u00ab\u00c9nergie solaire\u00bb, \u00e9mise le 21 juillet 2022, est la deuxi\u00e8me pi\u00e8ce de la s\u00e9rie de trois pi\u00e8ces sur les \u00e9nergies d&rsquo;avenir. En 2021, la monnaie sp\u00e9ciale sur l&rsquo;\u00e9nergie hydraulique \u00e0 \u00e9t\u00e9 \u00e9mise et en 2023 celle sur l&rsquo;\u00e9nergie \u00e9olienne. Les \u00e9l\u00e9ments fluorescents des trois pi\u00e8ces se mettent \u00e0 briller dans l\u2019obscurit\u00e9.<\/p>\n<p>Outre la force hydraulique, le solaire et l&rsquo;\u00e9olien constituent les piliers de la strat\u00e9gie suisse en mati\u00e8re d&rsquo;\u00e9nergies renouvelables, bien qu&rsquo;ils ne soient encore exploit\u00e9s qu&rsquo;en des quantit\u00e9s tr\u00e8s modestes. L&rsquo;utilisation des \u00e9nergies renouvelables, qui sont par d\u00e9finition in\u00e9puisables, nous permettra de r\u00e9duire notre d\u00e9pendance au p\u00e9trole, au gaz et au nucl\u00e9aire et, \u00e0 long terme, m\u00eame d&rsquo;abandonner tout approvisionnement en \u00e9nergies fossiles.<\/p>\n<p>En frappant la s\u00e9rie \u00ab\u00c9nergies d&rsquo;avenir\u00bb, Swissmint entend attirer l&rsquo;attention sur le changement climatique et les \u00e9nergies renouvelables, des th\u00e8mes qui nous concernent toutes et tous de pr\u00e8s.<\/p>\n<p>La pi\u00e8ce en argent de 20 francs avec d\u00e9tails en couleur et \u00e9l\u00e9ments fluorescents, con\u00e7ue par les gaveurs de Swissmint Benjamin L\u00f6bbert (avers) et Remo Mascherini (revers), n\u2019est disponible qu\u2019en qualit\u00e9 flan bruni.<\/p>\n<\/div>[vc_row_inner][vc_column_inner width=\u00a0\u00bb2\/3&Prime;]<div class=\"section__text section__text--center intro-animation intro-animation--bottom\"><p>Valeur nominale: 20 francs suisses<br \/>\nAlliage: argent 825<br \/>\nDiam\u00e8tre: 33 mm<br \/>\nPoids: 20 g<br \/>\nDate d&rsquo;\u00e9mission: 21.07.2022<\/p>\n<p><strong>Tirage<\/strong><br \/>\nFlan bruni: 10&rsquo;00 pi\u00e8ces<\/p>\n<p><strong>Prix de vente<\/strong><br \/>\nFlan bruni: CHF 75.-<\/p>\n<\/div>[\/vc_column_inner][vc_column_inner width=\u00a0\u00bb1\/3&Prime;]<div class=\"section__image section__image--center intro-animation intro-animation--bottom\"><div class=\"picture_container\" style=\"width: 160px\"><picture><source media=\"(min-width: 768px)\" srcset=\"https:\/\/web-dev.sondermuenze.ch\/wp-content\/uploads\/sondermuenze-sonnenenergie-front-swissmint.png\"><source media=\"(max-width: 767.98px)\" srcset=\"https:\/\/web-dev.sondermuenze.ch\/wp-content\/uploads\/sondermuenze-sonnenenergie-front-swissmint.png\"><img loading=\"lazy\" decoding=\"async\" src=\"https:\/\/web-dev.sondermuenze.ch\/wp-content\/uploads\/sondermuenze-sonnenenergie-front-swissmint.png\" alt=\"Pi\u00e8ce d\u2019argent \u00abEnergie solaire\u00bb\" width=\"620\" height=\"620\" \/><\/picture><\/div><\/div><div class=\"section__image section__image--center intro-animation intro-animation--bottom\"><div class=\"picture_container\" style=\"width: 160px\"><picture><source media=\"(min-width: 768px)\" srcset=\"https:\/\/web-dev.sondermuenze.ch\/wp-content\/uploads\/sondermuenze-sonnenenergie-back-swissmint.png\"><source media=\"(max-width: 767.98px)\" srcset=\"https:\/\/web-dev.sondermuenze.ch\/wp-content\/uploads\/sondermuenze-sonnenenergie-back-swissmint.png\"><img loading=\"lazy\" decoding=\"async\" src=\"https:\/\/web-dev.sondermuenze.ch\/wp-content\/uploads\/sondermuenze-sonnenenergie-back-swissmint.png\" alt=\"Pi\u00e8ce d\u2019argent \u00abEnergie solaire\u00bb\" width=\"620\" height=\"620\" \/><\/picture><\/div><\/div>[\/vc_column_inner][\/vc_row_inner][\/vc_column][\/vc_row]<\/div>","protected":false},"excerpt":{"rendered":"[vc_row][vc_column][vc_row_inner][vc_column_inner width=\u00a0\u00bb2\/3&Prime;][\/vc_column_inner][vc_column_inner width=\u00a0\u00bb1\/3&Prime;][\/vc_column_inner][\/vc_row_inner][\/vc_column][\/vc_row]","protected":false},"author":4,"featured_media":0,"parent":0,"menu_order":68,"comment_status":"closed","ping_status":"closed","template":"","meta":{"_acf_changed":false,"footnotes":""},"class_list":["post-9810","page","type-page","status-publish","hentry"],"acf":[],"_links":{"self":[{"href":"https:\/\/web-dev.sondermuenze.ch\/fr\/wp-json\/wp\/v2\/pages\/9810","targetHints":{"allow":["GET"]}}],"collection":[{"href":"https:\/\/web-dev.sondermuenze.ch\/fr\/wp-json\/wp\/v2\/pages"}],"about":[{"href":"https:\/\/web-dev.sondermuenze.ch\/fr\/wp-json\/wp\/v2\/types\/page"}],"author":[{"embeddable":true,"href":"https:\/\/web-dev.sondermuenze.ch\/fr\/wp-json\/wp\/v2\/users\/4"}],"replies":[{"embeddable":true,"href":"https:\/\/web-dev.sondermuenze.ch\/fr\/wp-json\/wp\/v2\/comments?post=9810"}],"version-history":[{"count":3,"href":"https:\/\/web-dev.sondermuenze.ch\/fr\/wp-json\/wp\/v2\/pages\/9810\/revisions"}],"predecessor-version":[{"id":9826,"href":"https:\/\/web-dev.sondermuenze.ch\/fr\/wp-json\/wp\/v2\/pages\/9810\/revisions\/9826"}],"wp:attachment":[{"href":"https:\/\/web-dev.sondermuenze.ch\/fr\/wp-json\/wp\/v2\/media?parent=9810"}],"curies":[{"name":"wp","href":"https:\/\/api.w.org\/{rel}","templated":true}]}}