{"id":4312,"date":"2023-11-02T16:33:04","date_gmt":"2023-11-02T15:33:04","guid":{"rendered":"https:\/\/web-dev.sondermuenze.ch\/?page_id=4312"},"modified":"2023-11-23T10:22:15","modified_gmt":"2023-11-23T09:22:15","slug":"high-relief-fst","status":"publish","type":"page","link":"https:\/\/web-dev.sondermuenze.ch\/it\/high-relief-fst\/","title":{"rendered":"Moneta speciale &#8220;High Relief FST&#8221;"},"content":{"rendered":"<div class=\"wpb-content-wrapper\">[vc_row][vc_column]<div class=\"section__text section__text--lead section__text--center intro-animation intro-animation--bottom\"><h1>Moneta speciale &#8220;High Relief FST&#8221;<\/h1>\n<p>La moneta si \u00e8 ispirata dalla moneta d&#8217;argento &#8220;Federazione sportiva svizzera di tiro&#8221; coniata in giugno 2023 e ha un peso di 1 oz invece dei consueti 20g. \u00c8 stata realizzata in collaborazione con la CIT COIN INVEST AG, con sede nel Liechtenstein, e vuole trasmetter alla popolazione svizzera una visione stimolante della numismatica moderna.<\/p>\n<p>La moneta speciale &#8220;High Relief FST&#8221; \u00e8 stata coniata in edizione limitata di 1\u2019000 esemplari e \u00e8 stata venduta con un certificato numerato da 1 a 1\u2019000. Ogni certificato avr\u00e0 un colore specifico. \u201cQuello della numero 1 sar\u00e0 nero come il centro del bersaglio\u201d commenta Jan Niklas Betz, Vicedirettore Generale e Responsabile Marketing e Vendite di Swissmint, \u201cper indicare che chi la acquister\u00e0 far\u00e0 letteralmente centro\u201d.<\/p>\n<\/div>[vc_row_inner][vc_column_inner width=&#8221;2\/3&#8243;]<div class=\"section__text section__text--center intro-animation intro-animation--bottom\"><p>Valore nominale: 20 franchi svizzeri<br \/>\nAstista: Vito Noto, Lugano<br \/>\nLega: Argento 999<br \/>\nDiametro: 38.61 mm<br \/>\nPeso: 31.1 g \/ 1 Unze<br \/>\nData di emissione: 29.10.2023<\/p>\n<p><strong>Tiratura<\/strong><br \/>\nFondo specchio in frame box con certificato di autenticit\u00e0 numerato: 1&#8217;000 pezzi<\/p>\n<p><strong>Prezzo indicativo<\/strong><br \/>\nFondo specchio in frame box con certificato di autenticit\u00e0 numerato: CHF 135.-<\/p>\n<p><strong>Conio ed emissione<\/strong><br \/>\nCIT Coin Invest Balzers in collaborazione con Eidgen\u00f6ssische M\u00fcnzst\u00e4tte Swissmint, CH-3003 Berna<\/p>\n<\/div>[\/vc_column_inner][vc_column_inner width=&#8221;1\/3&#8243;]<div class=\"section__image section__image--center intro-animation intro-animation--bottom\"><div class=\"picture_container\" style=\"width: 160px\"><picture><source media=\"(min-width: 768px)\" srcset=\"https:\/\/web-dev.sondermuenze.ch\/wp-content\/uploads\/30451-schutzentaler-1824-2024-r-620x620px.png\"><source media=\"(max-width: 767.98px)\" srcset=\"https:\/\/web-dev.sondermuenze.ch\/wp-content\/uploads\/30451-schutzentaler-1824-2024-r-620x620px.png\"><img loading=\"lazy\" decoding=\"async\" src=\"https:\/\/web-dev.sondermuenze.ch\/wp-content\/uploads\/30451-schutzentaler-1824-2024-r-620x620px.png\" alt=\"High Relief FST\" width=\"620\" height=\"620\" \/><\/picture><\/div><\/div><div class=\"section__image section__image--center intro-animation intro-animation--bottom\"><div class=\"picture_container\" style=\"width: 160px\"><picture><source media=\"(min-width: 768px)\" srcset=\"https:\/\/web-dev.sondermuenze.ch\/wp-content\/uploads\/30451-schutzentaler-1824-2024-o-620x620px.png\"><source media=\"(max-width: 767.98px)\" srcset=\"https:\/\/web-dev.sondermuenze.ch\/wp-content\/uploads\/30451-schutzentaler-1824-2024-o-620x620px.png\"><img loading=\"lazy\" decoding=\"async\" src=\"https:\/\/web-dev.sondermuenze.ch\/wp-content\/uploads\/30451-schutzentaler-1824-2024-o-620x620px.png\" alt=\"High Relief FST\" width=\"620\" height=\"620\" \/><\/picture><\/div><\/div>[\/vc_column_inner][\/vc_row_inner][\/vc_column][\/vc_row]<\/div>","protected":false},"excerpt":{"rendered":"[vc_row][vc_column][vc_row_inner][vc_column_inner width=&#8221;2\/3&#8243;][\/vc_column_inner][vc_column_inner width=&#8221;1\/3&#8243;][\/vc_column_inner][\/vc_row_inner][\/vc_column][\/vc_row]","protected":false},"author":3,"featured_media":0,"parent":0,"menu_order":113,"comment_status":"closed","ping_status":"closed","template":"","meta":{"_acf_changed":false,"footnotes":""},"class_list":["post-4312","page","type-page","status-publish","hentry"],"acf":[],"_links":{"self":[{"href":"https:\/\/web-dev.sondermuenze.ch\/it\/wp-json\/wp\/v2\/pages\/4312","targetHints":{"allow":["GET"]}}],"collection":[{"href":"https:\/\/web-dev.sondermuenze.ch\/it\/wp-json\/wp\/v2\/pages"}],"about":[{"href":"https:\/\/web-dev.sondermuenze.ch\/it\/wp-json\/wp\/v2\/types\/page"}],"author":[{"embeddable":true,"href":"https:\/\/web-dev.sondermuenze.ch\/it\/wp-json\/wp\/v2\/users\/3"}],"replies":[{"embeddable":true,"href":"https:\/\/web-dev.sondermuenze.ch\/it\/wp-json\/wp\/v2\/comments?post=4312"}],"version-history":[{"count":8,"href":"https:\/\/web-dev.sondermuenze.ch\/it\/wp-json\/wp\/v2\/pages\/4312\/revisions"}],"predecessor-version":[{"id":5262,"href":"https:\/\/web-dev.sondermuenze.ch\/it\/wp-json\/wp\/v2\/pages\/4312\/revisions\/5262"}],"wp:attachment":[{"href":"https:\/\/web-dev.sondermuenze.ch\/it\/wp-json\/wp\/v2\/media?parent=4312"}],"curies":[{"name":"wp","href":"https:\/\/api.w.org\/{rel}","templated":true}]}}