{"id":8817,"date":"2025-03-17T08:28:11","date_gmt":"2025-03-17T07:28:11","guid":{"rendered":"https:\/\/web-dev.sondermuenze.ch\/?page_id=8817"},"modified":"2025-03-17T08:27:44","modified_gmt":"2025-03-17T07:27:44","slug":"moneta-dargento-cern","status":"publish","type":"page","link":"https:\/\/web-dev.sondermuenze.ch\/it\/moneta-dargento-cern\/","title":{"rendered":"Moneta d\u2019argento CERN"},"content":{"rendered":"<div class=\"wpb-content-wrapper\">[vc_row][vc_column]<div class=\"section__text section__text--lead section__text--center intro-animation intro-animation--bottom\"><h1>Moneta d\u2019argento CERN<\/h1>\n<p>Il CERN (Laboratorio europeo per la fisica delle particelle) \u00e8 il pi\u00f9 grande laboratorio di fisica delle particelle al mondo. Fondato nel 1954 e con sede a Ginevra, al confine tra Francia e Svizzera, il CERN \u00e8 un&#8217;organizzazione internazionale che riunisce 24 Paesi membri. La sua missione \u00e8 esplorare le leggi fondamentali dell&#8217;universo studiando i pi\u00f9 piccoli costituenti della materia, le particelle.<\/p>\n<p>La moneta speciale d&#8217;argento mette in luce una macchina di punta del CERN, strumento all&#8217;avanguardia della ricerca e dell&#8217;innovazione in Svizzera. L&#8217;LHC (Large Hadron Collider o Grande collisore di adroni), del CERN \u00e8 il pi\u00f9 grande acceleratore di particelle al mondo. Questo anello, con un perimetro di 27 km, permette di accelerare i protoni a una velocit\u00e0 prossima a quella della luce, prima di farli collidere. L&#8217;analisi di queste collisioni permette di approfondire le conoscenze sulla struttura fondamentale della materia e sul funzionamento dell&#8217;Universo. Il dritto della moneta rappresenta una di queste collisioni che generano una moltitudine di particelle, alcune delle quali erano presenti all&#8217;inizio dell&#8217;Universo, subito dopo il Big Bang. Sul rovescio \u00e8 raffigurato un magnete del Large Hadron Collider. Questi magneti superconduttori sono dei gioielli di tecnologia. Generano campi magnetici molto potenti per guidare e concentrare i fasci di particelle nel anello.<\/p>\n<p>La moneta speciale \u00abCern\u00bb \u00e8 realizzata in argento e pesa 20 grammi. Il valore nominale di 20 franchi \u00e8 riportato sul rovescio. La tiratura \u00e8 di 3\u2019500 pezzi nella qualit\u00e0 \u00abfondo specchio\u00bb in astuccio e 7\u2019500 pezzi in qualit\u00e0 \u00abnon messa in circolazione\u00bb in un blister.<\/p>\n<\/div>[vc_row_inner][vc_column_inner width=&#8221;2\/3&#8243;]<div class=\"section__text section__text--center intro-animation intro-animation--bottom\"><p>Valore nominale: 20 franchi svizzeri<br \/>\nLega: argento 999<br \/>\nDiametro: 33 mm<br \/>\nPeso: 20 g<br \/>\nData di emissione: 13.03.2025<\/p>\n<p><strong>Tiratura<\/strong><br \/>\nFondo specchio in astuccio: 3&#8217;500 pezzi<br \/>\nNon messa in circolazione: 7&#8217;500 pezzi<\/p>\n<p><strong>Prezzo<\/strong><br \/>\nFondo specchio in astuccio: CHF 79.-<br \/>\nNon messa in circolazione: CHF 25.-<\/p>\n<\/div>[\/vc_column_inner][vc_column_inner width=&#8221;1\/3&#8243;]<div class=\"section__image section__image--center intro-animation intro-animation--bottom\"><div class=\"picture_container\" style=\"width: 160px\"><picture><source media=\"(min-width: 768px)\" srcset=\"https:\/\/web-dev.sondermuenze.ch\/wp-content\/uploads\/swissmint-cern-20fr-bs-final-620x620px.png\"><source media=\"(max-width: 767.98px)\" srcset=\"https:\/\/web-dev.sondermuenze.ch\/wp-content\/uploads\/swissmint-cern-20fr-bs-final-620x620px.png\"><img loading=\"lazy\" decoding=\"async\" src=\"https:\/\/web-dev.sondermuenze.ch\/wp-content\/uploads\/swissmint-cern-20fr-bs-final-620x620px.png\" alt=\"Moneta d\u2019argento CERN\" width=\"620\" height=\"620\" \/><\/picture><\/div><\/div><div class=\"section__image section__image--center intro-animation intro-animation--bottom\"><div class=\"picture_container\" style=\"width: 160px\"><picture><source media=\"(min-width: 768px)\" srcset=\"https:\/\/web-dev.sondermuenze.ch\/wp-content\/uploads\/swissmint-cern-20fr-ws-final-620x620px.png\"><source media=\"(max-width: 767.98px)\" srcset=\"https:\/\/web-dev.sondermuenze.ch\/wp-content\/uploads\/swissmint-cern-20fr-ws-final-620x620px.png\"><img loading=\"lazy\" decoding=\"async\" src=\"https:\/\/web-dev.sondermuenze.ch\/wp-content\/uploads\/swissmint-cern-20fr-ws-final-620x620px.png\" alt=\"Moneta d\u2019argento CERN\" width=\"620\" height=\"620\" \/><\/picture><\/div><\/div>[\/vc_column_inner][\/vc_row_inner][\/vc_column][\/vc_row]<\/div>","protected":false},"excerpt":{"rendered":"[vc_row][vc_column][vc_row_inner][vc_column_inner width=&#8221;2\/3&#8243;][\/vc_column_inner][vc_column_inner width=&#8221;1\/3&#8243;][\/vc_column_inner][\/vc_row_inner][\/vc_column][\/vc_row]","protected":false},"author":3,"featured_media":0,"parent":0,"menu_order":92,"comment_status":"closed","ping_status":"closed","template":"","meta":{"_acf_changed":false,"footnotes":""},"class_list":["post-8817","page","type-page","status-publish","hentry"],"acf":[],"_links":{"self":[{"href":"https:\/\/web-dev.sondermuenze.ch\/it\/wp-json\/wp\/v2\/pages\/8817","targetHints":{"allow":["GET"]}}],"collection":[{"href":"https:\/\/web-dev.sondermuenze.ch\/it\/wp-json\/wp\/v2\/pages"}],"about":[{"href":"https:\/\/web-dev.sondermuenze.ch\/it\/wp-json\/wp\/v2\/types\/page"}],"author":[{"embeddable":true,"href":"https:\/\/web-dev.sondermuenze.ch\/it\/wp-json\/wp\/v2\/users\/3"}],"replies":[{"embeddable":true,"href":"https:\/\/web-dev.sondermuenze.ch\/it\/wp-json\/wp\/v2\/comments?post=8817"}],"version-history":[{"count":1,"href":"https:\/\/web-dev.sondermuenze.ch\/it\/wp-json\/wp\/v2\/pages\/8817\/revisions"}],"predecessor-version":[{"id":8829,"href":"https:\/\/web-dev.sondermuenze.ch\/it\/wp-json\/wp\/v2\/pages\/8817\/revisions\/8829"}],"wp:attachment":[{"href":"https:\/\/web-dev.sondermuenze.ch\/it\/wp-json\/wp\/v2\/media?parent=8817"}],"curies":[{"name":"wp","href":"https:\/\/api.w.org\/{rel}","templated":true}]}}