{"id":9004,"date":"2025-06-12T13:23:43","date_gmt":"2025-06-12T11:23:43","guid":{"rendered":"https:\/\/web-dev.sondermuenze.ch\/?page_id=9004"},"modified":"2025-06-12T13:35:17","modified_gmt":"2025-06-12T11:35:17","slug":"moneta-dargento-klein-matterhorn","status":"publish","type":"page","link":"https:\/\/web-dev.sondermuenze.ch\/it\/moneta-dargento-klein-matterhorn\/","title":{"rendered":"Moneta d\u2019argento Cabinovia Klein Matterhorn"},"content":{"rendered":"<div class=\"wpb-content-wrapper\">[vc_row][vc_column]<div class=\"section__text section__text--lead section__text--center intro-animation intro-animation--bottom\"><h1>Moneta d\u2019argento Cabinovia Klein Matterhorn<\/h1>\n<p>La moneta d&#8217;argento \u00abCabinovia Klein Matterhorn\u00bb \u00e8 la prima moneta della trilogia sul tema \u00abFunivie svizzere\u00bb. L&#8217;iniziativa rende omaggio a un importante progetto di Zermatt che sar\u00e0 completato entro l&#8217;estate del 2023: con il collegamento continuo tutto l&#8217;anno tra Zermatt e Cervinia (Italia), grazie al Matterhorn Alpine Crossing, una visione a lungo desiderata diventer\u00e0 realt\u00e0 dopo pi\u00f9 di 80 anni.<\/p>\n<\/div>[vc_row_inner][vc_column_inner width=&#8221;2\/3&#8243;]<div class=\"section__text section__text--center intro-animation intro-animation--bottom\"><p>Valore nominale: 20 franchi svizzeri<br \/>\nLega: argento 999<br \/>\nDiametro: 33 mm<br \/>\nPeso: 20 g<br \/>\nData di emissione: 21.03.2023<\/p>\n<p><strong>Tiratura<\/strong><br \/>\nFondo specchio in astuccio: 3&#8217;050 pezzi<br \/>\nFondo specchio con certificato dell\u2019artista: 200 pezzi<br \/>\nNon messa in circolazione: 11&#8217;000 pezzi<\/p>\n<p><strong>Prezzo<\/strong><br \/>\nFondo specchio in astuccio: CHF 75.-<br \/>\nFondo specchio con certificato dell\u2019artista: CHF 90.-<br \/>\nNon messa in circolazione: CHF 25.-<\/p>\n<\/div>[\/vc_column_inner][vc_column_inner width=&#8221;1\/3&#8243;]<div class=\"section__image section__image--center intro-animation intro-animation--bottom\"><div class=\"picture_container\" style=\"width: 160px\"><picture><source media=\"(min-width: 768px)\" srcset=\"https:\/\/web-dev.sondermuenze.ch\/wp-content\/uploads\/swissmint-soldat-seilbahn-kl-matterhorn-bs.png\"><source media=\"(max-width: 767.98px)\" srcset=\"https:\/\/web-dev.sondermuenze.ch\/wp-content\/uploads\/swissmint-soldat-seilbahn-kl-matterhorn-bs.png\"><img loading=\"lazy\" decoding=\"async\" src=\"https:\/\/web-dev.sondermuenze.ch\/wp-content\/uploads\/swissmint-soldat-seilbahn-kl-matterhorn-bs.png\" alt=\"Moneta d\u2019argento Cabinovia Klein Matterhorn\" width=\"620\" height=\"620\" \/><\/picture><\/div><\/div><div class=\"section__image section__image--center intro-animation intro-animation--bottom\"><div class=\"picture_container\" style=\"width: 160px\"><picture><source media=\"(min-width: 768px)\" srcset=\"https:\/\/web-dev.sondermuenze.ch\/wp-content\/uploads\/swissmint-soldat-seilbahn-kl-matterhorn-ws-1-1.png\"><source media=\"(max-width: 767.98px)\" srcset=\"https:\/\/web-dev.sondermuenze.ch\/wp-content\/uploads\/swissmint-soldat-seilbahn-kl-matterhorn-ws-1-1.png\"><img loading=\"lazy\" decoding=\"async\" src=\"https:\/\/web-dev.sondermuenze.ch\/wp-content\/uploads\/swissmint-soldat-seilbahn-kl-matterhorn-ws-1-1.png\" alt=\"Moneta d\u2019argento Cabinovia Klein Matterhorn\" width=\"620\" height=\"620\" \/><\/picture><\/div><\/div>[\/vc_column_inner][\/vc_row_inner][\/vc_column][\/vc_row]<\/div>","protected":false},"excerpt":{"rendered":"[vc_row][vc_column][vc_row_inner][vc_column_inner width=&#8221;2\/3&#8243;][\/vc_column_inner][vc_column_inner width=&#8221;1\/3&#8243;][\/vc_column_inner][\/vc_row_inner][\/vc_column][\/vc_row]","protected":false},"author":3,"featured_media":0,"parent":0,"menu_order":75,"comment_status":"closed","ping_status":"closed","template":"","meta":{"_acf_changed":false,"footnotes":""},"class_list":["post-9004","page","type-page","status-publish","hentry"],"acf":[],"_links":{"self":[{"href":"https:\/\/web-dev.sondermuenze.ch\/it\/wp-json\/wp\/v2\/pages\/9004","targetHints":{"allow":["GET"]}}],"collection":[{"href":"https:\/\/web-dev.sondermuenze.ch\/it\/wp-json\/wp\/v2\/pages"}],"about":[{"href":"https:\/\/web-dev.sondermuenze.ch\/it\/wp-json\/wp\/v2\/types\/page"}],"author":[{"embeddable":true,"href":"https:\/\/web-dev.sondermuenze.ch\/it\/wp-json\/wp\/v2\/users\/3"}],"replies":[{"embeddable":true,"href":"https:\/\/web-dev.sondermuenze.ch\/it\/wp-json\/wp\/v2\/comments?post=9004"}],"version-history":[{"count":1,"href":"https:\/\/web-dev.sondermuenze.ch\/it\/wp-json\/wp\/v2\/pages\/9004\/revisions"}],"predecessor-version":[{"id":9016,"href":"https:\/\/web-dev.sondermuenze.ch\/it\/wp-json\/wp\/v2\/pages\/9004\/revisions\/9016"}],"wp:attachment":[{"href":"https:\/\/web-dev.sondermuenze.ch\/it\/wp-json\/wp\/v2\/media?parent=9004"}],"curies":[{"name":"wp","href":"https:\/\/api.w.org\/{rel}","templated":true}]}}