{"id":9745,"date":"2025-10-08T08:21:11","date_gmt":"2025-10-08T06:21:11","guid":{"rendered":"https:\/\/web-dev.sondermuenze.ch\/?page_id=9745"},"modified":"2025-10-08T08:29:56","modified_gmt":"2025-10-08T06:29:56","slug":"moneta-dargento-tinguely","status":"publish","type":"page","link":"https:\/\/web-dev.sondermuenze.ch\/it\/moneta-dargento-tinguely\/","title":{"rendered":"Moneta d\u2019argento Jean Tinguely"},"content":{"rendered":"<div class=\"wpb-content-wrapper\">[vc_row][vc_column]<div class=\"section__text section__text--lead section__text--center intro-animation intro-animation--bottom\"><h1>Moneta d\u2019argento Jean Tinguely<\/h1>\n<p>Jean Tinguely (1925-1991) \u00e8 un artista svizzero noto per le sue sculture cinetiche e le sue macchine poetiche. Nato a Friburgo, ha lasciato il segno nel mondo dell&#8217;arte con il suo approccio ludico e critico, creando con materiali riciclati opere in movimento realizzate, che mescolano rumore, meccanica ed estetica. Le sue opere emblematiche, cos\u00ec come la sua collaborazione con altri artisti, come Niki de Saint Phalle, lo hanno reso una delle figure di spicco dell&#8217;arte contemporanea. Il 2025 segna il centenario della sua nascita e per tutto l\u2019anno si celebrer\u00e0 la sua eredit\u00e0 artistica.<\/p>\n<p>La moneta speciale d&#8217;argento rende omaggio a uno degli artisti svizzeri pi\u00f9 influenti del XX secolo. Per Tinguely, la macchina era molto pi\u00f9 di un semplice oggetto meccanico: incarnava l&#8217;umorismo, la poesia e il perpetuo movimento della vita. Le sue opere, che oscillano tra saggezza e follia, continuano a ispirare l&#8217;arte contemporanea. Il dritto della moneta mette in luce un elemento di Heureka, l&#8217;emblematica scultura realizzata per l&#8217;Esposizione nazionale svizzera del 1964 a Losanna e oggi installata a Zurigo. Quest&#8217;opera, composta da ruote e meccanismi intrecciati, illustra perfettamente la visione di Tinguely, che cercava di rompere i codici dell&#8217;arte tradizionale integrando nuovi materiali. Il nome \u00abJean Tinguely\u00bb \u00e8 riportato nella parte superiore in stile collage, un cenno a una delle sue tecniche artistiche preferite. L&#8217;anno di nascita 1925 \u00e8 in evidenza, a sottolineare il 100\u00b0 compleanno dell&#8217;artista nel 2025. Il rovescio della moneta raffigura un ritratto frontale di Jean Tinguely, disegnato con tratti che delimitano i contorni del suo viso. Questa elaborazione grafica ricorda il suo universo artistico, in cui linee, forme e strutture meccaniche si uniscono per dare vita a opere in perenne movimento.<\/p>\n<p>La moneta speciale \u00abJean Tinguely\u00bb \u00e8 realizzata in argento 999 e pesa 20 grammi. Il valore nominale di 20 franchi \u00e8 riportato sul rovescio. La tiratura \u00e8 di 3\u2019500 pezzi nella qualit\u00e0 \u00abfondo specchio\u00bb in astuccio, 1&#8217;000 pezzi numerati \u00abCollector\u2019s Edition Jean Tinguely\u00bb nella qualit\u00e0 \u00abfondo specchio\u00bb e 7\u2019500 pezzi in qualit\u00e0 \u00abnon messa in circolazione\u00bb in un blister. Il nuovo prodotto speciale \u00abCollector\u2019s Edition Jean Tinguely\u00bb contiene una moneta numerata sul rovescio in qualit\u00e0 \u00abfondo specchio\u00bb e un certificato numerato. Il prodotto \u00e8 presentato in un imballaggio speciale.<\/p>\n<\/div>[vc_row_inner][vc_column_inner width=&#8221;2\/3&#8243;]<div class=\"section__text section__text--center intro-animation intro-animation--bottom\"><p>Valore nominale: 20 franchi svizzeri<br \/>\nLega: argento 999<br \/>\nDiametro: 33 mm<br \/>\nPeso: 20 g<br \/>\nData di emissione: 22.05.2025<\/p>\n<p><strong>Tiratura<\/strong><br \/>\nFondo specchio in astuccio: 3&#8217;500 pezzi<br \/>\nNon messa in circolazione: 7&#8217;500 pezzi<br \/>\nCollecor&#8217;s Edition Jean Tinguely: 1&#8217;000 pezzi<\/p>\n<p><strong>Prezzo<\/strong><br \/>\nFondo specchio in astuccio: CHF 79.-<br \/>\nNon messa in circolazione: CHF 25.-<br \/>\nCollector&#8217;s Edition Jean Tinguely: CHF 100.-<\/p>\n<\/div>[\/vc_column_inner][vc_column_inner width=&#8221;1\/3&#8243;]<div class=\"section__image section__image--center intro-animation intro-animation--bottom\"><div class=\"picture_container\" style=\"width: 160px\"><picture><source media=\"(min-width: 768px)\" srcset=\"https:\/\/web-dev.sondermuenze.ch\/wp-content\/uploads\/swissmint-jean-tinguely-bs-620x620px-1.png\"><source media=\"(max-width: 767.98px)\" srcset=\"https:\/\/web-dev.sondermuenze.ch\/wp-content\/uploads\/swissmint-jean-tinguely-bs-620x620px-1.png\"><img loading=\"lazy\" decoding=\"async\" src=\"https:\/\/web-dev.sondermuenze.ch\/wp-content\/uploads\/swissmint-jean-tinguely-bs-620x620px-1.png\" alt=\"Moneta d\u2019argento Tinguely\" width=\"620\" height=\"620\" \/><\/picture><\/div><\/div><div class=\"section__image section__image--center intro-animation intro-animation--bottom\"><div class=\"picture_container\" style=\"width: 160px\"><picture><source media=\"(min-width: 768px)\" srcset=\"https:\/\/web-dev.sondermuenze.ch\/wp-content\/uploads\/swissmint-jean-tinguely-ws-620x620px.png\"><source media=\"(max-width: 767.98px)\" srcset=\"https:\/\/web-dev.sondermuenze.ch\/wp-content\/uploads\/swissmint-jean-tinguely-ws-620x620px.png\"><img loading=\"lazy\" decoding=\"async\" src=\"https:\/\/web-dev.sondermuenze.ch\/wp-content\/uploads\/swissmint-jean-tinguely-ws-620x620px.png\" alt=\"Moneta d\u2019argento Tinguely\" width=\"620\" height=\"620\" \/><\/picture><\/div><\/div>[\/vc_column_inner][\/vc_row_inner][\/vc_column][\/vc_row]<\/div>","protected":false},"excerpt":{"rendered":"[vc_row][vc_column][vc_row_inner][vc_column_inner width=&#8221;2\/3&#8243;][\/vc_column_inner][vc_column_inner width=&#8221;1\/3&#8243;][\/vc_column_inner][\/vc_row_inner][\/vc_column][\/vc_row]","protected":false},"author":3,"featured_media":0,"parent":0,"menu_order":89,"comment_status":"closed","ping_status":"closed","template":"","meta":{"_acf_changed":false,"footnotes":""},"class_list":["post-9745","page","type-page","status-publish","hentry"],"acf":[],"_links":{"self":[{"href":"https:\/\/web-dev.sondermuenze.ch\/it\/wp-json\/wp\/v2\/pages\/9745","targetHints":{"allow":["GET"]}}],"collection":[{"href":"https:\/\/web-dev.sondermuenze.ch\/it\/wp-json\/wp\/v2\/pages"}],"about":[{"href":"https:\/\/web-dev.sondermuenze.ch\/it\/wp-json\/wp\/v2\/types\/page"}],"author":[{"embeddable":true,"href":"https:\/\/web-dev.sondermuenze.ch\/it\/wp-json\/wp\/v2\/users\/3"}],"replies":[{"embeddable":true,"href":"https:\/\/web-dev.sondermuenze.ch\/it\/wp-json\/wp\/v2\/comments?post=9745"}],"version-history":[{"count":1,"href":"https:\/\/web-dev.sondermuenze.ch\/it\/wp-json\/wp\/v2\/pages\/9745\/revisions"}],"predecessor-version":[{"id":9765,"href":"https:\/\/web-dev.sondermuenze.ch\/it\/wp-json\/wp\/v2\/pages\/9745\/revisions\/9765"}],"wp:attachment":[{"href":"https:\/\/web-dev.sondermuenze.ch\/it\/wp-json\/wp\/v2\/media?parent=9745"}],"curies":[{"name":"wp","href":"https:\/\/api.w.org\/{rel}","templated":true}]}}