{"id":9812,"date":"2025-11-20T09:50:42","date_gmt":"2025-11-20T08:50:42","guid":{"rendered":"https:\/\/web-dev.sondermuenze.ch\/?page_id=9812"},"modified":"2025-11-20T10:03:24","modified_gmt":"2025-11-20T09:03:24","slug":"moneta-dargento-energia-solare","status":"publish","type":"page","link":"https:\/\/web-dev.sondermuenze.ch\/it\/moneta-dargento-energia-solare\/","title":{"rendered":"Moneta d\u2019argento \u00abEnergia solare\u00bb"},"content":{"rendered":"<div class=\"wpb-content-wrapper\">[vc_row][vc_column]<div class=\"section__text section__text--lead section__text--center intro-animation intro-animation--bottom\"><h1>Moneta d\u2019argento \u00abEnergia solare\u00bb<\/h1>\n<p>La moneta d&#8217;argento da 20 franchi \u00abEnergia solare\u00bb, emessa il 21 luglio 2022, \u00e8 la seconda moneta della serie di tre monete dedicate alle energie del futuro. Nel 2021 \u00e8 stata emessa la moneta speciale dedicata all&#8217;energia idraulica e nel 2023 sar\u00e0 la volta di quella dedicata all&#8217;energia eolica. Gli elementi fluorescenti delle tre monete brillano al buio.<\/p>\n<p>Oltre all\u2019energia idroelettrica, l\u2019energia solare e l\u2019energia eolica costituiscono i pilastri principali delle energie rinnovabili in Svizzera, anche se sfruttate in modo pi\u00f9 contenuto rispetto alla prima. L\u2019utilizzo delle energie rinnovabili inesauribili dovrebbe contribuire a ridurre la dipendenza dal petrolio e dal gas cos\u00ec come dalla tecnologia nucleare e, a lungo termine, a cercare di eliminare gradualmente il fabbisogno energetico di origine fossile.<\/p>\n<p>Con la serie \u00abEnergia del futuro\u00bb Swissmint vuole porre l\u2019accento sull\u2019importanza dei temi riguardanti il cambiamento climatico e le energie rinnovabili.<\/p>\n<p>La moneta d\u2019argento da 20 franchi a colori e con elementi fluorescenti \u00e8 una creazione degli incisori di Swissmint Benjamin L\u00f6bbert (diritto) e Remo Mascherini (rovescio). \u00c8 ottenibile in edizione limitata esclusivamente nella versione fondo specchio.<\/p>\n<\/div>[vc_row_inner][vc_column_inner width=&#8221;2\/3&#8243;]<div class=\"section__text section__text--center intro-animation intro-animation--bottom\"><p>Valore nominale: 20 franchi svizzeri<br \/>\nLega: argento 825<br \/>\nDiametro: 33 mm<br \/>\nPeso: 20 g<br \/>\nData di emissione: 21.07.2022<\/p>\n<p><strong>Tiratura<\/strong><br \/>\nFondo specchio in astuccio: 10&#8217;000 pezzi<\/p>\n<p><strong>Prezzo<\/strong><br \/>\nFondo specchio in astuccio: CHF 75.-<\/p>\n<\/div>[\/vc_column_inner][vc_column_inner width=&#8221;1\/3&#8243;]<div class=\"section__image section__image--center intro-animation intro-animation--bottom\"><div class=\"picture_container\" style=\"width: 160px\"><picture><source media=\"(min-width: 768px)\" srcset=\"https:\/\/web-dev.sondermuenze.ch\/wp-content\/uploads\/sondermuenze-sonnenenergie-front-swissmint.png\"><source media=\"(max-width: 767.98px)\" srcset=\"https:\/\/web-dev.sondermuenze.ch\/wp-content\/uploads\/sondermuenze-sonnenenergie-front-swissmint.png\"><img loading=\"lazy\" decoding=\"async\" src=\"https:\/\/web-dev.sondermuenze.ch\/wp-content\/uploads\/sondermuenze-sonnenenergie-front-swissmint.png\" alt=\"Moneta d\u2019argento \u00abEnergia solare\u00bb\" width=\"620\" height=\"620\" \/><\/picture><\/div><\/div><div class=\"section__image section__image--center intro-animation intro-animation--bottom\"><div class=\"picture_container\" style=\"width: 160px\"><picture><source media=\"(min-width: 768px)\" srcset=\"https:\/\/web-dev.sondermuenze.ch\/wp-content\/uploads\/sondermuenze-sonnenenergie-back-swissmint.png\"><source media=\"(max-width: 767.98px)\" srcset=\"https:\/\/web-dev.sondermuenze.ch\/wp-content\/uploads\/sondermuenze-sonnenenergie-back-swissmint.png\"><img loading=\"lazy\" decoding=\"async\" src=\"https:\/\/web-dev.sondermuenze.ch\/wp-content\/uploads\/sondermuenze-sonnenenergie-back-swissmint.png\" alt=\"Moneta d\u2019argento \u00abEnergia solare\u00bb\" width=\"620\" height=\"620\" \/><\/picture><\/div><\/div>[\/vc_column_inner][\/vc_row_inner][\/vc_column][\/vc_row]<\/div>","protected":false},"excerpt":{"rendered":"[vc_row][vc_column][vc_row_inner][vc_column_inner width=&#8221;2\/3&#8243;][\/vc_column_inner][vc_column_inner width=&#8221;1\/3&#8243;][\/vc_column_inner][\/vc_row_inner][\/vc_column][\/vc_row]","protected":false},"author":4,"featured_media":0,"parent":0,"menu_order":70,"comment_status":"closed","ping_status":"closed","template":"","meta":{"_acf_changed":false,"footnotes":""},"class_list":["post-9812","page","type-page","status-publish","hentry"],"acf":[],"_links":{"self":[{"href":"https:\/\/web-dev.sondermuenze.ch\/it\/wp-json\/wp\/v2\/pages\/9812","targetHints":{"allow":["GET"]}}],"collection":[{"href":"https:\/\/web-dev.sondermuenze.ch\/it\/wp-json\/wp\/v2\/pages"}],"about":[{"href":"https:\/\/web-dev.sondermuenze.ch\/it\/wp-json\/wp\/v2\/types\/page"}],"author":[{"embeddable":true,"href":"https:\/\/web-dev.sondermuenze.ch\/it\/wp-json\/wp\/v2\/users\/4"}],"replies":[{"embeddable":true,"href":"https:\/\/web-dev.sondermuenze.ch\/it\/wp-json\/wp\/v2\/comments?post=9812"}],"version-history":[{"count":2,"href":"https:\/\/web-dev.sondermuenze.ch\/it\/wp-json\/wp\/v2\/pages\/9812\/revisions"}],"predecessor-version":[{"id":9827,"href":"https:\/\/web-dev.sondermuenze.ch\/it\/wp-json\/wp\/v2\/pages\/9812\/revisions\/9827"}],"wp:attachment":[{"href":"https:\/\/web-dev.sondermuenze.ch\/it\/wp-json\/wp\/v2\/media?parent=9812"}],"curies":[{"name":"wp","href":"https:\/\/api.w.org\/{rel}","templated":true}]}}